{"id":56040,"date":"2024-03-06T11:14:47","date_gmt":"2024-03-06T04:14:47","guid":{"rendered":"https:\/\/mouldking.store\/shop\/moc-factory-88840-z-95-headhunter-with-933-pieces\/"},"modified":"2025-12-16T20:59:13","modified_gmt":"2025-12-16T13:59:13","slug":"moc-factory-88840-z-95-headhunter-with-933-pieces","status":"publish","type":"product","link":"https:\/\/mouldking.store\/hu\/shop\/moc-factory-88840-z-95-headhunter-with-933-pieces\/","title":{"rendered":"MOC Factory 88840 Z-95 Headhunter with 933 Pieces"},"content":{"rendered":"<div>\u2705 MOC-88840 Z-95 Headhunter<\/p>\n<p>\u2705The Z-95 Headhunter is a starfighter in the Star Wars universe known for its versatility and widespread use.&nbsp;<\/p>\n<p>\ud83d\udeab FONTOS!<\/p>\n<p>Product Name: Z-95 Headhunter<\/p>\n<p>Kateg\u00f3ria: Star Wars<\/p>\n<p>This Kit Contains: C9856<\/p>\n<p>933 pcs Good Quality Bricks<\/p>\n<p>Size: 52 x 50 x 18 cm<\/p>\n<p>Weight: 0.83 kg<\/p>\n<p>PDF \u00datmutat\u00f3<\/p>\n<p>\ud83d\udcccA f\u0151szerepl\u0151 term\u00e9szete<\/p>\n<p>Introducing our proud collection named \u201cZ-95 Headhunter\u201d you should not miss.<\/p>\n<p>The Z-95 Headhunter has a distinct and rugged design, featuring a compact fuselage with forward-swept wings and a large cockpit. Its appearance reflects its role as a versatile and adaptable starfighter. The ship has a central cockpit for the pilot, flanked by two large engines on either side. The wings typically have mounted blaster cannons or missile launchers, making the Z-95 a formidable combat craft.<\/p><\/div>","protected":false},"excerpt":{"rendered":"<p>M\u00e1rka: MOC Factory<br \/>\nNem: Uniszex<br \/>\nKoroszt\u00e1ly: &gt; 6 \u00e9v<br \/>\nModel Number: 88840<br \/>\nBesorol\u00e1s: \u00d6sszeszerel\u00e9s<br \/>\nM\u0171anyag blokk forma: \u00f6nz\u00e1r\u00f3 t\u00e9gla<br \/>\nAnyaga: M\u0171anyag<br \/>\nM\u0171anyag t\u00edpus: ABS<br \/>\nBricks Blocks: 933 +<br \/>\nEredeti doboza nincs<\/p>","protected":false},"featured_media":56039,"comment_status":"open","ping_status":"closed","template":"","meta":{"_acf_changed":false},"product_cat":[1357,6016,415,364],"product_tag":[13062,2276,436,389],"class_list":["product","first","instock","shipping-taxable","purchasable","product-type-simple"],"acf":[],"_links":{"self":[{"href":"https:\/\/mouldking.store\/hu\/wp-json\/wp\/v2\/product\/56040","targetHints":{"allow":["GET"]}}],"collection":[{"href":"https:\/\/mouldking.store\/hu\/wp-json\/wp\/v2\/product"}],"about":[{"href":"https:\/\/mouldking.store\/hu\/wp-json\/wp\/v2\/types\/product"}],"replies":[{"embeddable":true,"href":"https:\/\/mouldking.store\/hu\/wp-json\/wp\/v2\/comments?post=56040"}],"wp:featuredmedia":[{"embeddable":true,"href":"https:\/\/mouldking.store\/hu\/wp-json\/wp\/v2\/media\/56039"}],"wp:attachment":[{"href":"https:\/\/mouldking.store\/hu\/wp-json\/wp\/v2\/media?parent=56040"}],"wp:term":[{"taxonomy":"product_cat","embeddable":true,"href":"https:\/\/mouldking.store\/hu\/wp-json\/wp\/v2\/product_cat?post=56040"},{"taxonomy":"product_tag","embeddable":true,"href":"https:\/\/mouldking.store\/hu\/wp-json\/wp\/v2\/product_tag?post=56040"}],"curies":[{"name":"wp","href":"https:\/\/api.w.org\/{rel}","templated":true}]}}