{"id":56048,"date":"2024-03-06T11:20:09","date_gmt":"2024-03-06T04:20:09","guid":{"rendered":"https:\/\/mouldking.store\/shop\/moc-factory-108474-eta-class-shuttle-with-1466-pieces\/"},"modified":"2025-12-16T20:59:13","modified_gmt":"2025-12-16T13:59:13","slug":"moc-factory-108474-eta-class-shuttle-with-1466-pieces","status":"publish","type":"product","link":"https:\/\/mouldking.store\/hu\/shop\/moc-factory-108474-eta-class-shuttle-with-1466-pieces\/","title":{"rendered":"MOC Factory 108474 Eta-oszt\u00e1ly\u00fa \u0171rsikl\u00f3 1466 darabbal"},"content":{"rendered":"<div>\u2705 MOC-108474 Eta-class Shuttle<\/p>\n<p>\u2705The Eta-class shuttle is a sleek and elegant starship used primarily by the Jedi Order during the final years of the Galactic Republic in the Star Wars universe.&nbsp;<\/p>\n<p>\ud83d\udeab FONTOS!<\/p>\n<p>Product Name: Eta-class Shuttle<\/p>\n<p>Kateg\u00f3ria: Star Wars<\/p>\n<p>This Kit Contains: C9857<\/p>\n<p>1466 pcs Good Quality Bricks<\/p>\n<p>Size: 80 x 13 x 50 cm<\/p>\n<p>Weight: 1.19 kg<\/p>\n<p>PDF \u00datmutat\u00f3<\/p>\n<p>\ud83d\udcccA f\u0151szerepl\u0151 term\u00e9szete<\/p>\n<p>Introducing our proud collection named \u201cEta-class Shuttle\u201d you should not miss.<\/p>\n<p>The Eta-class shuttle features a slender and streamlined design, with swept-back wings and a pointed nosecone. Its graceful curves and sleek profile make it a visually striking starship. The shuttle typically has a white and silver color scheme, with gold or yellow accents, reflecting the aesthetics of the Jedi Order. The Eta-class shuttle serves as a versatile transport and diplomatic vessel for the Jedi Order, capable of carrying Jedi Knights, diplomats, and other passengers on missions across the galaxy.<\/p><\/div>","protected":false},"excerpt":{"rendered":"<p>M\u00e1rka: MOC Factory<br \/>\nNem: Uniszex<br \/>\nKorhat\u00e1r: 14 \u00e9v felett<br \/>\nModel Number: 108474<br \/>\nBesorol\u00e1s: \u00d6sszeszerel\u00e9s<br \/>\nM\u0171anyag blokk forma: \u00f6nz\u00e1r\u00f3 t\u00e9gla<br \/>\nAnyaga: M\u0171anyag<br \/>\nM\u0171anyag t\u00edpus: ABS<br \/>\nBricks Blocks: 1466 +<br \/>\nEredeti doboza nincs<\/p>","protected":false},"featured_media":56047,"comment_status":"open","ping_status":"closed","template":"","meta":{"_acf_changed":false},"product_cat":[1357,415,364],"product_tag":[13063,9235,436,389],"class_list":["product","first","instock","shipping-taxable","purchasable","product-type-simple"],"acf":[],"_links":{"self":[{"href":"https:\/\/mouldking.store\/hu\/wp-json\/wp\/v2\/product\/56048","targetHints":{"allow":["GET"]}}],"collection":[{"href":"https:\/\/mouldking.store\/hu\/wp-json\/wp\/v2\/product"}],"about":[{"href":"https:\/\/mouldking.store\/hu\/wp-json\/wp\/v2\/types\/product"}],"replies":[{"embeddable":true,"href":"https:\/\/mouldking.store\/hu\/wp-json\/wp\/v2\/comments?post=56048"}],"wp:featuredmedia":[{"embeddable":true,"href":"https:\/\/mouldking.store\/hu\/wp-json\/wp\/v2\/media\/56047"}],"wp:attachment":[{"href":"https:\/\/mouldking.store\/hu\/wp-json\/wp\/v2\/media?parent=56048"}],"wp:term":[{"taxonomy":"product_cat","embeddable":true,"href":"https:\/\/mouldking.store\/hu\/wp-json\/wp\/v2\/product_cat?post=56048"},{"taxonomy":"product_tag","embeddable":true,"href":"https:\/\/mouldking.store\/hu\/wp-json\/wp\/v2\/product_tag?post=56048"}],"curies":[{"name":"wp","href":"https:\/\/api.w.org\/{rel}","templated":true}]}}