{"id":56218,"date":"2024-03-06T12:31:22","date_gmt":"2024-03-06T05:31:22","guid":{"rendered":"https:\/\/mouldking.store\/shop\/moc-factory-157377-spider-gwen-from-spider-man-across-the-spider-verse-with-405-pieces\/"},"modified":"2025-12-16T20:59:11","modified_gmt":"2025-12-16T13:59:11","slug":"moc-factory-157377-spider-gwen-from-spider-man-across-the-spider-verse-with-405-pieces","status":"publish","type":"product","link":"https:\/\/mouldking.store\/hu\/shop\/moc-factory-157377-spider-gwen-from-spider-man-across-the-spider-verse-with-405-pieces\/","title":{"rendered":"MOC Factory 157377 P\u00f3kember Gwen a P\u00f3kverzumban c\u00edm\u0171 filmb\u0151l, 405 darabbal"},"content":{"rendered":"<div>\u2705 MOC-157377 Spider Gwen from SPIDER MAN ACROSS THE SPIDER-VERSE<\/p>\n<p>\u2705Spider-Gwen, also known as Gwen Stacy, is a character from the Spider-Man comics and made her debut in the animated film &#8220;Spider-Man: Into the Spider-Verse.&#8221; In &#8220;Spider-Man: Across the Spider-Verse,&#8221; she continues her adventures in the multiverse alongside other versions of Spider-Man.<\/p>\n<p>\ud83d\udeab FONTOS!<\/p>\n<p>Product Name: Spider Gwen from SPIDER MAN ACROSS THE SPIDER-VERSE<\/p>\n<p>Kateg\u00f3ria: Film<\/p>\n<p>This Kit Contains: C9809<\/p>\n<p>405&nbsp; pcs Good Quality Bricks<\/p>\n<p>Size: 8 x 5 x 40 cm<\/p>\n<p>Weight: 0.17 kg<\/p>\n<p>PDF \u00datmutat\u00f3<\/p>\n<p>\ud83d\udcccA f\u0151szerepl\u0151 term\u00e9szete<\/p>\n<p>Introducing our proud collection named \u201cSpider Gwen from SPIDER MAN ACROSS THE SPIDER-VERSE\u201d you should not miss.<\/p>\n<p>Gwen Stacy, portrayed as Spider-Gwen or Ghost-Spider, is a young woman with remarkable abilities who hails from an alternate universe where she was bitten by a radioactive spider instead of Peter Parker. As a result, she gained superhuman strength, agility, and the ability to cling to walls, much like her male counterpart. In &#8220;Spider-Man: Across the Spider-Verse,&#8221; Gwen Stacy is a courageous and resourceful hero who swings into action to protect her city from crime and villainy. She is depicted as intelligent, witty, and fiercely independent, with a strong sense of justice and a determination to make a difference in the world.<\/p><\/div>","protected":false},"excerpt":{"rendered":"<p>M\u00e1rka: MOC Factory<br \/>\nNem: Uniszex<br \/>\nKoroszt\u00e1ly: &gt; 6 \u00e9v<br \/>\nModel Number: 157377<br \/>\nBesorol\u00e1s: \u00d6sszeszerel\u00e9s<br \/>\nM\u0171anyag blokk forma: \u00f6nz\u00e1r\u00f3 t\u00e9gla<br \/>\nAnyaga: M\u0171anyag<br \/>\nM\u0171anyag t\u00edpus: ABS<br \/>\nBricks Blocks: 405 +<br \/>\nEredeti doboza nincs<\/p>","protected":false},"featured_media":56217,"comment_status":"open","ping_status":"closed","template":"","meta":{"_acf_changed":false},"product_cat":[1365,371,581,1408],"product_tag":[11072,8452,13110,434,6630],"class_list":["product","first","instock","shipping-taxable","purchasable","product-type-simple"],"acf":[],"_links":{"self":[{"href":"https:\/\/mouldking.store\/hu\/wp-json\/wp\/v2\/product\/56218","targetHints":{"allow":["GET"]}}],"collection":[{"href":"https:\/\/mouldking.store\/hu\/wp-json\/wp\/v2\/product"}],"about":[{"href":"https:\/\/mouldking.store\/hu\/wp-json\/wp\/v2\/types\/product"}],"replies":[{"embeddable":true,"href":"https:\/\/mouldking.store\/hu\/wp-json\/wp\/v2\/comments?post=56218"}],"wp:featuredmedia":[{"embeddable":true,"href":"https:\/\/mouldking.store\/hu\/wp-json\/wp\/v2\/media\/56217"}],"wp:attachment":[{"href":"https:\/\/mouldking.store\/hu\/wp-json\/wp\/v2\/media?parent=56218"}],"wp:term":[{"taxonomy":"product_cat","embeddable":true,"href":"https:\/\/mouldking.store\/hu\/wp-json\/wp\/v2\/product_cat?post=56218"},{"taxonomy":"product_tag","embeddable":true,"href":"https:\/\/mouldking.store\/hu\/wp-json\/wp\/v2\/product_tag?post=56218"}],"curies":[{"name":"wp","href":"https:\/\/api.w.org\/{rel}","templated":true}]}}