{"id":56234,"date":"2024-03-06T12:36:15","date_gmt":"2024-03-06T05:36:15","guid":{"rendered":"https:\/\/mouldking.store\/shop\/moc-factory-89156-skibidi-toilet-upgraded-titan-cameraman-with-365-pieces\/"},"modified":"2025-12-16T20:59:10","modified_gmt":"2025-12-16T13:59:10","slug":"moc-factory-89156-skibidi-toilet-upgraded-titan-cameraman-with-365-pieces","status":"publish","type":"product","link":"https:\/\/mouldking.store\/hu\/shop\/moc-factory-89156-skibidi-toilet-upgraded-titan-cameraman-with-365-pieces\/","title":{"rendered":"MOC Factory 89156 Skibidi Toilet Upgraded TITAN CAMERAMAN with 365 Pieces"},"content":{"rendered":"<div>\u2705 MOC-89156 Skibidi Toilet Upgraded TITAN CAMERAMAN<\/p>\n<p>\u2705The Titan Cameraman is a colossal mechanical cyborg engineered by The Alliance, inherited predominantly from both the Cameramen and the Speakermen, to combat the Skibidi Toilets at a significant level. As the series progresses, the Titan would subsequently receive additional vital upgrades.<\/p>\n<p>\ud83d\udeab FONTOS!<\/p>\n<p>Product Name: Skibidi Toilet Upgraded TITAN CAMERAMAN<\/p>\n<p>Kateg\u00f3ria: Film<\/p>\n<p>This Kit Contains: C9850Y03<\/p>\n<p>365&nbsp; pcs Good Quality Bricks<\/p>\n<p>Size: 18 x 12.5 x 17.3 cm<\/p>\n<p>Weight: 0.18 kg<\/p>\n<p>PDF \u00datmutat\u00f3<\/p>\n<p>\ud83d\udcccA f\u0151szerepl\u0151 term\u00e9szete<\/p>\n<p>Introducing our proud collection named \u201cSkibidi Toilet Upgraded TITAN CAMERAMAN\u201d you should not miss.<\/p>\n<p>The Titan Cameraman has been depicted as retaining consequential physical strength, allowing feats such as effortlessly stomping on the Large Camouflage Skibidi Toilet, kicking a Large Skibidi Toilet towards a building, and using one hand to both grab and crush a Strider Skibidi Toilet.<\/p><\/div>","protected":false},"excerpt":{"rendered":"<p>M\u00e1rka: MOC Factory<br \/>\nNem: Uniszex<br \/>\nKoroszt\u00e1ly: &gt; 6 \u00e9v<br \/>\nModel Number: 89156<br \/>\nBesorol\u00e1s: \u00d6sszeszerel\u00e9s<br \/>\nM\u0171anyag blokk forma: \u00f6nz\u00e1r\u00f3 t\u00e9gla<br \/>\nAnyaga: M\u0171anyag<br \/>\nM\u0171anyag t\u00edpus: ABS<br \/>\nBricks Blocks: 365 +<br \/>\nEredeti doboza nincs<\/p>","protected":false},"featured_media":56233,"comment_status":"open","ping_status":"closed","template":"","meta":{"_acf_changed":false},"product_cat":[1365,371,581,1408],"product_tag":[12205,11072,8452,434,12101,8220,12200,12620],"class_list":["product","first","instock","shipping-taxable","purchasable","product-type-simple"],"acf":[],"_links":{"self":[{"href":"https:\/\/mouldking.store\/hu\/wp-json\/wp\/v2\/product\/56234","targetHints":{"allow":["GET"]}}],"collection":[{"href":"https:\/\/mouldking.store\/hu\/wp-json\/wp\/v2\/product"}],"about":[{"href":"https:\/\/mouldking.store\/hu\/wp-json\/wp\/v2\/types\/product"}],"replies":[{"embeddable":true,"href":"https:\/\/mouldking.store\/hu\/wp-json\/wp\/v2\/comments?post=56234"}],"wp:featuredmedia":[{"embeddable":true,"href":"https:\/\/mouldking.store\/hu\/wp-json\/wp\/v2\/media\/56233"}],"wp:attachment":[{"href":"https:\/\/mouldking.store\/hu\/wp-json\/wp\/v2\/media?parent=56234"}],"wp:term":[{"taxonomy":"product_cat","embeddable":true,"href":"https:\/\/mouldking.store\/hu\/wp-json\/wp\/v2\/product_cat?post=56234"},{"taxonomy":"product_tag","embeddable":true,"href":"https:\/\/mouldking.store\/hu\/wp-json\/wp\/v2\/product_tag?post=56234"}],"curies":[{"name":"wp","href":"https:\/\/api.w.org\/{rel}","templated":true}]}}