{"id":56260,"date":"2024-03-06T16:32:10","date_gmt":"2024-03-06T09:32:10","guid":{"rendered":"https:\/\/mouldking.store\/shop\/quanguan-815-the-amazing-digital-circus-with-426-pieces\/"},"modified":"2024-03-06T16:32:17","modified_gmt":"2024-03-06T09:32:17","slug":"quanguan-815-the-amazing-digital-circus-with-426-pieces","status":"publish","type":"product","link":"https:\/\/mouldking.store\/hu\/shop\/quanguan-815-the-amazing-digital-circus-with-426-pieces\/","title":{"rendered":"QUANGUAN 815 The Amazing Digital Circus with 426 Pieces"},"content":{"rendered":"<div>\u2705QUANGUAN 815 The Amazing Digital Circus<\/p>\n<p>\u2705In &#8220;The Amazing Digital Circus&#8221; game, players could step into the vibrant world of a futuristic circus where technology and creativity intertwine to create awe-inspiring spectacles.&nbsp;<\/p>\n<p>\ud83d\udeab FONTOS!<\/p>\n<p>Product Name: The Amazing Digital Circus<\/p>\n<p>Category: Game<\/p>\n<p>This Kit Contains:&nbsp;<\/p>\n<p>426 pcs Good Quality Bricks<\/p>\n<p>K\u00e9zi utas\u00edt\u00e1sok<\/p>\n<p>\ud83d\udcccA f\u0151szerepl\u0151 term\u00e9szete<\/p>\n<p>Introducing our proud collection named \u201cThe Amazing Digital Circus\u201d you should not miss.<\/p>\n<p>Players create their own circus performer avatar, choosing from a variety of unique digital abilities and skills. They could be acrobats, illusionists, jugglers, or any other type of performer. Players embark on an epic journey through the circus world, facing challenges, solving puzzles, and unlocking new acts as they progress. Players can showcase their skills in various circus acts, earning points for their performances and competing against other players in online leaderboards.<\/p><\/div>","protected":false},"excerpt":{"rendered":"<p>M\u00e1rka: QUANGUAN<br \/>\nNem: Uniszex<br \/>\nKoroszt\u00e1ly: &gt; 6 \u00e9v<br \/>\nModel Number: 815<br \/>\nBesorol\u00e1s: \u00d6sszeszerel\u00e9s<br \/>\nM\u0171anyag blokk forma: \u00f6nz\u00e1r\u00f3 t\u00e9gla<br \/>\nAnyaga: M\u0171anyag<br \/>\nM\u0171anyag t\u00edpus: ABS<br \/>\nBricks Blocks: 426 +<br \/>\nEredeti doboza nincs<\/p>","protected":false},"featured_media":56259,"comment_status":"open","ping_status":"closed","template":"","meta":{"_acf_changed":false},"product_cat":[1365,1769,371,581,1408],"product_tag":[12876,12878,11072,8452,12877,9139,434,12879],"class_list":["product","first","instock","shipping-taxable","purchasable","product-type-simple"],"acf":[],"_links":{"self":[{"href":"https:\/\/mouldking.store\/hu\/wp-json\/wp\/v2\/product\/56260","targetHints":{"allow":["GET"]}}],"collection":[{"href":"https:\/\/mouldking.store\/hu\/wp-json\/wp\/v2\/product"}],"about":[{"href":"https:\/\/mouldking.store\/hu\/wp-json\/wp\/v2\/types\/product"}],"replies":[{"embeddable":true,"href":"https:\/\/mouldking.store\/hu\/wp-json\/wp\/v2\/comments?post=56260"}],"wp:featuredmedia":[{"embeddable":true,"href":"https:\/\/mouldking.store\/hu\/wp-json\/wp\/v2\/media\/56259"}],"wp:attachment":[{"href":"https:\/\/mouldking.store\/hu\/wp-json\/wp\/v2\/media?parent=56260"}],"wp:term":[{"taxonomy":"product_cat","embeddable":true,"href":"https:\/\/mouldking.store\/hu\/wp-json\/wp\/v2\/product_cat?post=56260"},{"taxonomy":"product_tag","embeddable":true,"href":"https:\/\/mouldking.store\/hu\/wp-json\/wp\/v2\/product_tag?post=56260"}],"curies":[{"name":"wp","href":"https:\/\/api.w.org\/{rel}","templated":true}]}}