{"id":56266,"date":"2024-03-06T16:36:38","date_gmt":"2024-03-06T09:36:38","guid":{"rendered":"https:\/\/mouldking.store\/shop\/zhegao-661003-sunflower-truck-with-490-pieces\/"},"modified":"2024-03-06T16:36:42","modified_gmt":"2024-03-06T09:36:42","slug":"zhegao-661003-sunflower-truck-with-490-pieces","status":"publish","type":"product","link":"https:\/\/mouldking.store\/hu\/shop\/zhegao-661003-sunflower-truck-with-490-pieces\/","title":{"rendered":"ZHEGAO 661003 Napraforg\u00f3s teheraut\u00f3 490 darabbal"},"content":{"rendered":"<div>\u2705ZHEGAO 661003 Sunflower Truck<\/p>\n<p>\u2705The Sunflower Truck toy could be a brightly colored, sturdy plastic truck with sunflower-themed decorations. It features a detachable trailer or compartments where miniature sunflower plants can be placed.<\/p>\n<p>\ud83d\udeab FONTOS!<\/p>\n<p>Product Name: Sunflower Truck<\/p>\n<p>Kateg\u00f3ria: Alkot\u00f3<\/p>\n<p>This Kit Contains: ZHEGAO 661003<\/p>\n<p>490 pcs Good Quality Bricks<\/p>\n<p>K\u00e9zi utas\u00edt\u00e1sok<\/p>\n<p>\ud83d\udcccA f\u0151szerepl\u0151 term\u00e9szete<\/p>\n<p>Introducing our proud collection named \u201cSunflower Truck\u201d you should not miss.<\/p>\n<p>The Sunflower Truck toy could inspire imaginative storytelling and role-playing adventures. Children can pretend to be farmers, truck drivers, or market sellers as they interact with the toy. The toy could also offer educational opportunities, teaching children about plant growth, nature, and the importance of caring for living things in a fun and engaging way.<\/p><\/div>","protected":false},"excerpt":{"rendered":"<p>M\u00e1rka: ZHEGAO<br \/>\nNem: Uniszex<br \/>\nKoroszt\u00e1ly: &gt; 6 \u00e9v<br \/>\nModel Number: 661003<br \/>\nBesorol\u00e1s: \u00d6sszeszerel\u00e9s<br \/>\nM\u0171anyag blokk forma: \u00f6nz\u00e1r\u00f3 t\u00e9gla<br \/>\nAnyaga: M\u0171anyag<br \/>\nM\u0171anyag t\u00edpus: ABS<br \/>\nBricks Blocks: 490 +<br \/>\nEredeti doboza nincs<\/p>","protected":false},"featured_media":56265,"comment_status":"open","ping_status":"closed","template":"","meta":{"_acf_changed":false},"product_cat":[1365,1357,371,364],"product_tag":[11072,8452,7217,389,466],"class_list":["product","first","instock","shipping-taxable","purchasable","product-type-simple"],"acf":[],"_links":{"self":[{"href":"https:\/\/mouldking.store\/hu\/wp-json\/wp\/v2\/product\/56266","targetHints":{"allow":["GET"]}}],"collection":[{"href":"https:\/\/mouldking.store\/hu\/wp-json\/wp\/v2\/product"}],"about":[{"href":"https:\/\/mouldking.store\/hu\/wp-json\/wp\/v2\/types\/product"}],"replies":[{"embeddable":true,"href":"https:\/\/mouldking.store\/hu\/wp-json\/wp\/v2\/comments?post=56266"}],"wp:featuredmedia":[{"embeddable":true,"href":"https:\/\/mouldking.store\/hu\/wp-json\/wp\/v2\/media\/56265"}],"wp:attachment":[{"href":"https:\/\/mouldking.store\/hu\/wp-json\/wp\/v2\/media?parent=56266"}],"wp:term":[{"taxonomy":"product_cat","embeddable":true,"href":"https:\/\/mouldking.store\/hu\/wp-json\/wp\/v2\/product_cat?post=56266"},{"taxonomy":"product_tag","embeddable":true,"href":"https:\/\/mouldking.store\/hu\/wp-json\/wp\/v2\/product_tag?post=56266"}],"curies":[{"name":"wp","href":"https:\/\/api.w.org\/{rel}","templated":true}]}}