{"id":56271,"date":"2024-03-06T16:40:36","date_gmt":"2024-03-06T09:40:36","guid":{"rendered":"https:\/\/mouldking.store\/shop\/zhegao-661002-three-wheels-float-with-523-pieces\/"},"modified":"2024-03-06T16:40:40","modified_gmt":"2024-03-06T09:40:40","slug":"zhegao-661002-three-wheels-float-with-523-pieces","status":"publish","type":"product","link":"https:\/\/mouldking.store\/hu\/shop\/zhegao-661002-three-wheels-float-with-523-pieces\/","title":{"rendered":"ZHEGAO 661002 H\u00e1romkerek\u0171 \u00fasz\u00f3 523 darabos"},"content":{"rendered":"<div>\u2705ZHEGAO 661002 Three Wheels Float<\/p>\n<p>\u2705On land, the car toy functions like a traditional toy car, with wheels that allow it to roll smoothly on flat surfaces. Children can race it, drive it around obstacle courses, or incorporate it into imaginative play scenarios.<\/p>\n<p>\ud83d\udeab FONTOS!<\/p>\n<p>Product Name: Three Wheels Float<\/p>\n<p>Kateg\u00f3ria: Alkot\u00f3<\/p>\n<p>This Kit Contains: ZHEGAO 661002<\/p>\n<p>523 pcs Good Quality Bricks<\/p>\n<p>K\u00e9zi utas\u00edt\u00e1sok<\/p>\n<p>\ud83d\udcccA f\u0151szerepl\u0151 term\u00e9szete<\/p>\n<p>Introducing our proud collection named \u201cThree Wheels Float\u201d you should not miss.<\/p>\n<p>&nbsp;The toy should be designed with durability and safety in mind, with sturdy construction and rounded edges to prevent injuries during play. Children can create exciting adventures as they drive the &#8220;Three Wheels Float&#8221; car toy on land and then seamlessly transition to water play by watching it float and navigate across the water&#8217;s surface.<\/p><\/div>","protected":false},"excerpt":{"rendered":"<p>M\u00e1rka: ZHEGAO<br \/>\nNem: Uniszex<br \/>\nKoroszt\u00e1ly: &gt; 6 \u00e9v<br \/>\nModel Number: 661002<br \/>\nBesorol\u00e1s: \u00d6sszeszerel\u00e9s<br \/>\nM\u0171anyag blokk forma: \u00f6nz\u00e1r\u00f3 t\u00e9gla<br \/>\nAnyaga: M\u0171anyag<br \/>\nM\u0171anyag t\u00edpus: ABS<br \/>\nBricks Blocks: 523 +<br \/>\nEredeti doboza nincs<\/p>","protected":false},"featured_media":56270,"comment_status":"open","ping_status":"closed","template":"","meta":{"_acf_changed":false},"product_cat":[1365,1360,371,1875],"product_tag":[457,11072,8452,12294,11106,13111],"class_list":["product","first","instock","shipping-taxable","purchasable","product-type-simple"],"acf":[],"_links":{"self":[{"href":"https:\/\/mouldking.store\/hu\/wp-json\/wp\/v2\/product\/56271","targetHints":{"allow":["GET"]}}],"collection":[{"href":"https:\/\/mouldking.store\/hu\/wp-json\/wp\/v2\/product"}],"about":[{"href":"https:\/\/mouldking.store\/hu\/wp-json\/wp\/v2\/types\/product"}],"replies":[{"embeddable":true,"href":"https:\/\/mouldking.store\/hu\/wp-json\/wp\/v2\/comments?post=56271"}],"wp:featuredmedia":[{"embeddable":true,"href":"https:\/\/mouldking.store\/hu\/wp-json\/wp\/v2\/media\/56270"}],"wp:attachment":[{"href":"https:\/\/mouldking.store\/hu\/wp-json\/wp\/v2\/media?parent=56271"}],"wp:term":[{"taxonomy":"product_cat","embeddable":true,"href":"https:\/\/mouldking.store\/hu\/wp-json\/wp\/v2\/product_cat?post=56271"},{"taxonomy":"product_tag","embeddable":true,"href":"https:\/\/mouldking.store\/hu\/wp-json\/wp\/v2\/product_tag?post=56271"}],"curies":[{"name":"wp","href":"https:\/\/api.w.org\/{rel}","templated":true}]}}