{"id":56281,"date":"2024-03-06T16:51:56","date_gmt":"2024-03-06T09:51:56","guid":{"rendered":"https:\/\/mouldking.store\/shop\/zhegao-661000-ice-cream-truck-with-500-pieces\/"},"modified":"2024-03-06T16:52:00","modified_gmt":"2024-03-06T09:52:00","slug":"zhegao-661000-ice-cream-truck-with-500-pieces","status":"publish","type":"product","link":"https:\/\/mouldking.store\/hu\/shop\/zhegao-661000-ice-cream-truck-with-500-pieces\/","title":{"rendered":"ZHEGAO 661000 Ice Cream Truck with 500 Pieces"},"content":{"rendered":"<div>\u2705ZHEGAO 661000 Ice Cream Truck<\/p>\n<p>\u2705The truck&#8217;s side panels could open up to reveal a miniature ice cream parlor playset, complete with a serving counter, ice cream cones, toppings, and a cash register.<\/p>\n<p>\ud83d\udeab FONTOS!<\/p>\n<p>Product Name: Ice Cream Truck<\/p>\n<p>Kateg\u00f3ria: Alkot\u00f3<\/p>\n<p>This Kit Contains: ZHEGAO 661000<\/p>\n<p>500 db j\u00f3 min\u0151s\u00e9g\u0171 t\u00e9gla<\/p>\n<p>K\u00e9zi utas\u00edt\u00e1sok<\/p>\n<p>\ud83d\udcccA f\u0151szerepl\u0151 term\u00e9szete<\/p>\n<p>Introducing our proud collection named \u201c Ice Cream Truck\u201d you should not miss.<\/p>\n<p>The ice cream truck would have wheels that allow it to roll smoothly on various surfaces, encouraging children to drive it around their play area and serve ice cream to imaginary customers.<\/p><\/div>","protected":false},"excerpt":{"rendered":"<p>M\u00e1rka: ZHEGAO<br \/>\nNem: Uniszex<br \/>\nKoroszt\u00e1ly: &gt; 6 \u00e9v<br \/>\nModel Number: 661000<br \/>\nBesorol\u00e1s: \u00d6sszeszerel\u00e9s<br \/>\nM\u0171anyag blokk forma: \u00f6nz\u00e1r\u00f3 t\u00e9gla<br \/>\nAnyaga: M\u0171anyag<br \/>\nM\u0171anyag t\u00edpus: ABS<br \/>\nT\u00e9gla T\u00e9gla: 500+<br \/>\nEredeti doboza nincs<\/p>","protected":false},"featured_media":56280,"comment_status":"open","ping_status":"closed","template":"","meta":{"_acf_changed":false},"product_cat":[1365,371],"product_tag":[11072,8452,8611,12540,466],"class_list":["product","first","instock","shipping-taxable","purchasable","product-type-simple"],"acf":[],"_links":{"self":[{"href":"https:\/\/mouldking.store\/hu\/wp-json\/wp\/v2\/product\/56281","targetHints":{"allow":["GET"]}}],"collection":[{"href":"https:\/\/mouldking.store\/hu\/wp-json\/wp\/v2\/product"}],"about":[{"href":"https:\/\/mouldking.store\/hu\/wp-json\/wp\/v2\/types\/product"}],"replies":[{"embeddable":true,"href":"https:\/\/mouldking.store\/hu\/wp-json\/wp\/v2\/comments?post=56281"}],"wp:featuredmedia":[{"embeddable":true,"href":"https:\/\/mouldking.store\/hu\/wp-json\/wp\/v2\/media\/56280"}],"wp:attachment":[{"href":"https:\/\/mouldking.store\/hu\/wp-json\/wp\/v2\/media?parent=56281"}],"wp:term":[{"taxonomy":"product_cat","embeddable":true,"href":"https:\/\/mouldking.store\/hu\/wp-json\/wp\/v2\/product_cat?post=56281"},{"taxonomy":"product_tag","embeddable":true,"href":"https:\/\/mouldking.store\/hu\/wp-json\/wp\/v2\/product_tag?post=56281"}],"curies":[{"name":"wp","href":"https:\/\/api.w.org\/{rel}","templated":true}]}}