{"id":56296,"date":"2024-03-06T16:57:22","date_gmt":"2024-03-06T09:57:22","guid":{"rendered":"https:\/\/mouldking.store\/shop\/kaido-99012-dragon-warrior-with-1318-pieces\/"},"modified":"2024-03-06T16:57:31","modified_gmt":"2024-03-06T09:57:31","slug":"kaido-99012-dragon-warrior-with-1318-pieces","status":"publish","type":"product","link":"https:\/\/mouldking.store\/hu\/shop\/kaido-99012-dragon-warrior-with-1318-pieces\/","title":{"rendered":"KAIDO 99012 Dragon Warrior with 1318 Pieces"},"content":{"rendered":"<div>\u2705KAIDO 99012 Dragon Warrior<\/p>\n<p>\u2705&#8221;Dragon Warrior&#8221; is a classic video game series developed by Chunsoft and published by Enix (now Square Enix).&nbsp;<\/p>\n<p>\ud83d\udeab FONTOS!<\/p>\n<p>Product Name: Dragon Warrior<\/p>\n<p>Kateg\u00f3ria: Film<\/p>\n<p>This Kit Contains: KAIDO 99012<\/p>\n<p>1318 pcs Good Quality Bricks<\/p>\n<p>Size:&nbsp; 54 \u00d7 40 \u00d7 42 cm<\/p>\n<p>K\u00e9zi utas\u00edt\u00e1sok<\/p>\n<p>\ud83d\udcccA f\u0151szerepl\u0151 term\u00e9szete<\/p>\n<p>Introducing our proud collection named \u201cDragon Warrior\u201d you should not miss.<\/p>\n<p>Dragon Warrior games typically feature turn-based combat, where players control a party of characters as they explore a fantasy world, battle monsters, and complete quests.&nbsp; Players navigate through towns, dungeons, and overworld maps, interacting with non-player characters (NPCs) to obtain information, items, and quests.<\/p><\/div>","protected":false},"excerpt":{"rendered":"<p>Brand: KAIDO<br \/>\nNem: Uniszex<br \/>\nKoroszt\u00e1ly: 8 \u00e9v felett<br \/>\nModel Number: 99012<br \/>\nBesorol\u00e1s: \u00d6sszeszerel\u00e9s<br \/>\nM\u0171anyag blokk forma: \u00f6nz\u00e1r\u00f3 t\u00e9gla<br \/>\nAnyaga: M\u0171anyag<br \/>\nM\u0171anyag t\u00edpus: ABS<br \/>\nBricks Blocks: 1318 +<br \/>\nEredeti doboza nincs<\/p>","protected":false},"featured_media":56295,"comment_status":"open","ping_status":"closed","template":"","meta":{"_acf_changed":false},"product_cat":[1365,1769,371,581,1408],"product_tag":[11528,11072,8452,1771,9139,11082,434,11369],"class_list":["product","first","instock","shipping-taxable","purchasable","product-type-simple"],"acf":[],"_links":{"self":[{"href":"https:\/\/mouldking.store\/hu\/wp-json\/wp\/v2\/product\/56296","targetHints":{"allow":["GET"]}}],"collection":[{"href":"https:\/\/mouldking.store\/hu\/wp-json\/wp\/v2\/product"}],"about":[{"href":"https:\/\/mouldking.store\/hu\/wp-json\/wp\/v2\/types\/product"}],"replies":[{"embeddable":true,"href":"https:\/\/mouldking.store\/hu\/wp-json\/wp\/v2\/comments?post=56296"}],"wp:featuredmedia":[{"embeddable":true,"href":"https:\/\/mouldking.store\/hu\/wp-json\/wp\/v2\/media\/56295"}],"wp:attachment":[{"href":"https:\/\/mouldking.store\/hu\/wp-json\/wp\/v2\/media?parent=56296"}],"wp:term":[{"taxonomy":"product_cat","embeddable":true,"href":"https:\/\/mouldking.store\/hu\/wp-json\/wp\/v2\/product_cat?post=56296"},{"taxonomy":"product_tag","embeddable":true,"href":"https:\/\/mouldking.store\/hu\/wp-json\/wp\/v2\/product_tag?post=56296"}],"curies":[{"name":"wp","href":"https:\/\/api.w.org\/{rel}","templated":true}]}}