{"id":56306,"date":"2024-03-06T17:01:48","date_gmt":"2024-03-06T10:01:48","guid":{"rendered":"https:\/\/mouldking.store\/shop\/dk-7004-insect-kingdom-with-2183-pieces\/"},"modified":"2024-03-06T17:02:02","modified_gmt":"2024-03-06T10:02:02","slug":"dk-7004-insect-kingdom-with-2183-pieces","status":"publish","type":"product","link":"https:\/\/mouldking.store\/hu\/shop\/dk-7004-insect-kingdom-with-2183-pieces\/","title":{"rendered":"DK 7004 Insect Kingdom with 2183 Pieces"},"content":{"rendered":"<div>\u2705DKCX 7004 Insect Kingdom<\/p>\n<p>\u2705Insect Kingdom is a fantastical realm where insects are the dominant species, living in a society that mirrors human civilization in many ways.<\/p>\n<p>\ud83d\udeab FONTOS!<\/p>\n<p>Product Name: Insect Kingdom<\/p>\n<p>Kateg\u00f3ria: Alkot\u00f3<\/p>\n<p>This Kit Contains: DKCX 7004&nbsp;<\/p>\n<p>2183 pcs Good Quality Bricks<\/p>\n<p>K\u00e9zi utas\u00edt\u00e1sok<\/p>\n<p>\ud83d\udcccA f\u0151szerepl\u0151 term\u00e9szete<\/p>\n<p>Introducing our proud collection named \u201cInsect Kingdom\u201d you should not miss.<\/p>\n<p>The kingdom is teeming with diverse insect life, including ants, bees, beetles, butterflies, and more, each with their own unique characteristics and abilities. The environment of Insect Kingdom ranges from bustling cities made of intricate hives and nests to vast wilderness areas filled with towering grasses and flowering plants.<\/p><\/div>","protected":false},"excerpt":{"rendered":"<p>M\u00e1rka: DK<br \/>\nNem: Uniszex<br \/>\nKoroszt\u00e1ly: 8 \u00e9v felett<br \/>\nModel Number: 7004<br \/>\nBesorol\u00e1s: \u00d6sszeszerel\u00e9s<br \/>\nM\u0171anyag blokk forma: \u00f6nz\u00e1r\u00f3 t\u00e9gla<br \/>\nAnyaga: M\u0171anyag<br \/>\nM\u0171anyag t\u00edpus: ABS<br \/>\nT\u00e9gla T\u00e9gla: 2183 +<br \/>\nEredeti doboza nincs<\/p>","protected":false},"featured_media":56305,"comment_status":"open","ping_status":"closed","template":"","meta":{"_acf_changed":false},"product_cat":[1365,371],"product_tag":[11072,8452,11130,11216],"class_list":["product","first","instock","shipping-taxable","purchasable","product-type-simple"],"acf":[],"_links":{"self":[{"href":"https:\/\/mouldking.store\/hu\/wp-json\/wp\/v2\/product\/56306","targetHints":{"allow":["GET"]}}],"collection":[{"href":"https:\/\/mouldking.store\/hu\/wp-json\/wp\/v2\/product"}],"about":[{"href":"https:\/\/mouldking.store\/hu\/wp-json\/wp\/v2\/types\/product"}],"replies":[{"embeddable":true,"href":"https:\/\/mouldking.store\/hu\/wp-json\/wp\/v2\/comments?post=56306"}],"wp:featuredmedia":[{"embeddable":true,"href":"https:\/\/mouldking.store\/hu\/wp-json\/wp\/v2\/media\/56305"}],"wp:attachment":[{"href":"https:\/\/mouldking.store\/hu\/wp-json\/wp\/v2\/media?parent=56306"}],"wp:term":[{"taxonomy":"product_cat","embeddable":true,"href":"https:\/\/mouldking.store\/hu\/wp-json\/wp\/v2\/product_cat?post=56306"},{"taxonomy":"product_tag","embeddable":true,"href":"https:\/\/mouldking.store\/hu\/wp-json\/wp\/v2\/product_tag?post=56306"}],"curies":[{"name":"wp","href":"https:\/\/api.w.org\/{rel}","templated":true}]}}