{"id":56332,"date":"2024-03-06T17:35:19","date_gmt":"2024-03-06T10:35:19","guid":{"rendered":"https:\/\/mouldking.store\/shop\/im-master-6823-mechanical-master-azure-blade-mecha-with-1129-pieces\/"},"modified":"2024-03-06T17:35:21","modified_gmt":"2024-03-06T10:35:21","slug":"im-master-6823-mechanical-master-azure-blade-mecha-with-1129-pieces","status":"publish","type":"product","link":"https:\/\/mouldking.store\/hu\/shop\/im-master-6823-mechanical-master-azure-blade-mecha-with-1129-pieces\/","title":{"rendered":"IM.Master 6823 Mechanikus Mester Az\u00far Blade Mecha 1129 Darabos"},"content":{"rendered":"<div>\u2705IM.Master 6823 Mechanical Master Azure Blade Mecha<\/p>\n<p>\u2705The &#8220;Azure Blade Mecha&#8221; is a cutting-edge robotic marvel, towering and imposing with sleek, aerodynamic lines that give it a dynamic and agile appearance. Its design draws inspiration from traditional samurai armor and weaponry, with ornate detailing and a distinctive azure color scheme that evokes a sense of elegance and power. The mecha&#8217;s primary feature is a pair of massive, razor-sharp blades that extend from its forearms, capable of slicing through even the toughest of adversaries with ease.<\/p>\n<p>\ud83d\udeab FONTOS!<\/p>\n<p>Product Name: Mechanical Master Azure Blade Mecha<\/p>\n<p>Kateg\u00f3ria: M\u0171szaki<\/p>\n<p>This Kit Contains: IM.Master 6823<\/p>\n<p>1129&nbsp; pcs Good Quality Bricks<\/p>\n<p>Size: 24.6 \u00d7 11.3 \u00d7 28.9 cm<\/p>\n<p>K\u00e9zi utas\u00edt\u00e1sok<\/p>\n<p>\ud83d\udcccA f\u0151szerepl\u0151 term\u00e9szete<\/p>\n<p>Introducing our proud collection named \u201cMechanical Master Azure Blade Mecha\u201d you should not miss.<\/p>\n<p>The Azure Blade Mecha is piloted by a skilled and disciplined warrior known as the &#8220;Mechanical Master,&#8221; who has undergone rigorous training to master the art of mecha combat. The Mechanical Master possesses a deep connection with their mecha, seamlessly syncing their movements and instincts with its advanced systems to achieve peak performance in battle. Together, they form a formidable team, combining the pilot&#8217;s martial prowess with the mecha&#8217;s technological superiority to overcome any challenge that stands in their way.<\/p><\/div>","protected":false},"excerpt":{"rendered":"<p>M\u00e1rka: IM.Master<br \/>\nNem: Uniszex<br \/>\nKoroszt\u00e1ly: &gt; 6 \u00e9v<br \/>\nModel Number: 6823<br \/>\nBesorol\u00e1s: \u00d6sszeszerel\u00e9s<br \/>\nM\u0171anyag blokk forma: \u00f6nz\u00e1r\u00f3 t\u00e9gla<br \/>\nAnyaga: M\u0171anyag<br \/>\nM\u0171anyag t\u00edpus: ABS<br \/>\nBricks Blocks: 1129 +<br \/>\nEredeti doboza nincs<\/p>","protected":false},"featured_media":56331,"comment_status":"open","ping_status":"closed","template":"","meta":{"_acf_changed":false},"product_cat":[1357,364],"product_tag":[5397,7133,9302,7345,389,11080],"class_list":["product","first","instock","shipping-taxable","purchasable","product-type-simple"],"acf":[],"_links":{"self":[{"href":"https:\/\/mouldking.store\/hu\/wp-json\/wp\/v2\/product\/56332","targetHints":{"allow":["GET"]}}],"collection":[{"href":"https:\/\/mouldking.store\/hu\/wp-json\/wp\/v2\/product"}],"about":[{"href":"https:\/\/mouldking.store\/hu\/wp-json\/wp\/v2\/types\/product"}],"replies":[{"embeddable":true,"href":"https:\/\/mouldking.store\/hu\/wp-json\/wp\/v2\/comments?post=56332"}],"wp:featuredmedia":[{"embeddable":true,"href":"https:\/\/mouldking.store\/hu\/wp-json\/wp\/v2\/media\/56331"}],"wp:attachment":[{"href":"https:\/\/mouldking.store\/hu\/wp-json\/wp\/v2\/media?parent=56332"}],"wp:term":[{"taxonomy":"product_cat","embeddable":true,"href":"https:\/\/mouldking.store\/hu\/wp-json\/wp\/v2\/product_cat?post=56332"},{"taxonomy":"product_tag","embeddable":true,"href":"https:\/\/mouldking.store\/hu\/wp-json\/wp\/v2\/product_tag?post=56332"}],"curies":[{"name":"wp","href":"https:\/\/api.w.org\/{rel}","templated":true}]}}