{"id":56475,"date":"2024-03-11T10:33:59","date_gmt":"2024-03-11T03:33:59","guid":{"rendered":"https:\/\/mouldking.store\/shop\/im-master-5819-jekyll-and-hyde-dodge-t-rex-pickup-with-555-pieces\/"},"modified":"2024-03-11T10:34:04","modified_gmt":"2024-03-11T03:34:04","slug":"im-master-5819-jekyll-and-hyde-dodge-t-rex-pickup-with-555-pieces","status":"publish","type":"product","link":"https:\/\/mouldking.store\/hu\/shop\/im-master-5819-jekyll-and-hyde-dodge-t-rex-pickup-with-555-pieces\/","title":{"rendered":"IM.Master 5819 Jekyll \u00e9s Hyde Dodge T-rex pickup 555 darabbal"},"content":{"rendered":"<div>\u2705IM.Master 5819 Jekyll and Hyde Dodge T-rex Pickup<\/p>\n<p>\u2705Dodge T-Rex Pickup Truck is a legendary concept truck developed by Dodge back in the late 1990s. The Dodge T-Rex was an imposing vehicle, featuring six wheels and a monstrous presence on the road. It was designed to showcase extreme off-road capability and was powered by a massive V10 engine.<\/p>\n<p>\ud83d\udeab FONTOS!<\/p>\n<p>Product Name: Jekyll and Hyde Dodge T-rex Pickup<\/p>\n<p>Kateg\u00f3ria: M\u0171szaki<\/p>\n<p>This Kit Contains: IM.Master 5819<\/p>\n<p>555 pcs Good Quality Bricks<\/p>\n<p>Size: 23.5 \u00d7 11.5 \u00d7 10 cm<\/p>\n<p>K\u00e9zi utas\u00edt\u00e1sok<\/p>\n<p>\ud83d\udcccA f\u0151szerepl\u0151 term\u00e9szete<\/p>\n<p>Introducing our proud collection named \u201cJekyll and Hyde Dodge T-rex Pickup\u201d you should not miss.<\/p>\n<p>While the Dodge T-Rex never made it into full production, it left a lasting impression on automotive enthusiasts with its bold design and powerful performance. Its name evokes images of strength and dominance, much like the fearsome Tyrannosaurus Rex. Although it remains a concept, the Dodge T-Rex continues to capture the imagination of truck enthusiasts to this day.<\/p><\/div>","protected":false},"excerpt":{"rendered":"<p>M\u00e1rka: IM.Master<br \/>\nNem: Uniszex<br \/>\nKoroszt\u00e1ly: &gt; 6 \u00e9v<br \/>\nModel Number: 5819<br \/>\nBesorol\u00e1s: \u00d6sszeszerel\u00e9s<br \/>\nM\u0171anyag blokk forma: \u00f6nz\u00e1r\u00f3 t\u00e9gla<br \/>\nAnyaga: M\u0171anyag<br \/>\nM\u0171anyag t\u00edpus: ABS<br \/>\nBricks Blocks: 555 +<br \/>\nEredeti doboza nincs<\/p>","protected":false},"featured_media":56474,"comment_status":"open","ping_status":"closed","template":"","meta":{"_acf_changed":false},"product_cat":[1357,364],"product_tag":[10882,13123,13122,6310,7133,389,11080,466,5184],"class_list":["product","first","instock","shipping-taxable","purchasable","product-type-simple"],"acf":[],"_links":{"self":[{"href":"https:\/\/mouldking.store\/hu\/wp-json\/wp\/v2\/product\/56475","targetHints":{"allow":["GET"]}}],"collection":[{"href":"https:\/\/mouldking.store\/hu\/wp-json\/wp\/v2\/product"}],"about":[{"href":"https:\/\/mouldking.store\/hu\/wp-json\/wp\/v2\/types\/product"}],"replies":[{"embeddable":true,"href":"https:\/\/mouldking.store\/hu\/wp-json\/wp\/v2\/comments?post=56475"}],"wp:featuredmedia":[{"embeddable":true,"href":"https:\/\/mouldking.store\/hu\/wp-json\/wp\/v2\/media\/56474"}],"wp:attachment":[{"href":"https:\/\/mouldking.store\/hu\/wp-json\/wp\/v2\/media?parent=56475"}],"wp:term":[{"taxonomy":"product_cat","embeddable":true,"href":"https:\/\/mouldking.store\/hu\/wp-json\/wp\/v2\/product_cat?post=56475"},{"taxonomy":"product_tag","embeddable":true,"href":"https:\/\/mouldking.store\/hu\/wp-json\/wp\/v2\/product_tag?post=56475"}],"curies":[{"name":"wp","href":"https:\/\/api.w.org\/{rel}","templated":true}]}}