{"id":56496,"date":"2024-03-11T10:51:57","date_gmt":"2024-03-11T03:51:57","guid":{"rendered":"https:\/\/mouldking.store\/shop\/jiestar-jj9060-the-legend-of-zelda-sword-of-darkness-with-392-pieces\/"},"modified":"2024-03-11T10:51:59","modified_gmt":"2024-03-11T03:51:59","slug":"jiestar-jj9060-the-legend-of-zelda-sword-of-darkness-with-392-pieces","status":"publish","type":"product","link":"https:\/\/mouldking.store\/hu\/shop\/jiestar-jj9060-the-legend-of-zelda-sword-of-darkness-with-392-pieces\/","title":{"rendered":"JIESTAR JJ9060 The Legend of Zelda Sword of Darkness with 392 Pieces"},"content":{"rendered":"<div>\u2705JIE STAR JJ9060 The Legend of Zelda Sword of Darkness<\/p>\n<p>\u2705Dark Link typically serves as a formidable adversary, embodying the dark and corrupted aspects of the hero. In some games, players face off against Dark Link in intense one-on-one battles where he mimics Link&#8217;s abilities and fighting style.<\/p>\n<p>\ud83d\udeab FONTOS!<\/p>\n<p>Product Name: The Legend of Zelda Sword of Darkness<\/p>\n<p>Kateg\u00f3ria: Film<\/p>\n<p>This Kit Contains: JIE STAR JJ9060<\/p>\n<p>392&nbsp; pcs Good Quality Bricks<\/p>\n<p>Size: 11.4 \u00d7 8.6 \u00d7 27.2 cm<\/p>\n<p>K\u00e9zi utas\u00edt\u00e1sok<\/p>\n<p>\ud83d\udcccA f\u0151szerepl\u0151 term\u00e9szete<\/p>\n<p>Introducing our proud collection named \u201cThe Legend of Zelda Sword of Darkness\u201d you should not miss.<\/p>\n<p>The Sword of Darkness can serve as a central plot device, driving the narrative forward as characters seek to either wield its power for their own ends or to prevent its destructive force from being unleashed. It embodies themes of temptation, redemption, and the eternal struggle between light and dark.<\/p><\/div>","protected":false},"excerpt":{"rendered":"<p>M\u00e1rka: JIESTAR<br \/>\nNem: Uniszex<br \/>\nKoroszt\u00e1ly: &gt; 6 \u00e9v<br \/>\nModel Number: JJ9060<br \/>\nBesorol\u00e1s: \u00d6sszeszerel\u00e9s<br \/>\nM\u0171anyag blokk forma: \u00f6nz\u00e1r\u00f3 t\u00e9gla<br \/>\nAnyaga: M\u0171anyag<br \/>\nM\u0171anyag t\u00edpus: ABS<br \/>\nBricks Blocks: 392 +<br \/>\nEredeti doboza nincs<\/p>","protected":false},"featured_media":56495,"comment_status":"open","ping_status":"closed","template":"","meta":{"_acf_changed":false},"product_cat":[1365,371,581,1408],"product_tag":[11072,8452,13125,11082,11083,434,2981,5773],"class_list":["product","first","instock","shipping-taxable","purchasable","product-type-simple"],"acf":[],"_links":{"self":[{"href":"https:\/\/mouldking.store\/hu\/wp-json\/wp\/v2\/product\/56496","targetHints":{"allow":["GET"]}}],"collection":[{"href":"https:\/\/mouldking.store\/hu\/wp-json\/wp\/v2\/product"}],"about":[{"href":"https:\/\/mouldking.store\/hu\/wp-json\/wp\/v2\/types\/product"}],"replies":[{"embeddable":true,"href":"https:\/\/mouldking.store\/hu\/wp-json\/wp\/v2\/comments?post=56496"}],"wp:featuredmedia":[{"embeddable":true,"href":"https:\/\/mouldking.store\/hu\/wp-json\/wp\/v2\/media\/56495"}],"wp:attachment":[{"href":"https:\/\/mouldking.store\/hu\/wp-json\/wp\/v2\/media?parent=56496"}],"wp:term":[{"taxonomy":"product_cat","embeddable":true,"href":"https:\/\/mouldking.store\/hu\/wp-json\/wp\/v2\/product_cat?post=56496"},{"taxonomy":"product_tag","embeddable":true,"href":"https:\/\/mouldking.store\/hu\/wp-json\/wp\/v2\/product_tag?post=56496"}],"curies":[{"name":"wp","href":"https:\/\/api.w.org\/{rel}","templated":true}]}}