{"id":56672,"date":"2024-03-12T18:25:37","date_gmt":"2024-03-12T11:25:37","guid":{"rendered":"https:\/\/mouldking.store\/shop\/cada-c63005-ape-supercar-with-1823-pieces\/"},"modified":"2024-03-12T18:25:39","modified_gmt":"2024-03-12T11:25:39","slug":"cada-c63005-ape-supercar-with-1823-pieces","status":"publish","type":"product","link":"https:\/\/mouldking.store\/hu\/shop\/cada-c63005-ape-supercar-with-1823-pieces\/","title":{"rendered":"CaDa C63005 APE SuperCar with 1823 Pieces"},"content":{"rendered":"<div>\u2705CaDA C63005 APE SuperCar<\/p>\n<p>\u2705The APE SuperCar is a concept car designed and manufactured by APE, an Italian automotive company known for producing three-wheeled vehicles. The APE SuperCar represents a departure from APE&#8217;s traditional offerings, as it aims to deliver a high-performance, four-wheeled sports car experience.<\/p>\n<p>\ud83d\udeab FONTOS!<\/p>\n<p>Product Name: APE SuperCar<\/p>\n<p>Kateg\u00f3ria: M\u0171szaki<\/p>\n<p>This Kit Contains: CaDA C63005<\/p>\n<p>1823 pcs Good Quality Bricks<\/p>\n<p>Size: 47.1 \u00d7 20.6 \u00d7 14.4 cm<\/p>\n<p>K\u00e9zi utas\u00edt\u00e1sok<\/p>\n<p>\ud83d\udcccA f\u0151szerepl\u0151 term\u00e9szete<\/p>\n<p>Introducing our proud collection named \u201cAPE SuperCar\u201d you should not miss.<\/p>\n<p>The APE SuperCar features a sleek and aerodynamic design, with aggressive lines and a low-slung profile that exudes sportiness and performance. The exterior is crafted from lightweight materials such as carbon fiber and aluminum to enhance agility and speed. The APE SuperCar is powered by a high-performance engine, typically a turbocharged or supercharged unit, capable of delivering impressive horsepower and torque figures. The powertrain is mated to a sophisticated transmission system, such as a dual-clutch automatic or manual gearbox, to maximize performance and efficiency.<\/p><\/div>","protected":false},"excerpt":{"rendered":"<p>M\u00e1rka: CaDa<br \/>\nNem: Uniszex<br \/>\nKoroszt\u00e1ly: 8 \u00e9v felett<br \/>\nModel Number: C63005<br \/>\nBesorol\u00e1s: \u00d6sszeszerel\u00e9s<br \/>\nM\u0171anyag blokk forma: \u00f6nz\u00e1r\u00f3 t\u00e9gla<br \/>\nAnyaga: M\u0171anyag<br \/>\nM\u0171anyag t\u00edpus: ABS<br \/>\nBricks Blocks: 1823 +<br \/>\nEredeti doboza nincs<\/p>","protected":false},"featured_media":56671,"comment_status":"open","ping_status":"closed","template":"","meta":{"_acf_changed":false},"product_cat":[1357,364],"product_tag":[13140,588,389,11080],"class_list":["product","first","instock","shipping-taxable","purchasable","product-type-simple"],"acf":[],"_links":{"self":[{"href":"https:\/\/mouldking.store\/hu\/wp-json\/wp\/v2\/product\/56672","targetHints":{"allow":["GET"]}}],"collection":[{"href":"https:\/\/mouldking.store\/hu\/wp-json\/wp\/v2\/product"}],"about":[{"href":"https:\/\/mouldking.store\/hu\/wp-json\/wp\/v2\/types\/product"}],"replies":[{"embeddable":true,"href":"https:\/\/mouldking.store\/hu\/wp-json\/wp\/v2\/comments?post=56672"}],"wp:featuredmedia":[{"embeddable":true,"href":"https:\/\/mouldking.store\/hu\/wp-json\/wp\/v2\/media\/56671"}],"wp:attachment":[{"href":"https:\/\/mouldking.store\/hu\/wp-json\/wp\/v2\/media?parent=56672"}],"wp:term":[{"taxonomy":"product_cat","embeddable":true,"href":"https:\/\/mouldking.store\/hu\/wp-json\/wp\/v2\/product_cat?post=56672"},{"taxonomy":"product_tag","embeddable":true,"href":"https:\/\/mouldking.store\/hu\/wp-json\/wp\/v2\/product_tag?post=56672"}],"curies":[{"name":"wp","href":"https:\/\/api.w.org\/{rel}","templated":true}]}}