{"id":56795,"date":"2024-03-26T15:16:41","date_gmt":"2024-03-26T08:16:41","guid":{"rendered":"https:\/\/mouldking.store\/shop\/reobrix-33023-j-15-flying-shark-with-1999-pieces\/"},"modified":"2024-03-26T15:16:44","modified_gmt":"2024-03-26T08:16:44","slug":"reobrix-33023-j-15-flying-shark-with-1999-pieces","status":"publish","type":"product","link":"https:\/\/mouldking.store\/hu\/shop\/reobrix-33023-j-15-flying-shark-with-1999-pieces\/","title":{"rendered":"REOBRIX 33023 J-15 Flying Shark with 1999 Pieces"},"content":{"rendered":"<div>\u2705Reobrix 33023 J-15 Flying Shark<\/p>\n<p>\u2705The J-15 Flying Shark is a carrier-based fighter aircraft developed by China, specifically for operations on their aircraft carriers. It is based on the Russian-designed Sukhoi Su-33 fighter jet, which China acquired from Ukraine in the 1990s.<\/p>\n<p>\ud83d\udeab FONTOS!<\/p>\n<p>Product Name: J-15 Flying Shark<\/p>\n<p>Kateg\u00f3ria: Katonai<\/p>\n<p>This Kit Contains: Reobrix 33023<\/p>\n<p>1999 pcs Good Quality Bricks<\/p>\n<p>K\u00e9zi utas\u00edt\u00e1sok<\/p>\n<p>\ud83d\udcccA f\u0151szerepl\u0151 term\u00e9szete<\/p>\n<p>Introducing our proud collection named \u201cJ-15 Flying Shark\u201d you should not miss.<\/p>\n<p>The J-15 is derived from the Sukhoi Su-33, but it incorporates modifications and upgrades to suit Chinese requirements, including avionics, radar, and weapons systems. The J-15 is designed to operate from China&#8217;s aircraft carriers, including the Liaoning and the Shandong. It features reinforced landing gear, folding wings, and other adaptations necessary for carrier operations. The J-15 is powered by two Shenyang WS-10 turbofan engines, which provide it with the necessary thrust for carrier takeoffs and landings.<\/p><\/div>","protected":false},"excerpt":{"rendered":"<p>M\u00e1rka: REOBRIX<br \/>\nNem: Uniszex<br \/>\nKoroszt\u00e1ly: &gt; 6 \u00e9v<br \/>\nModel Number: 33023<br \/>\nBesorol\u00e1s: \u00d6sszeszerel\u00e9s<br \/>\nM\u0171anyag blokk forma: \u00f6nz\u00e1r\u00f3 t\u00e9gla<br \/>\nAnyaga: M\u0171anyag<br \/>\nM\u0171anyag t\u00edpus: ABS<br \/>\nBricks Blocks: 1999 +<br \/>\nEredeti doboza nincs<\/p>","protected":false},"featured_media":56794,"comment_status":"open","ping_status":"closed","template":"","meta":{"_acf_changed":false},"product_cat":[1350,1357,372,364],"product_tag":[5271,7374,12302,12137,374,5969,389],"class_list":["product","first","instock","shipping-taxable","purchasable","product-type-simple"],"acf":[],"_links":{"self":[{"href":"https:\/\/mouldking.store\/hu\/wp-json\/wp\/v2\/product\/56795","targetHints":{"allow":["GET"]}}],"collection":[{"href":"https:\/\/mouldking.store\/hu\/wp-json\/wp\/v2\/product"}],"about":[{"href":"https:\/\/mouldking.store\/hu\/wp-json\/wp\/v2\/types\/product"}],"replies":[{"embeddable":true,"href":"https:\/\/mouldking.store\/hu\/wp-json\/wp\/v2\/comments?post=56795"}],"wp:featuredmedia":[{"embeddable":true,"href":"https:\/\/mouldking.store\/hu\/wp-json\/wp\/v2\/media\/56794"}],"wp:attachment":[{"href":"https:\/\/mouldking.store\/hu\/wp-json\/wp\/v2\/media?parent=56795"}],"wp:term":[{"taxonomy":"product_cat","embeddable":true,"href":"https:\/\/mouldking.store\/hu\/wp-json\/wp\/v2\/product_cat?post=56795"},{"taxonomy":"product_tag","embeddable":true,"href":"https:\/\/mouldking.store\/hu\/wp-json\/wp\/v2\/product_tag?post=56795"}],"curies":[{"name":"wp","href":"https:\/\/api.w.org\/{rel}","templated":true}]}}