{"id":56798,"date":"2024-03-26T15:19:18","date_gmt":"2024-03-26T08:19:18","guid":{"rendered":"https:\/\/mouldking.store\/shop\/dk-6025-tropical-grasslands-with-755-pieces\/"},"modified":"2024-03-26T15:19:20","modified_gmt":"2024-03-26T08:19:20","slug":"dk-6025-tropical-grasslands-with-755-pieces","status":"publish","type":"product","link":"https:\/\/mouldking.store\/hu\/shop\/dk-6025-tropical-grasslands-with-755-pieces\/","title":{"rendered":"DK 6025 Tropical Grasslands with 755 Pieces"},"content":{"rendered":"<div>\u2705DK 6025 Tropical Grasslands<\/p>\n<p>\u2705Tropical grasslands, also known as savannas, are ecosystems characterized by a continuous cover of grasses with scattered trees or shrubs. These regions are found in tropical and subtropical areas around the world, typically between the equatorial rainforests and the drier deserts or semi-arid regions. They are one of the major terrestrial biomes on Earth and play a crucial role in supporting biodiversity and providing ecosystem services.<\/p>\n<p>\ud83d\udeab FONTOS!<\/p>\n<p>Product Name: Tropical Grasslands<\/p>\n<p>Kateg\u00f3ria: Alkot\u00f3<\/p>\n<p>This Kit Contains: DK 6025<\/p>\n<p>755 db J\u00f3 min\u0151s\u00e9g\u0171 t\u00e9gla<\/p>\n<p>Size: 29 \u00d7 22 \u00d7 25 cm<\/p>\n<p>K\u00e9zi utas\u00edt\u00e1sok<\/p>\n<p>\ud83d\udcccA f\u0151szerepl\u0151 term\u00e9szete<\/p>\n<p>Introducing our proud collection named \u201cTropical Grasslands\u201d you should not miss.<\/p>\n<p>Tropical grasslands experience a distinct wet and dry season, with precipitation varying greatly throughout the year. Rainfall is typically seasonal, with most of it occurring during the wet season, followed by a prolonged dry period. Temperatures are generally warm to hot year-round, with little seasonal variation. Grasses are the dominant vegetation in tropical grasslands, with species adapted to withstand seasonal drought and fire. These grasslands may also contain scattered trees, shrubs, and woody vegetation, but they are not as dense as in tropical forests.<\/p><\/div>","protected":false},"excerpt":{"rendered":"<p>M\u00e1rka: DK<br \/>\nNem: Uniszex<br \/>\nKoroszt\u00e1ly: 8 \u00e9v felett<br \/>\nModel Number: 6025<br \/>\nBesorol\u00e1s: \u00d6sszeszerel\u00e9s<br \/>\nM\u0171anyag blokk forma: \u00f6nz\u00e1r\u00f3 t\u00e9gla<br \/>\nAnyaga: M\u0171anyag<br \/>\nM\u0171anyag t\u00edpus: ABS<br \/>\nT\u00e9gla blokkok: 755 +<br \/>\nEredeti doboza nincs<\/p>","protected":false},"featured_media":56797,"comment_status":"open","ping_status":"closed","template":"","meta":{"_acf_changed":false},"product_cat":[1365,371],"product_tag":[11072,8452,8857,13145,13003],"class_list":["product","first","instock","shipping-taxable","purchasable","product-type-simple"],"acf":[],"_links":{"self":[{"href":"https:\/\/mouldking.store\/hu\/wp-json\/wp\/v2\/product\/56798","targetHints":{"allow":["GET"]}}],"collection":[{"href":"https:\/\/mouldking.store\/hu\/wp-json\/wp\/v2\/product"}],"about":[{"href":"https:\/\/mouldking.store\/hu\/wp-json\/wp\/v2\/types\/product"}],"replies":[{"embeddable":true,"href":"https:\/\/mouldking.store\/hu\/wp-json\/wp\/v2\/comments?post=56798"}],"wp:featuredmedia":[{"embeddable":true,"href":"https:\/\/mouldking.store\/hu\/wp-json\/wp\/v2\/media\/56797"}],"wp:attachment":[{"href":"https:\/\/mouldking.store\/hu\/wp-json\/wp\/v2\/media?parent=56798"}],"wp:term":[{"taxonomy":"product_cat","embeddable":true,"href":"https:\/\/mouldking.store\/hu\/wp-json\/wp\/v2\/product_cat?post=56798"},{"taxonomy":"product_tag","embeddable":true,"href":"https:\/\/mouldking.store\/hu\/wp-json\/wp\/v2\/product_tag?post=56798"}],"curies":[{"name":"wp","href":"https:\/\/api.w.org\/{rel}","templated":true}]}}