{"id":56805,"date":"2024-03-26T15:26:37","date_gmt":"2024-03-26T08:26:37","guid":{"rendered":"https:\/\/mouldking.store\/shop\/balody-18387-angel-spongebob-with-658-pieces\/"},"modified":"2024-03-26T15:26:40","modified_gmt":"2024-03-26T08:26:40","slug":"balody-18387-angel-spongebob-with-658-pieces","status":"publish","type":"product","link":"https:\/\/mouldking.store\/hu\/shop\/balody-18387-angel-spongebob-with-658-pieces\/","title":{"rendered":"BALODY 18387 Angel Spongebob with 658 Pieces"},"content":{"rendered":"<div>\u2705BALODY 18387 Angel Spongebob<\/p>\n<p>\u2705In &#8220;SpongeBob SquarePants,&#8221; there are numerous episodes featuring SpongeBob in various roles and situations, and he often exhibits qualities of kindness, innocence, and helpfulness that could be associated with being an &#8220;angel.&#8221;<\/p>\n<p>\ud83d\udeab FONTOS!<\/p>\n<p>Product Name:&nbsp; Angel Spongebob<\/p>\n<p>Kateg\u00f3ria: Alkot\u00f3<\/p>\n<p>This Kit Contains: BALODY 18387<\/p>\n<p>658 pcs Good Quality Bricks<\/p>\n<p>M\u00e9rete: 12 cm<\/p>\n<p>K\u00e9zi utas\u00edt\u00e1sok<\/p>\n<p>\ud83d\udcccA f\u0151szerepl\u0151 term\u00e9szete<\/p>\n<p>Introducing our proud collection named \u201cAngel Spongebob\u201d you should not miss.<\/p>\n<p>SpongeBob works as a fry cook at the Krusty Krab, a fast-food restaurant run by the greedy yet lovable Mr. Krabs. He is known for his boundless optimism, childlike innocence, and unwavering dedication to his friends, especially his best friend Patrick Star, a dim-witted but well-meaning starfish, and his neighbor Squidward Tentacles, an irritable and cynical octopus.<\/p><\/div>","protected":false},"excerpt":{"rendered":"<p>M\u00e1rka: BALODY<br \/>\nNem: Uniszex<br \/>\nKoroszt\u00e1ly: &gt; 6 \u00e9v<br \/>\nModel Number: 18387<br \/>\nBesorol\u00e1s: \u00d6sszeszerel\u00e9s<br \/>\nM\u0171anyag blokk forma: \u00f6nz\u00e1r\u00f3 t\u00e9gla<br \/>\nAnyaga: M\u0171anyag<br \/>\nM\u0171anyag t\u00edpus: ABS<br \/>\nBricks Blocks: 658 +<br \/>\nEredeti doboza nincs<\/p>","protected":false},"featured_media":56804,"comment_status":"open","ping_status":"closed","template":"","meta":{"_acf_changed":false},"product_cat":[1365,371],"product_tag":[12658,11072,8452,13090,11086],"class_list":["product","first","instock","shipping-taxable","purchasable","product-type-simple"],"acf":[],"_links":{"self":[{"href":"https:\/\/mouldking.store\/hu\/wp-json\/wp\/v2\/product\/56805","targetHints":{"allow":["GET"]}}],"collection":[{"href":"https:\/\/mouldking.store\/hu\/wp-json\/wp\/v2\/product"}],"about":[{"href":"https:\/\/mouldking.store\/hu\/wp-json\/wp\/v2\/types\/product"}],"replies":[{"embeddable":true,"href":"https:\/\/mouldking.store\/hu\/wp-json\/wp\/v2\/comments?post=56805"}],"wp:featuredmedia":[{"embeddable":true,"href":"https:\/\/mouldking.store\/hu\/wp-json\/wp\/v2\/media\/56804"}],"wp:attachment":[{"href":"https:\/\/mouldking.store\/hu\/wp-json\/wp\/v2\/media?parent=56805"}],"wp:term":[{"taxonomy":"product_cat","embeddable":true,"href":"https:\/\/mouldking.store\/hu\/wp-json\/wp\/v2\/product_cat?post=56805"},{"taxonomy":"product_tag","embeddable":true,"href":"https:\/\/mouldking.store\/hu\/wp-json\/wp\/v2\/product_tag?post=56805"}],"curies":[{"name":"wp","href":"https:\/\/api.w.org\/{rel}","templated":true}]}}