{"id":56817,"date":"2024-03-26T15:37:34","date_gmt":"2024-03-26T08:37:34","guid":{"rendered":"https:\/\/mouldking.store\/shop\/balody-18381-military-hat-spongebob-with-782-pieces\/"},"modified":"2024-03-26T15:37:36","modified_gmt":"2024-03-26T08:37:36","slug":"balody-18381-military-hat-spongebob-with-782-pieces","status":"publish","type":"product","link":"https:\/\/mouldking.store\/hu\/shop\/balody-18381-military-hat-spongebob-with-782-pieces\/","title":{"rendered":"BALODY 18381 Military Hat Spongebob with 782 Pieces"},"content":{"rendered":"<div>\u2705 BALODY 18381 Military Hat Spongebob<\/p>\n<p>\u2705In the scene, SpongeBob is seen wearing a military-style hat and saluting. This image has been widely circulated on social media and has been used in various contexts, often humorously, to express different ideas or situations.<\/p>\n<p>\ud83d\udeab FONTOS!<\/p>\n<p>Product Name: Military Hat Spongebob<\/p>\n<p>Kateg\u00f3ria: Alkot\u00f3<\/p>\n<p>This Kit Contains:&nbsp; BALODY 18381<\/p>\n<p>782 pcs Good Quality Bricks<\/p>\n<p>K\u00e9zi utas\u00edt\u00e1sok<\/p>\n<p>\ud83d\udcccA f\u0151szerepl\u0151 term\u00e9szete<\/p>\n<p>Introducing our proud collection named \u201cMilitary Hat Spongebob\u201d you should not miss.<\/p>\n<p>The meme gained traction due to SpongeBob&#8217;s comical expression and the juxtaposition of his typically whimsical character wearing a serious military hat. Like many internet memes, it has been adapted and modified to fit different humorous scenarios or to convey various messages.<\/p><\/div>","protected":false},"excerpt":{"rendered":"<p>M\u00e1rka: BALODY<br \/>\nNem: Uniszex<br \/>\nKoroszt\u00e1ly: &gt; 6 \u00e9v<br \/>\nModel Number: 18381<br \/>\nBesorol\u00e1s: \u00d6sszeszerel\u00e9s<br \/>\nM\u0171anyag blokk forma: \u00f6nz\u00e1r\u00f3 t\u00e9gla<br \/>\nAnyaga: M\u0171anyag<br \/>\nM\u0171anyag t\u00edpus: ABS<br \/>\nBricks Blocks: 782 +<br \/>\nEredeti doboza nincs<\/p>","protected":false},"featured_media":56816,"comment_status":"open","ping_status":"closed","template":"","meta":{"_acf_changed":false},"product_cat":[1365,1350,371,372],"product_tag":[11072,8452,11545,374,13090,11086],"class_list":["product","first","instock","shipping-taxable","purchasable","product-type-simple"],"acf":[],"_links":{"self":[{"href":"https:\/\/mouldking.store\/hu\/wp-json\/wp\/v2\/product\/56817","targetHints":{"allow":["GET"]}}],"collection":[{"href":"https:\/\/mouldking.store\/hu\/wp-json\/wp\/v2\/product"}],"about":[{"href":"https:\/\/mouldking.store\/hu\/wp-json\/wp\/v2\/types\/product"}],"replies":[{"embeddable":true,"href":"https:\/\/mouldking.store\/hu\/wp-json\/wp\/v2\/comments?post=56817"}],"wp:featuredmedia":[{"embeddable":true,"href":"https:\/\/mouldking.store\/hu\/wp-json\/wp\/v2\/media\/56816"}],"wp:attachment":[{"href":"https:\/\/mouldking.store\/hu\/wp-json\/wp\/v2\/media?parent=56817"}],"wp:term":[{"taxonomy":"product_cat","embeddable":true,"href":"https:\/\/mouldking.store\/hu\/wp-json\/wp\/v2\/product_cat?post=56817"},{"taxonomy":"product_tag","embeddable":true,"href":"https:\/\/mouldking.store\/hu\/wp-json\/wp\/v2\/product_tag?post=56817"}],"curies":[{"name":"wp","href":"https:\/\/api.w.org\/{rel}","templated":true}]}}