{"id":56829,"date":"2024-03-26T15:51:23","date_gmt":"2024-03-26T08:51:23","guid":{"rendered":"https:\/\/mouldking.store\/shop\/reobrix-33033-caicz-10-with-1366-pieces\/"},"modified":"2024-03-26T15:51:28","modified_gmt":"2024-03-26T08:51:28","slug":"reobrix-33033-caicz-10-with-1366-pieces","status":"publish","type":"product","link":"https:\/\/mouldking.store\/hu\/shop\/reobrix-33033-caicz-10-with-1366-pieces\/","title":{"rendered":"REOBRIX 33033 CAICZ-10 with 1366 Pieces"},"content":{"rendered":"<div>\u2705Reobrix 33033 CAICZ-10<\/p>\n<p>\u2705An &#8220;armed helicopter&#8221; is a type of military rotorcraft that is specifically equipped with various weapons systems for combat purposes. These helicopters are designed to provide close air support, conduct attack missions, engage enemy targets, and provide fire support to ground forces. They are often employed in various roles, including anti-armor, air-to-ground, and air-to-air combat.<\/p>\n<p>\ud83d\udeab FONTOS!<\/p>\n<p>Product Name: CAICZ-10<\/p>\n<p>Kateg\u00f3ria: Katonai<\/p>\n<p>This Kit Contains: Reobrix 33033<\/p>\n<p>1366 pcs Good Quality Bricks<\/p>\n<p>K\u00e9zi utas\u00edt\u00e1sok<\/p>\n<p>\ud83d\udcccA f\u0151szerepl\u0151 term\u00e9szete<\/p>\n<p>Introducing our proud collection named \u201cCAICZ-10\u201d you should not miss.<\/p>\n<p>Armed helicopters play a crucial role in modern warfare, providing ground forces with mobile and responsive fire support and enhancing battlefield survivability. They are utilized by various military branches around the world for a wide range of missions, including reconnaissance, surveillance, escort, and direct combat. Examples of armed helicopters include the AH-64 Apache, the Mi-24 Hind, and the Eurocopter Tiger.<\/p><\/div>","protected":false},"excerpt":{"rendered":"<p>M\u00e1rka: REOBRIX<br \/>\nNem: Uniszex<br \/>\nKoroszt\u00e1ly: &gt; 6 \u00e9v<br \/>\nModel Number: 33033<br \/>\nBesorol\u00e1s: \u00d6sszeszerel\u00e9s<br \/>\nM\u0171anyag blokk forma: \u00f6nz\u00e1r\u00f3 t\u00e9gla<br \/>\nAnyaga: M\u0171anyag<br \/>\nM\u0171anyag t\u00edpus: ABS<br \/>\nBricks Blocks: 1366 +<br \/>\nEredeti doboza nincs<\/p>","protected":false},"featured_media":56828,"comment_status":"open","ping_status":"closed","template":"","meta":{"_acf_changed":false},"product_cat":[1350,1357,372,364],"product_tag":[13152,5298,374,389],"class_list":["product","first","instock","shipping-taxable","purchasable","product-type-simple"],"acf":[],"_links":{"self":[{"href":"https:\/\/mouldking.store\/hu\/wp-json\/wp\/v2\/product\/56829","targetHints":{"allow":["GET"]}}],"collection":[{"href":"https:\/\/mouldking.store\/hu\/wp-json\/wp\/v2\/product"}],"about":[{"href":"https:\/\/mouldking.store\/hu\/wp-json\/wp\/v2\/types\/product"}],"replies":[{"embeddable":true,"href":"https:\/\/mouldking.store\/hu\/wp-json\/wp\/v2\/comments?post=56829"}],"wp:featuredmedia":[{"embeddable":true,"href":"https:\/\/mouldking.store\/hu\/wp-json\/wp\/v2\/media\/56828"}],"wp:attachment":[{"href":"https:\/\/mouldking.store\/hu\/wp-json\/wp\/v2\/media?parent=56829"}],"wp:term":[{"taxonomy":"product_cat","embeddable":true,"href":"https:\/\/mouldking.store\/hu\/wp-json\/wp\/v2\/product_cat?post=56829"},{"taxonomy":"product_tag","embeddable":true,"href":"https:\/\/mouldking.store\/hu\/wp-json\/wp\/v2\/product_tag?post=56829"}],"curies":[{"name":"wp","href":"https:\/\/api.w.org\/{rel}","templated":true}]}}