{"id":56833,"date":"2024-03-26T15:58:33","date_gmt":"2024-03-26T08:58:33","guid":{"rendered":"https:\/\/mouldking.store\/shop\/reobrix-33028-j-15-fighter-with-1066-pieces\/"},"modified":"2024-03-26T15:58:35","modified_gmt":"2024-03-26T08:58:35","slug":"reobrix-33028-j-15-fighter-with-1066-pieces","status":"publish","type":"product","link":"https:\/\/mouldking.store\/hu\/shop\/reobrix-33028-j-15-fighter-with-1066-pieces\/","title":{"rendered":"REOBRIX 33028 J-15 Fighter with 1066 Pieces"},"content":{"rendered":"<div>\u2705Reobrix 33028 J-15 Fighter<\/p>\n<p>\u2705The J-15 fighter, also known as the &#8220;Flying Shark,&#8221; is a carrier-based fighter aircraft developed by China. It is based on the Russian-designed Sukhoi Su-33 fighter, which was acquired from Ukraine in the 1990s. The J-15 is operated by the People&#8217;s Liberation Army Navy (PLAN) and is primarily deployed aboard China&#8217;s aircraft carriers.<\/p>\n<p>\ud83d\udeab FONTOS!<\/p>\n<p>Product Name: J-15 Fighter<\/p>\n<p>Kateg\u00f3ria: Katonai<\/p>\n<p>This Kit Contains: Reobrix 33028<\/p>\n<p>1066 pcs Good Quality Bricks<\/p>\n<p>K\u00e9zi utas\u00edt\u00e1sok<\/p>\n<p>\ud83d\udcccA f\u0151szerepl\u0151 term\u00e9szete<\/p>\n<p>Introducing our proud collection named \u201cJ-15 Fighter\u201d you should not miss.<\/p>\n<p>The J-15 features a twin-engine, twin-tail design with canards (small forewings) and folding wings to facilitate storage on aircraft carriers. It has a maximum takeoff weight of around 33,000 kg. The J-15 is powered by two Shenyang WS-10 turbofan engines, which provide it with the necessary thrust for carrier-based operations. These engines are based on the Russian Saturn AL-31F engines. The J-15 is equipped with a variety of air-to-air and air-to-surface weapons, including PL-8 and PL-12 air-to-air missiles, YJ-83K anti-ship missiles, and various guided bombs and rockets.<\/p><\/div>","protected":false},"excerpt":{"rendered":"<p>M\u00e1rka: REOBRIX<br \/>\nNem: Uniszex<br \/>\nKoroszt\u00e1ly: &gt; 6 \u00e9v<br \/>\nModel Number: 33028<br \/>\nBesorol\u00e1s: \u00d6sszeszerel\u00e9s<br \/>\nM\u0171anyag blokk forma: \u00f6nz\u00e1r\u00f3 t\u00e9gla<br \/>\nAnyaga: M\u0171anyag<br \/>\nM\u0171anyag t\u00edpus: ABS<br \/>\nBricks Blocks: 1066 +<br \/>\nEredeti doboza nincs<\/p>","protected":false},"featured_media":56832,"comment_status":"open","ping_status":"closed","template":"","meta":{"_acf_changed":false},"product_cat":[1350,1357,372,364],"product_tag":[11101,7374,12137,374,389],"class_list":["product","first","instock","shipping-taxable","purchasable","product-type-simple"],"acf":[],"_links":{"self":[{"href":"https:\/\/mouldking.store\/hu\/wp-json\/wp\/v2\/product\/56833","targetHints":{"allow":["GET"]}}],"collection":[{"href":"https:\/\/mouldking.store\/hu\/wp-json\/wp\/v2\/product"}],"about":[{"href":"https:\/\/mouldking.store\/hu\/wp-json\/wp\/v2\/types\/product"}],"replies":[{"embeddable":true,"href":"https:\/\/mouldking.store\/hu\/wp-json\/wp\/v2\/comments?post=56833"}],"wp:featuredmedia":[{"embeddable":true,"href":"https:\/\/mouldking.store\/hu\/wp-json\/wp\/v2\/media\/56832"}],"wp:attachment":[{"href":"https:\/\/mouldking.store\/hu\/wp-json\/wp\/v2\/media?parent=56833"}],"wp:term":[{"taxonomy":"product_cat","embeddable":true,"href":"https:\/\/mouldking.store\/hu\/wp-json\/wp\/v2\/product_cat?post=56833"},{"taxonomy":"product_tag","embeddable":true,"href":"https:\/\/mouldking.store\/hu\/wp-json\/wp\/v2\/product_tag?post=56833"}],"curies":[{"name":"wp","href":"https:\/\/api.w.org\/{rel}","templated":true}]}}