{"id":56849,"date":"2024-03-26T16:31:39","date_gmt":"2024-03-26T09:31:39","guid":{"rendered":"https:\/\/mouldking.store\/shop\/wangao-488005-magic-engine-eva-with-1531-pieces\/"},"modified":"2024-03-26T16:31:41","modified_gmt":"2024-03-26T09:31:41","slug":"wangao-488005-magic-engine-eva-with-1531-pieces","status":"publish","type":"product","link":"https:\/\/mouldking.store\/hu\/shop\/wangao-488005-magic-engine-eva-with-1531-pieces\/","title":{"rendered":"Wangao 488005 Magic Engine EVA with 1531 Pieces"},"content":{"rendered":"<div>\u2705Wangao 488005 Magic Engine EVA<\/p>\n<p>\u2705Evangelion Unit-01, piloted by the main character Shinji Ikari, is predominantly purple in color with green highlights. The purple coloration gives it a distinctive and recognizable appearance. The color scheme is often seen on the Evangelion Unit-01&#8217;s armor, particularly on its head, torso, and limbs.<\/p>\n<p>\ud83d\udeab FONTOS!<\/p>\n<p>Product Name: Magic Engine EVA<\/p>\n<p>Kateg\u00f3ria: Film<\/p>\n<p>This Kit Contains: Wangao 488005<\/p>\n<p>1531 pcs Good Quality Bricks<\/p>\n<p>Size:&nbsp; 19 \u00d7 20 \u00d7 27 cm<\/p>\n<p>K\u00e9zi utas\u00edt\u00e1sok<\/p>\n<p>\ud83d\udcccA f\u0151szerepl\u0151 term\u00e9szete<\/p>\n<p>Introducing our proud collection named \u201cMagic Engine EVA\u201d you should not miss.<\/p>\n<p>The design of the Evangelion units, including Unit-01, is a significant aspect of the visual identity of the &#8220;Neon Genesis Evangelion&#8221; series. The purple coloration of Unit-01 contributes to its mysterious and enigmatic presence, as well as its association with the otherworldly nature of the Evangelions and the mysteries surrounding their creation and purpose within the series.<\/p><\/div>\n<div>\n<\/div>","protected":false},"excerpt":{"rendered":"<p>Brand: Wangao<br \/>\nNem: Uniszex<br \/>\nKoroszt\u00e1ly: &gt; 6 \u00e9v<br \/>\nModel Number: 488005<br \/>\nBesorol\u00e1s: \u00d6sszeszerel\u00e9s<br \/>\nM\u0171anyag blokk forma: \u00f6nz\u00e1r\u00f3 t\u00e9gla<br \/>\nAnyaga: M\u0171anyag<br \/>\nM\u0171anyag t\u00edpus: ABS<br \/>\nBricks Blocks: 1531 +<br \/>\nEredeti doboza nincs<\/p>","protected":false},"featured_media":56848,"comment_status":"open","ping_status":"closed","template":"","meta":{"_acf_changed":false},"product_cat":[1365,1373,371,581,1408],"product_tag":[11072,8452,10493,12121,12142,12304,8858,434,1498],"class_list":["product","first","instock","shipping-taxable","purchasable","product-type-simple"],"acf":[],"_links":{"self":[{"href":"https:\/\/mouldking.store\/hu\/wp-json\/wp\/v2\/product\/56849","targetHints":{"allow":["GET"]}}],"collection":[{"href":"https:\/\/mouldking.store\/hu\/wp-json\/wp\/v2\/product"}],"about":[{"href":"https:\/\/mouldking.store\/hu\/wp-json\/wp\/v2\/types\/product"}],"replies":[{"embeddable":true,"href":"https:\/\/mouldking.store\/hu\/wp-json\/wp\/v2\/comments?post=56849"}],"wp:featuredmedia":[{"embeddable":true,"href":"https:\/\/mouldking.store\/hu\/wp-json\/wp\/v2\/media\/56848"}],"wp:attachment":[{"href":"https:\/\/mouldking.store\/hu\/wp-json\/wp\/v2\/media?parent=56849"}],"wp:term":[{"taxonomy":"product_cat","embeddable":true,"href":"https:\/\/mouldking.store\/hu\/wp-json\/wp\/v2\/product_cat?post=56849"},{"taxonomy":"product_tag","embeddable":true,"href":"https:\/\/mouldking.store\/hu\/wp-json\/wp\/v2\/product_tag?post=56849"}],"curies":[{"name":"wp","href":"https:\/\/api.w.org\/{rel}","templated":true}]}}