{"id":56877,"date":"2024-03-26T17:05:03","date_gmt":"2024-03-26T10:05:03","guid":{"rendered":"https:\/\/mouldking.store\/shop\/sluban-m38-b1223-garfield-space-tour-with-300-pieces\/"},"modified":"2024-03-26T17:05:11","modified_gmt":"2024-03-26T10:05:11","slug":"sluban-m38-b1223-garfield-space-tour-with-300-pieces","status":"publish","type":"product","link":"https:\/\/mouldking.store\/hu\/shop\/sluban-m38-b1223-garfield-space-tour-with-300-pieces\/","title":{"rendered":"Sluban M38-B1223 Garfield Space Tour with 300 Pieces"},"content":{"rendered":"<div>\u2705SLUBAN M38-B1223 Garfield Space Tour<\/p>\n<p>\u2705&#8221;Garfield Space Tour&#8221; is an animated television special featuring the famous comic strip character Garfield. In this special, Garfield, the lazy and lasagna-loving cat, embarks on an adventure in outer space.<\/p>\n<p>\ud83d\udeab FONTOS!<\/p>\n<p>Product Name: Garfield Space Tour<\/p>\n<p>Category: SLUBAN M38-B1223<\/p>\n<p>This Kit Contains: Creator<\/p>\n<p>300 pcs Good Quality Bricks<\/p>\n<p>K\u00e9zi utas\u00edt\u00e1sok<\/p>\n<p>\ud83d\udcccA f\u0151szerepl\u0151 term\u00e9szete<\/p>\n<p>Introducing our proud collection named \u201cGarfield Space Tour\u201d you should not miss.<\/p>\n<p>In &#8220;Garfield Space Tour,&#8221; the titular character finds himself launched into space accidentally. While in space, Garfield encounters various comedic situations and interacts with alien creatures. Throughout the special, Garfield&#8217;s witty remarks and humorous antics keep audiences entertained as he navigates through the challenges of space travel.<\/p><\/div>","protected":false},"excerpt":{"rendered":"<p>M\u00e1rka: Sluban<br \/>\nNem: Uniszex<br \/>\nKoroszt\u00e1ly: &gt; 6 \u00e9v<br \/>\nModel Number: M38-B1223<br \/>\nBesorol\u00e1s: \u00d6sszeszerel\u00e9s<br \/>\nM\u0171anyag blokk forma: \u00f6nz\u00e1r\u00f3 t\u00e9gla<br \/>\nAnyaga: M\u0171anyag<br \/>\nM\u0171anyag t\u00edpus: ABS<br \/>\nBricks Blocks: 300 +<br \/>\nEredeti doboza nincs<\/p>","protected":false},"featured_media":56876,"comment_status":"open","ping_status":"closed","template":"","meta":{"_acf_changed":false},"product_cat":[1365,371,6016],"product_tag":[11072,8452,12723,2276],"class_list":["product","first","instock","shipping-taxable","purchasable","product-type-simple"],"acf":[],"_links":{"self":[{"href":"https:\/\/mouldking.store\/hu\/wp-json\/wp\/v2\/product\/56877","targetHints":{"allow":["GET"]}}],"collection":[{"href":"https:\/\/mouldking.store\/hu\/wp-json\/wp\/v2\/product"}],"about":[{"href":"https:\/\/mouldking.store\/hu\/wp-json\/wp\/v2\/types\/product"}],"replies":[{"embeddable":true,"href":"https:\/\/mouldking.store\/hu\/wp-json\/wp\/v2\/comments?post=56877"}],"wp:featuredmedia":[{"embeddable":true,"href":"https:\/\/mouldking.store\/hu\/wp-json\/wp\/v2\/media\/56876"}],"wp:attachment":[{"href":"https:\/\/mouldking.store\/hu\/wp-json\/wp\/v2\/media?parent=56877"}],"wp:term":[{"taxonomy":"product_cat","embeddable":true,"href":"https:\/\/mouldking.store\/hu\/wp-json\/wp\/v2\/product_cat?post=56877"},{"taxonomy":"product_tag","embeddable":true,"href":"https:\/\/mouldking.store\/hu\/wp-json\/wp\/v2\/product_tag?post=56877"}],"curies":[{"name":"wp","href":"https:\/\/api.w.org\/{rel}","templated":true}]}}