{"id":56920,"date":"2024-03-26T17:52:54","date_gmt":"2024-03-26T10:52:54","guid":{"rendered":"https:\/\/mouldking.store\/shop\/kalos-blocks-61006-nara-hut-with-1378-pieces\/"},"modified":"2024-03-26T17:53:01","modified_gmt":"2024-03-26T10:53:01","slug":"kalos-blocks-61006-nara-hut-with-1378-pieces","status":"publish","type":"product","link":"https:\/\/mouldking.store\/hu\/shop\/kalos-blocks-61006-nara-hut-with-1378-pieces\/","title":{"rendered":"KALOS BLOCKS 61006 Nara Hut with 1378 Pieces"},"content":{"rendered":"<div>\u2705KALOS BLOCKS 61006 Nara Hut<\/p>\n<p>\u2705Nara is a city in Japan famous for its ancient temples, deer park, and traditional architecture. It was the capital of Japan from 710 to 794 AD, before the capital was moved to Kyoto.<\/p>\n<p>\ud83d\udeab FONTOS!<\/p>\n<p>Product Name: Nara Hut<\/p>\n<p>Kateg\u00f3ria: Modul\u00e1ris \u00e9p\u00fclet<\/p>\n<p>This Kit Contains: KALOS BLOCKS 61006<\/p>\n<p>1378&nbsp; pcs Good Quality Bricks<\/p>\n<p>Size: 28 \u00d7 26.6 \u00d7 15.7 cm<\/p>\n<p>K\u00e9zi utas\u00edt\u00e1sok<\/p>\n<p>\ud83d\udcccA f\u0151szerepl\u0151 term\u00e9szete<\/p>\n<p>Introducing our proud collection named \u201cNara Hut\u201d you should not miss.<\/p>\n<p>&#8220;Nara Hut&#8221; might hypothetically refer to a traditional Japanese hut located in or near the city of Nara. Traditional Japanese huts, often called &#8220;minka,&#8221; are simple wooden structures that can serve various purposes, such as housing, storage, or tea houses.<\/p><\/div>","protected":false},"excerpt":{"rendered":"<p>Brand: KALOS BLOCKS<br \/>\nNem: Uniszex<br \/>\nKoroszt\u00e1ly: &gt; 6 \u00e9v<br \/>\nModel Number: 61006<br \/>\nBesorol\u00e1s: \u00d6sszeszerel\u00e9s<br \/>\nM\u0171anyag blokk forma: \u00f6nz\u00e1r\u00f3 t\u00e9gla<br \/>\nAnyaga: M\u0171anyag<br \/>\nM\u0171anyag t\u00edpus: ABS<br \/>\nBricks Blocks: 1378 +<br \/>\nEredeti doboza nincs<\/p>","protected":false},"featured_media":56919,"comment_status":"open","ping_status":"closed","template":"","meta":{"_acf_changed":false},"product_cat":[1395,1502,390],"product_tag":[4883,2860,392,13161],"class_list":["product","first","instock","shipping-taxable","purchasable","product-type-simple"],"acf":[],"_links":{"self":[{"href":"https:\/\/mouldking.store\/hu\/wp-json\/wp\/v2\/product\/56920","targetHints":{"allow":["GET"]}}],"collection":[{"href":"https:\/\/mouldking.store\/hu\/wp-json\/wp\/v2\/product"}],"about":[{"href":"https:\/\/mouldking.store\/hu\/wp-json\/wp\/v2\/types\/product"}],"replies":[{"embeddable":true,"href":"https:\/\/mouldking.store\/hu\/wp-json\/wp\/v2\/comments?post=56920"}],"wp:featuredmedia":[{"embeddable":true,"href":"https:\/\/mouldking.store\/hu\/wp-json\/wp\/v2\/media\/56919"}],"wp:attachment":[{"href":"https:\/\/mouldking.store\/hu\/wp-json\/wp\/v2\/media?parent=56920"}],"wp:term":[{"taxonomy":"product_cat","embeddable":true,"href":"https:\/\/mouldking.store\/hu\/wp-json\/wp\/v2\/product_cat?post=56920"},{"taxonomy":"product_tag","embeddable":true,"href":"https:\/\/mouldking.store\/hu\/wp-json\/wp\/v2\/product_tag?post=56920"}],"curies":[{"name":"wp","href":"https:\/\/api.w.org\/{rel}","templated":true}]}}