{"id":56953,"date":"2024-03-26T18:27:13","date_gmt":"2024-03-26T11:27:13","guid":{"rendered":"https:\/\/mouldking.store\/shop\/tuomu-t1008-space-exploration-with-1455-pieces\/"},"modified":"2024-03-26T18:27:22","modified_gmt":"2024-03-26T11:27:22","slug":"tuomu-t1008-space-exploration-with-1455-pieces","status":"publish","type":"product","link":"https:\/\/mouldking.store\/hu\/shop\/tuomu-t1008-space-exploration-with-1455-pieces\/","title":{"rendered":"TuoMu T1008 Space Exploration with 1455 Pieces"},"content":{"rendered":"<div>\u2705TUOMU T1008 Space Exploration<\/p>\n<p>\u2705&#8221;The Earth,&#8221; also known as &#8220;the globe,&#8221; is the third planet from the Sun and the only known celestial body to support life. It&#8217;s the largest and densest of the inner planets in our solar system.&nbsp;<\/p>\n<p>\ud83d\udeab FONTOS!<\/p>\n<p>Product Name: Space Exploration<\/p>\n<p>Kateg\u00f3ria: Alkot\u00f3<\/p>\n<p>This Kit Contains: TUOMU T1008<\/p>\n<p>1455 pcs Good Quality Bricks<\/p>\n<p>Size: 24.1 \u00d7 17.2 \u00d7 33.3 cm<\/p>\n<p>K\u00e9zi utas\u00edt\u00e1sok<\/p>\n<p>\ud83d\udcccA f\u0151szerepl\u0151 term\u00e9szete<\/p>\n<p>Introducing our proud collection named \u201c Space Exploration\u201d you should not miss.<\/p>\n<p>Despite its natural beauty and abundance of life, Earth faces various challenges, including climate change, pollution, habitat destruction, and loss of biodiversity. Addressing these challenges requires global cooperation and sustainable practices to protect the planet for future generations.<\/p><\/div>","protected":false},"excerpt":{"rendered":"<p>Brand: TuoMu<br \/>\nNem: Uniszex<br \/>\nKoroszt\u00e1ly: 8 \u00e9v felett<br \/>\nModel Number: T1008<br \/>\nBesorol\u00e1s: \u00d6sszeszerel\u00e9s<br \/>\nM\u0171anyag blokk forma: \u00f6nz\u00e1r\u00f3 t\u00e9gla<br \/>\nAnyaga: M\u0171anyag<br \/>\nM\u0171anyag t\u00edpus: ABS<br \/>\nBricks Blocks: 1455 +<br \/>\nEredeti doboza nincs<\/p>","protected":false},"featured_media":56952,"comment_status":"open","ping_status":"closed","template":"","meta":{"_acf_changed":false},"product_cat":[1365,371,6016],"product_tag":[11072,8452,7210,2276,7211],"class_list":["product","first","instock","shipping-taxable","purchasable","product-type-simple"],"acf":[],"_links":{"self":[{"href":"https:\/\/mouldking.store\/hu\/wp-json\/wp\/v2\/product\/56953","targetHints":{"allow":["GET"]}}],"collection":[{"href":"https:\/\/mouldking.store\/hu\/wp-json\/wp\/v2\/product"}],"about":[{"href":"https:\/\/mouldking.store\/hu\/wp-json\/wp\/v2\/types\/product"}],"replies":[{"embeddable":true,"href":"https:\/\/mouldking.store\/hu\/wp-json\/wp\/v2\/comments?post=56953"}],"wp:featuredmedia":[{"embeddable":true,"href":"https:\/\/mouldking.store\/hu\/wp-json\/wp\/v2\/media\/56952"}],"wp:attachment":[{"href":"https:\/\/mouldking.store\/hu\/wp-json\/wp\/v2\/media?parent=56953"}],"wp:term":[{"taxonomy":"product_cat","embeddable":true,"href":"https:\/\/mouldking.store\/hu\/wp-json\/wp\/v2\/product_cat?post=56953"},{"taxonomy":"product_tag","embeddable":true,"href":"https:\/\/mouldking.store\/hu\/wp-json\/wp\/v2\/product_tag?post=56953"}],"curies":[{"name":"wp","href":"https:\/\/api.w.org\/{rel}","templated":true}]}}