{"id":57019,"date":"2024-03-27T17:32:32","date_gmt":"2024-03-27T10:32:32","guid":{"rendered":"https:\/\/mouldking.store\/shop\/tuomu-t1004-mc-supercar-with-1242-pieces\/"},"modified":"2024-03-27T17:32:42","modified_gmt":"2024-03-27T10:32:42","slug":"tuomu-t1004-mc-supercar-with-1242-pieces","status":"publish","type":"product","link":"https:\/\/mouldking.store\/hu\/shop\/tuomu-t1004-mc-supercar-with-1242-pieces\/","title":{"rendered":"TuoMu T1004 MC Supercar with 1242 Pieces"},"content":{"rendered":"<div>\u2705TUOMU T1004 MC Supercar<\/p>\n<p>\u2705The MC Supercar would boast a sleek and aerodynamic design, featuring aggressive lines, sculpted bodywork, and exotic styling elements. Its exterior would likely incorporate lightweight materials such as carbon fiber to enhance performance and aesthetics.<\/p>\n<p>\ud83d\udeab FONTOS!<\/p>\n<p>Product Name:&nbsp; MC Supercar<\/p>\n<p>Kateg\u00f3ria: M\u0171szaki<\/p>\n<p>This Kit Contains: TUOMU T1004<\/p>\n<p>1242&nbsp; pcs Good Quality Bricks<\/p>\n<p>Size: 33.9 \u00d7 18.7 \u00d7 8.4 cm<\/p>\n<p>K\u00e9zi utas\u00edt\u00e1sok<\/p>\n<p>\ud83d\udcccA f\u0151szerepl\u0151 term\u00e9szete<\/p>\n<p>Introducing our proud collection named \u201cMC Supercar\u201d you should not miss.<\/p>\n<p>Being a supercar, the MC Supercar would offer blistering performance and exhilarating driving dynamics. It would be powered by a high-output engine, possibly a turbocharged or naturally aspirated V8 or V10, delivering an impressive horsepower figure and rapid acceleration. The MC Supercar would be equipped with state-of-the-art technology and advanced driver-assistance systems to optimize performance, safety, and comfort. This might include features such as adaptive suspension, advanced traction control, and customizable driving modes.<\/p><\/div>","protected":false},"excerpt":{"rendered":"<p>Brand: TuoMu<br \/>\nNem: Uniszex<br \/>\nKoroszt\u00e1ly: 8 \u00e9v felett<br \/>\nModel Number: T1004<br \/>\nBesorol\u00e1s: \u00d6sszeszerel\u00e9s<br \/>\nM\u0171anyag blokk forma: \u00f6nz\u00e1r\u00f3 t\u00e9gla<br \/>\nAnyaga: M\u0171anyag<br \/>\nM\u0171anyag t\u00edpus: ABS<br \/>\nBricks Blocks: 1242 +<br \/>\nEredeti doboza nincs<\/p>","protected":false},"featured_media":57018,"comment_status":"open","ping_status":"closed","template":"","meta":{"_acf_changed":false},"product_cat":[1360,1357,364,1875],"product_tag":[457,588,389,11080],"class_list":["product","first","instock","shipping-taxable","purchasable","product-type-simple"],"acf":[],"_links":{"self":[{"href":"https:\/\/mouldking.store\/hu\/wp-json\/wp\/v2\/product\/57019","targetHints":{"allow":["GET"]}}],"collection":[{"href":"https:\/\/mouldking.store\/hu\/wp-json\/wp\/v2\/product"}],"about":[{"href":"https:\/\/mouldking.store\/hu\/wp-json\/wp\/v2\/types\/product"}],"replies":[{"embeddable":true,"href":"https:\/\/mouldking.store\/hu\/wp-json\/wp\/v2\/comments?post=57019"}],"wp:featuredmedia":[{"embeddable":true,"href":"https:\/\/mouldking.store\/hu\/wp-json\/wp\/v2\/media\/57018"}],"wp:attachment":[{"href":"https:\/\/mouldking.store\/hu\/wp-json\/wp\/v2\/media?parent=57019"}],"wp:term":[{"taxonomy":"product_cat","embeddable":true,"href":"https:\/\/mouldking.store\/hu\/wp-json\/wp\/v2\/product_cat?post=57019"},{"taxonomy":"product_tag","embeddable":true,"href":"https:\/\/mouldking.store\/hu\/wp-json\/wp\/v2\/product_tag?post=57019"}],"curies":[{"name":"wp","href":"https:\/\/api.w.org\/{rel}","templated":true}]}}