{"id":57062,"date":"2024-03-27T17:56:08","date_gmt":"2024-03-27T10:56:08","guid":{"rendered":"https:\/\/mouldking.store\/shop\/small-angle-jd022-starcraft-2-mecha-with-451-pieces\/"},"modified":"2024-03-27T17:56:14","modified_gmt":"2024-03-27T10:56:14","slug":"small-angle-jd022-starcraft-2-mecha-with-451-pieces","status":"publish","type":"product","link":"https:\/\/mouldking.store\/hu\/shop\/small-angle-jd022-starcraft-2-mecha-with-451-pieces\/","title":{"rendered":"Kis sz\u00f6g\u0171 JD022 StarCraft 2 Mecha 451 darabbal"},"content":{"rendered":"<div>\u2705Small Angle JD022 StarCraft 2 Mecha<\/p>\n<p>\u2705In StarCraft 2, the term &#8220;Mecha&#8221; typically refers to mechanical units controlled by one of the game&#8217;s factions, namely the Terran, Protoss, or Zerg. These units are a crucial part of each faction&#8217;s army and contribute to their strategies and tactics in battle.&nbsp;<\/p>\n<p>\ud83d\udeab FONTOS!<\/p>\n<p>Product Name: StarCraft 2 Mecha<\/p>\n<p>Kateg\u00f3ria: Alkot\u00f3<\/p>\n<p>This Kit Contains: Small Angle JD022<\/p>\n<p>451 pcs Good Quality Bricks<\/p>\n<p>Size: 11.5 \u00d7 9 \u00d7 13 cm<\/p>\n<p>K\u00e9zi utas\u00edt\u00e1sok<\/p>\n<p>\ud83d\udcccA f\u0151szerepl\u0151 term\u00e9szete<\/p>\n<p>Introducing our proud collection named \u201cStarCraft 2 Mecha\u201d you should not miss.<\/p>\n<p>The Siege Tank is a powerful ground unit that can switch between Siege Mode, where it gains increased range and splash damage but cannot move, and Tank Mode, which allows it to move freely. The Thor is a heavily armored mech equipped with powerful anti-air and anti-ground weapons. It can also transform into a high-impact payload mode to deal massive damage to ground targets. These are versatile mech units that specialize in hit-and-run attacks against enemy ground units. The Hellbat is a close-combat unit, while the Hellion has a longer range and can transform into a Hellion with Infernal Pre-Igniters upgrade.<\/p><\/div>","protected":false},"excerpt":{"rendered":"<p>Brand: Small Angle<br \/>\nNem: Uniszex<br \/>\nKoroszt\u00e1ly: &gt; 6 \u00e9v<br \/>\nModel Number: JD022<br \/>\nBesorol\u00e1s: \u00d6sszeszerel\u00e9s<br \/>\nM\u0171anyag blokk forma: \u00f6nz\u00e1r\u00f3 t\u00e9gla<br \/>\nAnyaga: M\u0171anyag<br \/>\nM\u0171anyag t\u00edpus: ABS<br \/>\nBricks Blocks: 451 +<br \/>\nEredeti doboza nincs<\/p>","protected":false},"featured_media":57061,"comment_status":"open","ping_status":"closed","template":"","meta":{"_acf_changed":false},"product_cat":[1365,371],"product_tag":[11072,8452,9302,13149],"class_list":["product","first","instock","shipping-taxable","purchasable","product-type-simple"],"acf":[],"_links":{"self":[{"href":"https:\/\/mouldking.store\/hu\/wp-json\/wp\/v2\/product\/57062","targetHints":{"allow":["GET"]}}],"collection":[{"href":"https:\/\/mouldking.store\/hu\/wp-json\/wp\/v2\/product"}],"about":[{"href":"https:\/\/mouldking.store\/hu\/wp-json\/wp\/v2\/types\/product"}],"replies":[{"embeddable":true,"href":"https:\/\/mouldking.store\/hu\/wp-json\/wp\/v2\/comments?post=57062"}],"wp:featuredmedia":[{"embeddable":true,"href":"https:\/\/mouldking.store\/hu\/wp-json\/wp\/v2\/media\/57061"}],"wp:attachment":[{"href":"https:\/\/mouldking.store\/hu\/wp-json\/wp\/v2\/media?parent=57062"}],"wp:term":[{"taxonomy":"product_cat","embeddable":true,"href":"https:\/\/mouldking.store\/hu\/wp-json\/wp\/v2\/product_cat?post=57062"},{"taxonomy":"product_tag","embeddable":true,"href":"https:\/\/mouldking.store\/hu\/wp-json\/wp\/v2\/product_tag?post=57062"}],"curies":[{"name":"wp","href":"https:\/\/api.w.org\/{rel}","templated":true}]}}