{"id":57143,"date":"2024-03-27T20:13:20","date_gmt":"2024-03-27T13:13:20","guid":{"rendered":"https:\/\/mouldking.store\/shop\/area-x-ab0004-game-king-blue-eyed-white-dragon-with-1250-pieces\/"},"modified":"2024-03-27T20:13:24","modified_gmt":"2024-03-27T13:13:24","slug":"area-x-ab0004-game-king-blue-eyed-white-dragon-with-1250-pieces","status":"publish","type":"product","link":"https:\/\/mouldking.store\/hu\/shop\/area-x-ab0004-game-king-blue-eyed-white-dragon-with-1250-pieces\/","title":{"rendered":"AREA-X AB0004 Game King Blue Eyed White Dragon with 1250 Pieces"},"content":{"rendered":"<div>\u2705AREA-X AB0004 Game King Blue Eyed White Dragon<\/p>\n<p>\u2705The &#8220;Blue-Eyes White Dragon&#8221; is one of the most iconic and powerful cards in the Yu-Gi-Oh! trading card game.&nbsp;<\/p>\n<p>\ud83d\udeab FONTOS!<\/p>\n<p>Product Name: Game King Blue Eyed White Dragon<\/p>\n<p>Kateg\u00f3ria: Alkot\u00f3<\/p>\n<p>This Kit Contains: AREA-X AB0004&nbsp;<\/p>\n<p>1250 pcs Good Quality Bricks<\/p>\n<p>M\u00e9rete: 51,2 \u00d7 38,4 \u00d7 28,8 cm<\/p>\n<p>K\u00e9zi utas\u00edt\u00e1sok<\/p>\n<p>\ud83d\udcccA f\u0151szerepl\u0151 term\u00e9szete<\/p>\n<p>Introducing our proud collection named \u201cGame King Blue Eyed White Dragon\u201d you should not miss.<\/p>\n<p>The Blue-Eyes White Dragon is a Level 8 Monster card belonging to the Dragon-type category. It boasts impressive stats, typically with 3000 Attack Points and 2500 Defense Points, making it one of the strongest creatures in the game. Its artwork features a majestic dragon with piercing blue eyes, surrounded by swirling energy.<\/p><\/div>","protected":false},"excerpt":{"rendered":"<p>M\u00e1rka: AREA-X<br \/>\nNem: Uniszex<br \/>\nKoroszt\u00e1ly: &gt; 6 \u00e9v<br \/>\nModellsz\u00e1m: AB0004<br \/>\nBesorol\u00e1s: \u00d6sszeszerel\u00e9s<br \/>\nM\u0171anyag blokk forma: \u00f6nz\u00e1r\u00f3 t\u00e9gla<br \/>\nAnyaga: M\u0171anyag<br \/>\nM\u0171anyag t\u00edpus: ABS<br \/>\nBricks Blocks: 1250 +<br \/>\nEredeti doboza nincs<\/p>","protected":false},"featured_media":57142,"comment_status":"open","ping_status":"closed","template":"","meta":{"_acf_changed":false},"product_cat":[1365,371],"product_tag":[10982,11072,8452,1771,1461,11586],"class_list":["product","first","instock","shipping-taxable","purchasable","product-type-simple"],"acf":[],"_links":{"self":[{"href":"https:\/\/mouldking.store\/hu\/wp-json\/wp\/v2\/product\/57143","targetHints":{"allow":["GET"]}}],"collection":[{"href":"https:\/\/mouldking.store\/hu\/wp-json\/wp\/v2\/product"}],"about":[{"href":"https:\/\/mouldking.store\/hu\/wp-json\/wp\/v2\/types\/product"}],"replies":[{"embeddable":true,"href":"https:\/\/mouldking.store\/hu\/wp-json\/wp\/v2\/comments?post=57143"}],"wp:featuredmedia":[{"embeddable":true,"href":"https:\/\/mouldking.store\/hu\/wp-json\/wp\/v2\/media\/57142"}],"wp:attachment":[{"href":"https:\/\/mouldking.store\/hu\/wp-json\/wp\/v2\/media?parent=57143"}],"wp:term":[{"taxonomy":"product_cat","embeddable":true,"href":"https:\/\/mouldking.store\/hu\/wp-json\/wp\/v2\/product_cat?post=57143"},{"taxonomy":"product_tag","embeddable":true,"href":"https:\/\/mouldking.store\/hu\/wp-json\/wp\/v2\/product_tag?post=57143"}],"curies":[{"name":"wp","href":"https:\/\/api.w.org\/{rel}","templated":true}]}}