{"id":57169,"date":"2024-03-27T20:54:28","date_gmt":"2024-03-27T13:54:28","guid":{"rendered":"https:\/\/mouldking.store\/shop\/area-x-ab0026-spongebob-squarepants-mr-krabs-krusty-krab-with-310-pieces\/"},"modified":"2024-03-27T20:54:47","modified_gmt":"2024-03-27T13:54:47","slug":"area-x-ab0026-spongebob-squarepants-mr-krabs-krusty-krab-with-310-pieces","status":"publish","type":"product","link":"https:\/\/mouldking.store\/hu\/shop\/area-x-ab0026-spongebob-squarepants-mr-krabs-krusty-krab-with-310-pieces\/","title":{"rendered":"AREA-X AB0026 SpongeBob SquarePants Mr. Krabs\u2019 Krusty Krab with 310 Pieces"},"content":{"rendered":"<div>\u2705AREA-X AB0026 SpongeBob SquarePants Mr. Krabs\u2019 Krusty Krab<\/p>\n<p>\u2705In &#8220;SpongeBob SquarePants,&#8221; Mr. Krabs, the money-loving crustacean, owns and operates the Krusty Krab, the most popular fast-food restaurant in Bikini Bottom. While Mr. Krabs doesn&#8217;t live in the Krusty Krab itself, he is often depicted spending a significant amount of time there.<\/p>\n<p>\ud83d\udeab FONTOS!<\/p>\n<p>Product Name: SpongeBob SquarePants Mr. Krabs\u2019 Krusty Krab<\/p>\n<p>Kateg\u00f3ria: Film<\/p>\n<p>This Kit Contains: AREA-X AB0026<\/p>\n<p>310 pcs Good Quality Bricks<\/p>\n<p>Size: 10.8 \u00d7 10.8 \u00d7 12.1 cm<\/p>\n<p>K\u00e9zi utas\u00edt\u00e1sok<\/p>\n<p>\ud83d\udcccA f\u0151szerepl\u0151 term\u00e9szete<\/p>\n<p>Introducing our proud collection named \u201cSpongeBob SquarePants Mr. Krabs\u2019 Krusty Krab\u201d you should not miss.<\/p>\n<p>The Krusty Krab is shaped like a lobster trap, with a red and white-striped roof resembling a ship&#8217;s hull. Its exterior is adorned with a large sign depicting Mr. Krabs&#8217; smiling face and the restaurant&#8217;s name in bold letters. The building is situated near the edge of a coral cliff overlooking Jellyfish Fields. Inside the Krusty Krab, the main dining area features tables and chairs for customers to sit and enjoy their meals. The kitchen, where SpongeBob works as the fry cook, is equipped with grills, fryers, and other cooking appliances. Mr. Krabs&#8217; office is located upstairs, where he keeps a close eye on the restaurant&#8217;s profits and occasionally conducts business.<\/p><\/div>","protected":false},"excerpt":{"rendered":"<p>M\u00e1rka: AREA-X<br \/>\nNem: Uniszex<br \/>\nAge Range: &gt; 4 years old<br \/>\nModel Number: AB0026<br \/>\nBesorol\u00e1s: \u00d6sszeszerel\u00e9s<br \/>\nM\u0171anyag blokk forma: \u00f6nz\u00e1r\u00f3 t\u00e9gla<br \/>\nAnyaga: M\u0171anyag<br \/>\nM\u0171anyag t\u00edpus: ABS<br \/>\nBricks Blocks: 310 +<\/p>","protected":false},"featured_media":57168,"comment_status":"open","ping_status":"closed","template":"","meta":{"_acf_changed":false},"product_cat":[1365,371,581,1408],"product_tag":[11072,8452,13187,13092,434,13093,13090,11086,13091],"class_list":["product","first","instock","shipping-taxable","purchasable","product-type-simple"],"acf":[],"_links":{"self":[{"href":"https:\/\/mouldking.store\/hu\/wp-json\/wp\/v2\/product\/57169","targetHints":{"allow":["GET"]}}],"collection":[{"href":"https:\/\/mouldking.store\/hu\/wp-json\/wp\/v2\/product"}],"about":[{"href":"https:\/\/mouldking.store\/hu\/wp-json\/wp\/v2\/types\/product"}],"replies":[{"embeddable":true,"href":"https:\/\/mouldking.store\/hu\/wp-json\/wp\/v2\/comments?post=57169"}],"wp:featuredmedia":[{"embeddable":true,"href":"https:\/\/mouldking.store\/hu\/wp-json\/wp\/v2\/media\/57168"}],"wp:attachment":[{"href":"https:\/\/mouldking.store\/hu\/wp-json\/wp\/v2\/media?parent=57169"}],"wp:term":[{"taxonomy":"product_cat","embeddable":true,"href":"https:\/\/mouldking.store\/hu\/wp-json\/wp\/v2\/product_cat?post=57169"},{"taxonomy":"product_tag","embeddable":true,"href":"https:\/\/mouldking.store\/hu\/wp-json\/wp\/v2\/product_tag?post=57169"}],"curies":[{"name":"wp","href":"https:\/\/api.w.org\/{rel}","templated":true}]}}