{"id":57510,"date":"2024-04-02T12:52:39","date_gmt":"2024-04-02T05:52:39","guid":{"rendered":"https:\/\/mouldking.store\/shop\/jaki-jk1366-starlight-amusement-park-diy-music-box-with-648-pieces\/"},"modified":"2024-04-02T12:52:48","modified_gmt":"2024-04-02T05:52:48","slug":"jaki-jk1366-starlight-amusement-park-diy-music-box-with-648-pieces","status":"publish","type":"product","link":"https:\/\/mouldking.store\/hu\/shop\/jaki-jk1366-starlight-amusement-park-diy-music-box-with-648-pieces\/","title":{"rendered":"JAKI JK1366 Starlight Amusement Park DIY Music Box with 648 Pieces"},"content":{"rendered":"<div>\u2705JAKI JK1366 Starlight Amusement Park DIY Music Box<\/p>\n<p>\u2705The DIY kit includes all the components needed to assemble a miniature amusement park scene, complete with rides, attractions, and colorful lights reminiscent of a starlit night sky.<\/p>\n<p>\ud83d\udeab FONTOS!<\/p>\n<p>Product Name: Starlight Amusement Park DIY Music Box<\/p>\n<p>Kateg\u00f3ria: Alkot\u00f3<\/p>\n<p>This Kit Contains: JAKI JK1366<\/p>\n<p>648 pcs Good Quality Bricks<\/p>\n<p>Size: 15.53 \u00d7 15.53 \u00d7 21.18 cm<\/p>\n<p>K\u00e9zi utas\u00edt\u00e1sok<\/p>\n<p>\ud83d\udcccA f\u0151szerepl\u0151 term\u00e9szete<\/p>\n<p>Introducing our proud collection named \u201cStarlight Amusement Park DIY Music Box\u201d you should not miss.<\/p>\n<p>The centerpiece of the scene is a music box mechanism, which plays a nostalgic tune evocative of the whimsy and magic of a night spent at an amusement park. Users can customize the scene by assembling and decorating the various elements of the amusement park, such as miniature Ferris wheels, carousels, roller coasters, and ticket booths.<\/p><\/div>","protected":false},"excerpt":{"rendered":"<p>M\u00e1rka: JAKI<br \/>\nNem: Uniszex<br \/>\nKoroszt\u00e1ly: 8 \u00e9v felett<br \/>\nModel Number: JK1366<br \/>\nBesorol\u00e1s: \u00d6sszeszerel\u00e9s<br \/>\nM\u0171anyag blokk forma: \u00f6nz\u00e1r\u00f3 t\u00e9gla<br \/>\nAnyaga: M\u0171anyag<br \/>\nM\u0171anyag t\u00edpus: ABS<br \/>\nBricks Blocks: 648 +<br \/>\nEredeti doboza nincs<\/p>","protected":false},"featured_media":57509,"comment_status":"open","ping_status":"closed","template":"","meta":{"_acf_changed":false},"product_cat":[1365,371],"product_tag":[1778,11072,8452,1370,13219],"class_list":["product","first","instock","shipping-taxable","purchasable","product-type-simple"],"acf":[],"_links":{"self":[{"href":"https:\/\/mouldking.store\/hu\/wp-json\/wp\/v2\/product\/57510","targetHints":{"allow":["GET"]}}],"collection":[{"href":"https:\/\/mouldking.store\/hu\/wp-json\/wp\/v2\/product"}],"about":[{"href":"https:\/\/mouldking.store\/hu\/wp-json\/wp\/v2\/types\/product"}],"replies":[{"embeddable":true,"href":"https:\/\/mouldking.store\/hu\/wp-json\/wp\/v2\/comments?post=57510"}],"wp:featuredmedia":[{"embeddable":true,"href":"https:\/\/mouldking.store\/hu\/wp-json\/wp\/v2\/media\/57509"}],"wp:attachment":[{"href":"https:\/\/mouldking.store\/hu\/wp-json\/wp\/v2\/media?parent=57510"}],"wp:term":[{"taxonomy":"product_cat","embeddable":true,"href":"https:\/\/mouldking.store\/hu\/wp-json\/wp\/v2\/product_cat?post=57510"},{"taxonomy":"product_tag","embeddable":true,"href":"https:\/\/mouldking.store\/hu\/wp-json\/wp\/v2\/product_tag?post=57510"}],"curies":[{"name":"wp","href":"https:\/\/api.w.org\/{rel}","templated":true}]}}