{"id":57529,"date":"2024-04-02T14:47:48","date_gmt":"2024-04-02T07:47:48","guid":{"rendered":"https:\/\/mouldking.store\/shop\/jaki-jk5306-3d-painting-workshop-expedition-to-the-stars-with-410-pieces\/"},"modified":"2024-04-02T14:47:55","modified_gmt":"2024-04-02T07:47:55","slug":"jaki-jk5306-3d-painting-workshop-expedition-to-the-stars-with-410-pieces","status":"publish","type":"product","link":"https:\/\/mouldking.store\/hu\/shop\/jaki-jk5306-3d-painting-workshop-expedition-to-the-stars-with-410-pieces\/","title":{"rendered":"JAKI JK5306 3D Painting Workshop Expedition to the Stars with 410 Pieces"},"content":{"rendered":"<div>\u2705JAKI JK5306 3D Painting Workshop Expedition to the Stars<\/p>\n<p>\u2705The theme of the workshop is an &#8220;Expedition to the Stars,&#8221; inspiring participants to create paintings that depict cosmic scenes, celestial bodies, and otherworldly landscapes. Artists may draw inspiration from outer space imagery, such as galaxies, nebulae, planets, starscapes, and futuristic space stations.<\/p>\n<p>\ud83d\udeab FONTOS!<\/p>\n<p>Product Name: 3D Painting Workshop Expedition to the Stars<\/p>\n<p>Kateg\u00f3ria: Alkot\u00f3<\/p>\n<p>This Kit Contains: JAKI JK5306<\/p>\n<p>410 pcs Good Quality Bricks<\/p>\n<p>Size:&nbsp; 25.5 \u00d7 25.5 \u00d7 1 cm<\/p>\n<p>K\u00e9zi utas\u00edt\u00e1sok<\/p>\n<p>\ud83d\udcccA f\u0151szerepl\u0151 term\u00e9szete<\/p>\n<p>Introducing our proud collection named \u201c3D Painting Workshop Expedition to the Stars\u201d you should not miss.<\/p>\n<p>&#8220;3D Painting Workshop Expedition to the Stars&#8221; offers a creative and educational journey into the wonders of the universe, where participants can explore the cosmos through the medium of art and imagination.&nbsp;<\/p><\/div>","protected":false},"excerpt":{"rendered":"<p>M\u00e1rka: JAKI<br \/>\nNem: Uniszex<br \/>\nKoroszt\u00e1ly: 8 \u00e9v felett<br \/>\nModel Number: JK5306<br \/>\nBesorol\u00e1s: \u00d6sszeszerel\u00e9s<br \/>\nM\u0171anyag blokk forma: \u00f6nz\u00e1r\u00f3 t\u00e9gla<br \/>\nAnyaga: M\u0171anyag<br \/>\nM\u0171anyag t\u00edpus: ABS<br \/>\nBricks Blocks: 410 +<br \/>\nEredeti doboza nincs<\/p>","protected":false},"featured_media":57528,"comment_status":"open","ping_status":"closed","template":"","meta":{"_acf_changed":false},"product_cat":[1365,371,6016],"product_tag":[13220,11072,8452,7204,2276,13221,11707],"class_list":["product","first","instock","shipping-taxable","purchasable","product-type-simple"],"acf":[],"_links":{"self":[{"href":"https:\/\/mouldking.store\/hu\/wp-json\/wp\/v2\/product\/57529","targetHints":{"allow":["GET"]}}],"collection":[{"href":"https:\/\/mouldking.store\/hu\/wp-json\/wp\/v2\/product"}],"about":[{"href":"https:\/\/mouldking.store\/hu\/wp-json\/wp\/v2\/types\/product"}],"replies":[{"embeddable":true,"href":"https:\/\/mouldking.store\/hu\/wp-json\/wp\/v2\/comments?post=57529"}],"wp:featuredmedia":[{"embeddable":true,"href":"https:\/\/mouldking.store\/hu\/wp-json\/wp\/v2\/media\/57528"}],"wp:attachment":[{"href":"https:\/\/mouldking.store\/hu\/wp-json\/wp\/v2\/media?parent=57529"}],"wp:term":[{"taxonomy":"product_cat","embeddable":true,"href":"https:\/\/mouldking.store\/hu\/wp-json\/wp\/v2\/product_cat?post=57529"},{"taxonomy":"product_tag","embeddable":true,"href":"https:\/\/mouldking.store\/hu\/wp-json\/wp\/v2\/product_tag?post=57529"}],"curies":[{"name":"wp","href":"https:\/\/api.w.org\/{rel}","templated":true}]}}