{"id":57558,"date":"2024-04-02T15:44:31","date_gmt":"2024-04-02T08:44:31","guid":{"rendered":"https:\/\/mouldking.store\/shop\/zhegao-991010-retro-taxi-with-700-pieces\/"},"modified":"2024-04-02T15:44:37","modified_gmt":"2024-04-02T08:44:37","slug":"zhegao-991010-retro-taxi-with-700-pieces","status":"publish","type":"product","link":"https:\/\/mouldking.store\/hu\/shop\/zhegao-991010-retro-taxi-with-700-pieces\/","title":{"rendered":"ZHEGAO 991010 Retro Taxi with 700 Pieces"},"content":{"rendered":"<div>\u2705ZHEGAO 991010 Retro Taxi<\/p>\n<p>\u2705A &#8220;retro taxi&#8221; typically refers to a taxi or cab that has been designed or decorated in a style reminiscent of a past era, often for aesthetic or nostalgic purposes.&nbsp;<\/p>\n<p>\ud83d\udeab FONTOS!<\/p>\n<p>Product Name: Retro Taxi<\/p>\n<p>Kateg\u00f3ria: M\u0171szaki<\/p>\n<p>This Kit Contains: ZHEGAO 991010<\/p>\n<p>700 pcs Good Quality Bricks<\/p>\n<p>Size: 22.2 x 8.9cm<\/p>\n<p>K\u00e9zi utas\u00edt\u00e1sok<\/p>\n<p>\ud83d\udcccA f\u0151szerepl\u0151 term\u00e9szete<\/p>\n<p>Introducing our proud collection named \u201cRetro Taxi\u201d you should not miss.<\/p>\n<p>A retro taxi would feature a design that hearkens back to a specific time period, such as the 1950s or 1960s. This could include details such as chrome accents, two-tone paint schemes, and rounded body shapes characteristic of cars from that era. Retro taxis often sport classic color schemes, such as yellow with black accents or checkerboard patterns. These colors are iconic and instantly recognizable as taxi livery from past decades.<\/p><\/div>","protected":false},"excerpt":{"rendered":"<p>M\u00e1rka: ZHEGAO<br \/>\nNem: Uniszex<br \/>\nKoroszt\u00e1ly: &gt; 6 \u00e9v<br \/>\nModel Number: 991010<br \/>\nBesorol\u00e1s: \u00d6sszeszerel\u00e9s<br \/>\nM\u0171anyag blokk forma: \u00f6nz\u00e1r\u00f3 t\u00e9gla<br \/>\nAnyaga: M\u0171anyag<br \/>\nM\u0171anyag t\u00edpus: ABS<br \/>\nBricks Blocks: 700 +<br \/>\nEredeti doboza nincs<\/p>","protected":false},"featured_media":57557,"comment_status":"open","ping_status":"closed","template":"","meta":{"_acf_changed":false},"product_cat":[1357,364],"product_tag":[7457,10386,389,11080],"class_list":["product","first","instock","shipping-taxable","purchasable","product-type-simple"],"acf":[],"_links":{"self":[{"href":"https:\/\/mouldking.store\/hu\/wp-json\/wp\/v2\/product\/57558","targetHints":{"allow":["GET"]}}],"collection":[{"href":"https:\/\/mouldking.store\/hu\/wp-json\/wp\/v2\/product"}],"about":[{"href":"https:\/\/mouldking.store\/hu\/wp-json\/wp\/v2\/types\/product"}],"replies":[{"embeddable":true,"href":"https:\/\/mouldking.store\/hu\/wp-json\/wp\/v2\/comments?post=57558"}],"wp:featuredmedia":[{"embeddable":true,"href":"https:\/\/mouldking.store\/hu\/wp-json\/wp\/v2\/media\/57557"}],"wp:attachment":[{"href":"https:\/\/mouldking.store\/hu\/wp-json\/wp\/v2\/media?parent=57558"}],"wp:term":[{"taxonomy":"product_cat","embeddable":true,"href":"https:\/\/mouldking.store\/hu\/wp-json\/wp\/v2\/product_cat?post=57558"},{"taxonomy":"product_tag","embeddable":true,"href":"https:\/\/mouldking.store\/hu\/wp-json\/wp\/v2\/product_tag?post=57558"}],"curies":[{"name":"wp","href":"https:\/\/api.w.org\/{rel}","templated":true}]}}