{"id":57576,"date":"2024-04-02T17:12:49","date_gmt":"2024-04-02T10:12:49","guid":{"rendered":"https:\/\/mouldking.store\/shop\/jiestar-9054-aladdin-and-the-wonderful-lamp-fairy-tale-book-with-729-pieces\/"},"modified":"2024-04-02T17:12:56","modified_gmt":"2024-04-02T10:12:56","slug":"jiestar-9054-aladdin-and-the-wonderful-lamp-fairy-tale-book-with-729-pieces","status":"publish","type":"product","link":"https:\/\/mouldking.store\/hu\/shop\/jiestar-9054-aladdin-and-the-wonderful-lamp-fairy-tale-book-with-729-pieces\/","title":{"rendered":"JIESTAR 9054 Aladdin and The Wonderful Lamp Fairy Tale Book with 729 Pieces"},"content":{"rendered":"<div>\u2705JIESTAR 9054 Aladdin and The Wonderful Lamp Fairy Tale Book<\/p>\n<p>\u2705&#8221;Aladdin and the Wonderful Lamp&#8221; is a classic Middle Eastern folk tale from the collection of stories known as &#8220;One Thousand and One Nights&#8221; (or &#8220;Arabian Nights&#8221;). The story revolves around a young man named Aladdin who discovers a magical lamp containing a powerful genie. With the genie&#8217;s help, Aladdin becomes wealthy and marries a princess, but he must contend with an evil sorcerer who seeks to steal the lamp for himself.<\/p>\n<p>\ud83d\udeab FONTOS!<\/p>\n<p>Product Name: Aladdin and The Wonderful Lamp Fairy Tale Book<\/p>\n<p>Category: creator<\/p>\n<p>This Kit Contains: JIESTAR 9054<\/p>\n<p>729 pcs Good Quality Bricks<\/p>\n<p>Size:&nbsp; 16 \u00d7 21.9 \u00d7 9.5 cm<\/p>\n<p>K\u00e9zi utas\u00edt\u00e1sok<\/p>\n<p>\ud83d\udcccA f\u0151szerepl\u0151 term\u00e9szete<\/p>\n<p>Introducing our proud collection named \u201cAladdin and The Wonderful Lamp Fairy Tale Book\u201d you should not miss.<\/p>\n<p>There have been numerous adaptations and retellings of the Aladdin story over the years, including various children&#8217;s books. There are standalone picture books and illustrated editions that focus specifically on the Aladdin tale. When searching for such a book, it&#8217;s helpful to check online bookstores or libraries for editions that suit your preferences in terms of language, illustrations, and targeted age group.<\/p><\/div>","protected":false},"excerpt":{"rendered":"<p>M\u00e1rka: JIESTAR<br \/>\nNem: Uniszex<br \/>\nKoroszt\u00e1ly: &gt; 6 \u00e9v<br \/>\nModel Number: 9054<br \/>\nBesorol\u00e1s: \u00d6sszeszerel\u00e9s<br \/>\nM\u0171anyag blokk forma: \u00f6nz\u00e1r\u00f3 t\u00e9gla<br \/>\nAnyaga: M\u0171anyag<br \/>\nM\u0171anyag t\u00edpus: ABS<br \/>\nBricks Blocks: 729 +<br \/>\nEredeti doboza nincs<\/p>","protected":false},"featured_media":57575,"comment_status":"open","ping_status":"closed","template":"","meta":{"_acf_changed":false},"product_cat":[1365,371],"product_tag":[13225,13227,13226,1411,13229,11072,8452,12087,13228,7519,8858],"class_list":["product","first","instock","shipping-taxable","purchasable","product-type-simple"],"acf":[],"_links":{"self":[{"href":"https:\/\/mouldking.store\/hu\/wp-json\/wp\/v2\/product\/57576","targetHints":{"allow":["GET"]}}],"collection":[{"href":"https:\/\/mouldking.store\/hu\/wp-json\/wp\/v2\/product"}],"about":[{"href":"https:\/\/mouldking.store\/hu\/wp-json\/wp\/v2\/types\/product"}],"replies":[{"embeddable":true,"href":"https:\/\/mouldking.store\/hu\/wp-json\/wp\/v2\/comments?post=57576"}],"wp:featuredmedia":[{"embeddable":true,"href":"https:\/\/mouldking.store\/hu\/wp-json\/wp\/v2\/media\/57575"}],"wp:attachment":[{"href":"https:\/\/mouldking.store\/hu\/wp-json\/wp\/v2\/media?parent=57576"}],"wp:term":[{"taxonomy":"product_cat","embeddable":true,"href":"https:\/\/mouldking.store\/hu\/wp-json\/wp\/v2\/product_cat?post=57576"},{"taxonomy":"product_tag","embeddable":true,"href":"https:\/\/mouldking.store\/hu\/wp-json\/wp\/v2\/product_tag?post=57576"}],"curies":[{"name":"wp","href":"https:\/\/api.w.org\/{rel}","templated":true}]}}