{"id":57635,"date":"2024-04-02T18:15:53","date_gmt":"2024-04-02T11:15:53","guid":{"rendered":"https:\/\/mouldking.store\/shop\/zhegao-612022-the-lost-temple-with-1645-pieces\/"},"modified":"2024-04-02T18:16:04","modified_gmt":"2024-04-02T11:16:04","slug":"zhegao-612022-the-lost-temple-with-1645-pieces","status":"publish","type":"product","link":"https:\/\/mouldking.store\/hu\/shop\/zhegao-612022-the-lost-temple-with-1645-pieces\/","title":{"rendered":"ZHEGAO 612022 The Lost Temple with 1645 Pieces"},"content":{"rendered":"<div>\u2705ZHEGAO 612022 The Lost Temple<\/p>\n<p>\u2705In literature, film, and video games, &#8220;The Lost Temple&#8221; is a common trope used in adventure narratives. The protagonist embarks on a quest to discover the temple, facing obstacles, puzzles, and dangers along the way. The temple may be located deep in a jungle, buried beneath the sands of a desert, or hidden within a remote mountain range.<\/p>\n<p>\ud83d\udeab FONTOS!<\/p>\n<p>Product Name: The Lost Temple<\/p>\n<p>Kateg\u00f3ria: Modul\u00e1ris \u00e9p\u00fclet<\/p>\n<p>This Kit Contains: ZHEGAO 612022&nbsp;<\/p>\n<p>1645 pcs Good Quality Bricks<\/p>\n<p>Size: 21.6 \u00d7 28.8 \u00d7 26.4 cm<\/p>\n<p>K\u00e9zi utas\u00edt\u00e1sok<\/p>\n<p>\ud83d\udcccA f\u0151szerepl\u0151 term\u00e9szete<\/p>\n<p>Introducing our proud collection named \u201cThe Lost Temple\u201d you should not miss.<\/p>\n<p>&#8220;The Lost Temple&#8221; is often associated with archaeological mysteries and explorations. Archaeologists, historians, or treasure hunters seek to uncover the temple&#8217;s location and unravel its secrets, which may include ancient civilizations, religious artifacts, or valuable treasures. Many cultures have stories and legends about lost temples or sacred sites. These temples may be associated with gods, spirits, or mythical beings and hold significance in religious or cultural beliefs. The search for these lost temples can be both a physical and spiritual journey.<\/p><\/div>","protected":false},"excerpt":{"rendered":"<p>M\u00e1rka: ZHEGAO<br \/>\nNem: Uniszex<br \/>\nKorhat\u00e1r: 14 \u00e9v felett<br \/>\nModel Number: 612022<br \/>\nBesorol\u00e1s: \u00d6sszeszerel\u00e9s<br \/>\nM\u0171anyag blokk forma: \u00f6nz\u00e1r\u00f3 t\u00e9gla<br \/>\nAnyaga: M\u0171anyag<br \/>\nM\u0171anyag t\u00edpus: ABS<br \/>\nBricks Blocks: 1645 +<br \/>\nEredeti doboza nincs<\/p>","protected":false},"featured_media":57634,"comment_status":"open","ping_status":"closed","template":"","meta":{"_acf_changed":false},"product_cat":[1365,1395,371,390],"product_tag":[727,11072,8452,12320,11001],"class_list":["product","first","instock","shipping-taxable","purchasable","product-type-simple"],"acf":[],"_links":{"self":[{"href":"https:\/\/mouldking.store\/hu\/wp-json\/wp\/v2\/product\/57635","targetHints":{"allow":["GET"]}}],"collection":[{"href":"https:\/\/mouldking.store\/hu\/wp-json\/wp\/v2\/product"}],"about":[{"href":"https:\/\/mouldking.store\/hu\/wp-json\/wp\/v2\/types\/product"}],"replies":[{"embeddable":true,"href":"https:\/\/mouldking.store\/hu\/wp-json\/wp\/v2\/comments?post=57635"}],"wp:featuredmedia":[{"embeddable":true,"href":"https:\/\/mouldking.store\/hu\/wp-json\/wp\/v2\/media\/57634"}],"wp:attachment":[{"href":"https:\/\/mouldking.store\/hu\/wp-json\/wp\/v2\/media?parent=57635"}],"wp:term":[{"taxonomy":"product_cat","embeddable":true,"href":"https:\/\/mouldking.store\/hu\/wp-json\/wp\/v2\/product_cat?post=57635"},{"taxonomy":"product_tag","embeddable":true,"href":"https:\/\/mouldking.store\/hu\/wp-json\/wp\/v2\/product_tag?post=57635"}],"curies":[{"name":"wp","href":"https:\/\/api.w.org\/{rel}","templated":true}]}}