{"id":57661,"date":"2024-04-03T09:26:48","date_gmt":"2024-04-03T02:26:48","guid":{"rendered":"https:\/\/mouldking.store\/shop\/zhegao-662012-panda-mecha-lilia-with-618-pieces\/"},"modified":"2024-04-03T09:26:56","modified_gmt":"2024-04-03T02:26:56","slug":"zhegao-662012-panda-mecha-lilia-with-618-pieces","status":"publish","type":"product","link":"https:\/\/mouldking.store\/hu\/shop\/zhegao-662012-panda-mecha-lilia-with-618-pieces\/","title":{"rendered":"ZHEGAO 662012 Panda Mecha Lilia with 618 Pieces"},"content":{"rendered":"<div>\u2705ZHEGAO 662012 Panda Mecha Lilia<\/p>\n<p>\ud83d\udeab FONTOS!<\/p>\n<p>Product Name: Panda Mecha Lilia<\/p>\n<p>Kateg\u00f3ria: Alkot\u00f3<\/p>\n<p>This Kit Contains: ZHEGAO 662012<\/p>\n<p>618&nbsp; pcs Good Quality Bricks<\/p>\n<p>Size:&nbsp; 16.8 \u00d7 12.5 \u00d7 11.2 cm<\/p><\/div>\n<div>K\u00e9zi utas\u00edt\u00e1sok<\/p>\n<p>\ud83d\udcccA f\u0151szerepl\u0151 term\u00e9szete<\/p>\n<p>Introducing our proud collection named \u201cPanda Mecha Lilia\u201d you should not miss.<\/p>\n<p>&#8220;Panda Mecha&#8221; could be a concept found in various forms of media, including video games, anime, manga, movies, or even as part of a toy line or collectible figures. It&#8217;s a creative fusion of technology and nature-inspired design that could appeal to fans of mecha genres as well as those who appreciate cute or animal-themed characters.<\/p><\/div>","protected":false},"excerpt":{"rendered":"<p>M\u00e1rka: ZHEGAO<br \/>\nNem: Uniszex<br \/>\nKoroszt\u00e1ly: &gt; 6 \u00e9v<br \/>\nModel Number: 662012<br \/>\nBesorol\u00e1s: \u00d6sszeszerel\u00e9s<br \/>\nM\u0171anyag blokk forma: \u00f6nz\u00e1r\u00f3 t\u00e9gla<br \/>\nAnyaga: M\u0171anyag<br \/>\nM\u0171anyag t\u00edpus: ABS<br \/>\nBricks Blocks: 618 +<br \/>\nEredeti doboza nincs<\/p>","protected":false},"featured_media":57660,"comment_status":"open","ping_status":"closed","template":"","meta":{"_acf_changed":false},"product_cat":[1365,371],"product_tag":[11072,8452,9302,13192],"class_list":["product","first","instock","shipping-taxable","purchasable","product-type-simple"],"acf":[],"_links":{"self":[{"href":"https:\/\/mouldking.store\/hu\/wp-json\/wp\/v2\/product\/57661","targetHints":{"allow":["GET"]}}],"collection":[{"href":"https:\/\/mouldking.store\/hu\/wp-json\/wp\/v2\/product"}],"about":[{"href":"https:\/\/mouldking.store\/hu\/wp-json\/wp\/v2\/types\/product"}],"replies":[{"embeddable":true,"href":"https:\/\/mouldking.store\/hu\/wp-json\/wp\/v2\/comments?post=57661"}],"wp:featuredmedia":[{"embeddable":true,"href":"https:\/\/mouldking.store\/hu\/wp-json\/wp\/v2\/media\/57660"}],"wp:attachment":[{"href":"https:\/\/mouldking.store\/hu\/wp-json\/wp\/v2\/media?parent=57661"}],"wp:term":[{"taxonomy":"product_cat","embeddable":true,"href":"https:\/\/mouldking.store\/hu\/wp-json\/wp\/v2\/product_cat?post=57661"},{"taxonomy":"product_tag","embeddable":true,"href":"https:\/\/mouldking.store\/hu\/wp-json\/wp\/v2\/product_tag?post=57661"}],"curies":[{"name":"wp","href":"https:\/\/api.w.org\/{rel}","templated":true}]}}