{"id":57734,"date":"2024-04-03T10:46:16","date_gmt":"2024-04-03T03:46:16","guid":{"rendered":"https:\/\/mouldking.store\/shop\/wangao-288007-red-mecha-ninja-turtle-raphael-with-2000-pieces\/"},"modified":"2024-04-03T10:46:22","modified_gmt":"2024-04-03T03:46:22","slug":"wangao-288007-red-mecha-ninja-turtle-raphael-with-2000-pieces","status":"publish","type":"product","link":"https:\/\/mouldking.store\/hu\/shop\/wangao-288007-red-mecha-ninja-turtle-raphael-with-2000-pieces\/","title":{"rendered":"Wangao 288007 Red Mecha Ninja Turtle Raphael with 2000 Pieces"},"content":{"rendered":"<div>\u2705Wangao 288007 Red Mecha Ninja Turtle Raphael&nbsp;<\/p>\n<p>\u2705&#8221;Red Mecha Ninja Turtle Raphael&#8221; is an imaginative fusion of several distinct pop culture elements: the character Raphael from the Teenage Mutant Ninja Turtles franchise, the concept of a mecha (a giant robot or mechanical suit), and the color red typically associated with Raphael.<\/p>\n<p>\ud83d\udeab FONTOS!<\/p>\n<p>Product Name: Red Mecha Ninja Turtle Raphael&nbsp;<\/p>\n<p>Kateg\u00f3ria: Film<\/p>\n<p>This Kit Contains: Wangao 288007&nbsp;<\/p>\n<p>2000 db J\u00f3 min\u0151s\u00e9g\u0171 t\u00e9gla<\/p>\n<p>Size: 24 x 12 x 33cm<\/p>\n<p>K\u00e9zi utas\u00edt\u00e1sok<\/p>\n<p>\ud83d\udcccA f\u0151szerepl\u0151 term\u00e9szete<\/p>\n<p>Introducing our proud collection named \u201cRed Mecha Ninja Turtle Raphael \u201d you should not miss.<\/p>\n<p>Raphael is one of the four Teenage Mutant Ninja Turtles, known for his red bandana and his personality traits of being hot-headed, aggressive, and fiercely loyal to his brothers. He wields twin sai as his signature weapons and is often depicted as the muscle of the group. The Teenage Mutant Ninja Turtles are a team of anthropomorphic turtles trained in ninjutsu by their rat sensei, Splinter. They fight crime in New York City, often clashing with their arch-nemesis, the Shredder, and his Foot Clan.&nbsp;<\/p><\/div>","protected":false},"excerpt":{"rendered":"<p>Brand: Wangao<br \/>\nNem: Uniszex<br \/>\nKoroszt\u00e1ly: &gt; 6 \u00e9v<br \/>\nModel Number: 288007<br \/>\nBesorol\u00e1s: \u00d6sszeszerel\u00e9s<br \/>\nM\u0171anyag blokk forma: \u00f6nz\u00e1r\u00f3 t\u00e9gla<br \/>\nAnyaga: M\u0171anyag<br \/>\nM\u0171anyag t\u00edpus: ABS<br \/>\nT\u00e9gla blokkok: 2000+<br \/>\nEredeti doboza nincs<\/p>","protected":false},"featured_media":57733,"comment_status":"open","ping_status":"closed","template":"","meta":{"_acf_changed":false},"product_cat":[1365,371,581,1408],"product_tag":[11072,8452,9302,434,8335,4378,13049,13243],"class_list":["product","first","instock","shipping-taxable","purchasable","product-type-simple"],"acf":[],"_links":{"self":[{"href":"https:\/\/mouldking.store\/hu\/wp-json\/wp\/v2\/product\/57734","targetHints":{"allow":["GET"]}}],"collection":[{"href":"https:\/\/mouldking.store\/hu\/wp-json\/wp\/v2\/product"}],"about":[{"href":"https:\/\/mouldking.store\/hu\/wp-json\/wp\/v2\/types\/product"}],"replies":[{"embeddable":true,"href":"https:\/\/mouldking.store\/hu\/wp-json\/wp\/v2\/comments?post=57734"}],"wp:featuredmedia":[{"embeddable":true,"href":"https:\/\/mouldking.store\/hu\/wp-json\/wp\/v2\/media\/57733"}],"wp:attachment":[{"href":"https:\/\/mouldking.store\/hu\/wp-json\/wp\/v2\/media?parent=57734"}],"wp:term":[{"taxonomy":"product_cat","embeddable":true,"href":"https:\/\/mouldking.store\/hu\/wp-json\/wp\/v2\/product_cat?post=57734"},{"taxonomy":"product_tag","embeddable":true,"href":"https:\/\/mouldking.store\/hu\/wp-json\/wp\/v2\/product_tag?post=57734"}],"curies":[{"name":"wp","href":"https:\/\/api.w.org\/{rel}","templated":true}]}}