{"id":57741,"date":"2024-04-03T10:50:27","date_gmt":"2024-04-03T03:50:27","guid":{"rendered":"https:\/\/mouldking.store\/shop\/reobrix-66006-golden-lion-castle-with-2722-pieces-2\/"},"modified":"2024-04-03T10:50:41","modified_gmt":"2024-04-03T03:50:41","slug":"reobrix-66006-golden-lion-castle-with-2722-pieces-2","status":"publish","type":"product","link":"https:\/\/mouldking.store\/hu\/shop\/reobrix-66006-golden-lion-castle-with-2722-pieces-2\/","title":{"rendered":"REOBRIX 66006 Golden Lion Castle with 2722 Pieces"},"content":{"rendered":"<div>\u2705Reobrix 66006 Golden Lion Castle<\/p>\n<p>\u2705&#8221;Golden Lion Castle&#8221; evokes an image of a majestic fortress or stronghold, imbued with regal splendor and power.<\/p>\n<p>\ud83d\udeab FONTOS!<\/p>\n<p>Product Name: Golden Lion Castle<\/p>\n<p>Kateg\u00f3ria: Modul\u00e1ris \u00e9p\u00fclet<\/p>\n<p>This Kit Contains: Reobrix 66006<\/p>\n<p>2722 pcs Good Quality Bricks<\/p>\n<p>Size: 28.5 \u00d7 33 \u00d7 52 cm<\/p>\n<p>K\u00e9zi utas\u00edt\u00e1sok<\/p>\n<p>\ud83d\udcccA f\u0151szerepl\u0151 term\u00e9szete<\/p>\n<p>Introducing our proud collection named \u201cGolden Lion Castle\u201d you should not miss.<\/p>\n<p>The castle stands proudly atop a rugged cliff, overlooking a vast expanse of rolling hills and forests. Its walls are constructed from golden stone, giving the castle a shimmering, majestic appearance. Towers adorned with golden banners and flags reach towards the sky, catching the sunlight and casting a golden glow over the landscape. A massive gate, adorned with intricate lion motifs and golden embellishments, guards the entrance to the castle.<\/p><\/div>","protected":false},"excerpt":{"rendered":"<p>M\u00e1rka: REOBRIX<br \/>\nNem: Uniszex<br \/>\nKoroszt\u00e1ly: &gt; 12 \u00e9ves<br \/>\nModel Number: 66006<br \/>\nBesorol\u00e1s: \u00d6sszeszerel\u00e9s<br \/>\nM\u0171anyag blokk forma: \u00f6nz\u00e1r\u00f3 t\u00e9gla<br \/>\nAnyaga: M\u0171anyag<br \/>\nM\u0171anyag t\u00edpus: ABS<br \/>\nBricks Blocks: 2722 +<br \/>\nEredeti doboza nincs<\/p>","protected":false},"featured_media":57740,"comment_status":"open","ping_status":"closed","template":"","meta":{"_acf_changed":false},"product_cat":[1395,1502,390],"product_tag":[787,4883,11105,12732,10453,4996,5644,392],"class_list":["product","first","instock","shipping-taxable","purchasable","product-type-simple"],"acf":[],"_links":{"self":[{"href":"https:\/\/mouldking.store\/hu\/wp-json\/wp\/v2\/product\/57741","targetHints":{"allow":["GET"]}}],"collection":[{"href":"https:\/\/mouldking.store\/hu\/wp-json\/wp\/v2\/product"}],"about":[{"href":"https:\/\/mouldking.store\/hu\/wp-json\/wp\/v2\/types\/product"}],"replies":[{"embeddable":true,"href":"https:\/\/mouldking.store\/hu\/wp-json\/wp\/v2\/comments?post=57741"}],"wp:featuredmedia":[{"embeddable":true,"href":"https:\/\/mouldking.store\/hu\/wp-json\/wp\/v2\/media\/57740"}],"wp:attachment":[{"href":"https:\/\/mouldking.store\/hu\/wp-json\/wp\/v2\/media?parent=57741"}],"wp:term":[{"taxonomy":"product_cat","embeddable":true,"href":"https:\/\/mouldking.store\/hu\/wp-json\/wp\/v2\/product_cat?post=57741"},{"taxonomy":"product_tag","embeddable":true,"href":"https:\/\/mouldking.store\/hu\/wp-json\/wp\/v2\/product_tag?post=57741"}],"curies":[{"name":"wp","href":"https:\/\/api.w.org\/{rel}","templated":true}]}}