{"id":57799,"date":"2024-04-03T12:36:33","date_gmt":"2024-04-03T05:36:33","guid":{"rendered":"https:\/\/mouldking.store\/shop\/mork-10203-seafood-restaurant-flying-lobster-with-4039-pieces\/"},"modified":"2024-04-03T12:36:57","modified_gmt":"2024-04-03T05:36:57","slug":"mork-10203-seafood-restaurant-flying-lobster-with-4039-pieces","status":"publish","type":"product","link":"https:\/\/mouldking.store\/hu\/shop\/mork-10203-seafood-restaurant-flying-lobster-with-4039-pieces\/","title":{"rendered":"MORK 10203 Seafood Restaurant &#8216;Flying Lobster&#8217; with 4039 Pieces"},"content":{"rendered":"<div>\u2705XMORK 10203 Seafood Restaurant &#8216;Flying Lobster&#8217;<\/p>\n<p>\ud83d\udeab FONTOS!<\/p>\n<p>Product Name: Seafood Restaurant &#8216;Flying Lobster&#8217;<\/p>\n<p>Category: Modular Buidling<\/p>\n<p>This Kit Contains: XMORK 10203<\/p>\n<p>4039 pcs Good Quality Bricks<\/p>\n<p>Size: 25.5 \u00d7 25.5 \u00d7 29.5 cm<\/p>\n<p>K\u00e9zi utas\u00edt\u00e1sok<\/p>\n<p>\ud83d\udcccA f\u0151szerepl\u0151 term\u00e9szete<\/p>\n<p>Introducing our proud collection named \u201cSeafood Restaurant &#8216;Flying Lobster&#8217;\u201d you should not miss.<\/p>\n<p>Seafood Restaurant &#8216;Flying Lobster&#8217; Modular) belongs to the Street View series building block set, and the entire set contains 3846 building block particles. First published in 2021.<\/p><\/div>","protected":false},"excerpt":{"rendered":"<p>Brand: MORK<br \/>\nNem: Uniszex<br \/>\nKoroszt\u00e1ly: &gt; 6 \u00e9v<br \/>\nModellsz\u00e1m: 10203<br \/>\nBesorol\u00e1s: \u00d6sszeszerel\u00e9s<br \/>\nM\u0171anyag blokk forma: \u00f6nz\u00e1r\u00f3 t\u00e9gla<br \/>\nAnyaga: M\u0171anyag<br \/>\nM\u0171anyag t\u00edpus: ABS<br \/>\nBricks Blocks: 4039 +<br \/>\nEredeti doboza nincs<\/p>","protected":false},"featured_media":57798,"comment_status":"open","ping_status":"closed","template":"","meta":{"_acf_changed":false},"product_cat":[1395,1502,390],"product_tag":[727,4883,12302,13251,5679,392,2870,4012],"class_list":["product","first","instock","shipping-taxable","purchasable","product-type-simple"],"acf":[],"_links":{"self":[{"href":"https:\/\/mouldking.store\/hu\/wp-json\/wp\/v2\/product\/57799","targetHints":{"allow":["GET"]}}],"collection":[{"href":"https:\/\/mouldking.store\/hu\/wp-json\/wp\/v2\/product"}],"about":[{"href":"https:\/\/mouldking.store\/hu\/wp-json\/wp\/v2\/types\/product"}],"replies":[{"embeddable":true,"href":"https:\/\/mouldking.store\/hu\/wp-json\/wp\/v2\/comments?post=57799"}],"wp:featuredmedia":[{"embeddable":true,"href":"https:\/\/mouldking.store\/hu\/wp-json\/wp\/v2\/media\/57798"}],"wp:attachment":[{"href":"https:\/\/mouldking.store\/hu\/wp-json\/wp\/v2\/media?parent=57799"}],"wp:term":[{"taxonomy":"product_cat","embeddable":true,"href":"https:\/\/mouldking.store\/hu\/wp-json\/wp\/v2\/product_cat?post=57799"},{"taxonomy":"product_tag","embeddable":true,"href":"https:\/\/mouldking.store\/hu\/wp-json\/wp\/v2\/product_tag?post=57799"}],"curies":[{"name":"wp","href":"https:\/\/api.w.org\/{rel}","templated":true}]}}