{"id":57822,"date":"2024-04-03T12:58:08","date_gmt":"2024-04-03T05:58:08","guid":{"rendered":"https:\/\/mouldking.store\/shop\/tuomu-t5004-space-exploration-space-block-painting-with-352-pieces\/"},"modified":"2024-04-03T12:58:21","modified_gmt":"2024-04-03T05:58:21","slug":"tuomu-t5004-space-exploration-space-block-painting-with-352-pieces","status":"publish","type":"product","link":"https:\/\/mouldking.store\/hu\/shop\/tuomu-t5004-space-exploration-space-block-painting-with-352-pieces\/","title":{"rendered":"TuoMu T5004 Space Exploration Space Block Painting with 352 Pieces"},"content":{"rendered":"<div>\u2705TUOMU T5004 Space Exploration Space Block Painting<\/p>\n<p>\u2705Begin by conceptualizing the theme of your painting. Since it&#8217;s about space exploration, you might want to include elements such as planets, moons, spacecraft, astronauts, nebulae, galaxies, and other celestial objects. Consider what aspects of space exploration you find most inspiring or intriguing.<\/p>\n<p>\ud83d\udeab FONTOS!<\/p>\n<p>Product Name: Space Exploration Space Block Painting<\/p>\n<p>Kateg\u00f3ria: Alkot\u00f3<\/p>\n<p>This Kit Contains: TUOMU T5004<\/p>\n<p>352 pcs Good Quality Bricks<\/p>\n<p>K\u00e9zi utas\u00edt\u00e1sok<\/p>\n<p>\ud83d\udcccA f\u0151szerepl\u0151 term\u00e9szete<\/p>\n<p>Introducing our proud collection named \u201cSpace Exploration Space Block Painting\u201d you should not miss.<\/p>\n<p>Think about the story or narrative you want your painting to convey. Are the astronauts embarking on a mission to a distant planet? Is a spacecraft navigating through a field of asteroids? Let your imagination soar as you weave a narrative that captures the spirit of space exploration.<\/p><\/div>","protected":false},"excerpt":{"rendered":"<p>Brand: TuoMu<br \/>\nNem: Uniszex<br \/>\nKoroszt\u00e1ly: &gt; 6 \u00e9v<br \/>\nModel Number: T5004<br \/>\nBesorol\u00e1s: \u00d6sszeszerel\u00e9s<br \/>\nM\u0171anyag blokk forma: \u00f6nz\u00e1r\u00f3 t\u00e9gla<br \/>\nAnyaga: M\u0171anyag<br \/>\nM\u0171anyag t\u00edpus: ABS<br \/>\nBricks Blocks: 352 +<br \/>\nEredeti doboza nincs<\/p>","protected":false},"featured_media":57821,"comment_status":"open","ping_status":"closed","template":"","meta":{"_acf_changed":false},"product_cat":[1365,371,6016],"product_tag":[11072,8452,7210,7204,2276,7211],"class_list":["product","first","instock","shipping-taxable","purchasable","product-type-simple"],"acf":[],"_links":{"self":[{"href":"https:\/\/mouldking.store\/hu\/wp-json\/wp\/v2\/product\/57822","targetHints":{"allow":["GET"]}}],"collection":[{"href":"https:\/\/mouldking.store\/hu\/wp-json\/wp\/v2\/product"}],"about":[{"href":"https:\/\/mouldking.store\/hu\/wp-json\/wp\/v2\/types\/product"}],"replies":[{"embeddable":true,"href":"https:\/\/mouldking.store\/hu\/wp-json\/wp\/v2\/comments?post=57822"}],"wp:featuredmedia":[{"embeddable":true,"href":"https:\/\/mouldking.store\/hu\/wp-json\/wp\/v2\/media\/57821"}],"wp:attachment":[{"href":"https:\/\/mouldking.store\/hu\/wp-json\/wp\/v2\/media?parent=57822"}],"wp:term":[{"taxonomy":"product_cat","embeddable":true,"href":"https:\/\/mouldking.store\/hu\/wp-json\/wp\/v2\/product_cat?post=57822"},{"taxonomy":"product_tag","embeddable":true,"href":"https:\/\/mouldking.store\/hu\/wp-json\/wp\/v2\/product_tag?post=57822"}],"curies":[{"name":"wp","href":"https:\/\/api.w.org\/{rel}","templated":true}]}}