{"id":57843,"date":"2024-04-03T14:54:32","date_gmt":"2024-04-03T07:54:32","guid":{"rendered":"https:\/\/mouldking.store\/shop\/tuomu-t6006-winter-ice-flower-with-591-pieces\/"},"modified":"2024-04-03T14:54:38","modified_gmt":"2024-04-03T07:54:38","slug":"tuomu-t6006-winter-ice-flower-with-591-pieces","status":"publish","type":"product","link":"https:\/\/mouldking.store\/hu\/shop\/tuomu-t6006-winter-ice-flower-with-591-pieces\/","title":{"rendered":"TuoMu T6006 Winter Ice Flower with 591 Pieces"},"content":{"rendered":"<div>\u2705TUOMU T6006 Winter Ice Flower<\/p>\n<p>\u2705Imagine a winter scene blanketed in snow and ice, with frost covering the branches of trees. Amidst this frozen landscape, delicate flowers begin to bloom, their petals glistening with frost crystals, resembling delicate lace or intricate patterns of ice.<\/p>\n<p>\ud83d\udeab FONTOS!<\/p>\n<p>Product Name: Winter Ice Flower<\/p>\n<p>Kateg\u00f3ria: Alkot\u00f3<\/p>\n<p>This Kit Contains: TUOMU T6006<\/p>\n<p>591 pcs Good Quality Bricks<\/p>\n<p>Size: 39.9 \u00d7 32.3 \u00d7 37.4 cm<\/p>\n<p>K\u00e9zi utas\u00edt\u00e1sok<\/p>\n<p>\ud83d\udcccA f\u0151szerepl\u0151 term\u00e9szete<\/p>\n<p>Introducing our proud collection named \u201cWinter Ice Flower\u201d you should not miss.<\/p>\n<p>The &#8220;Winter Ice Flower&#8221; could be inspired by real-life flowers that bloom during the winter months or in cold climates, such as hellebores, snowdrops, or winter jasmine. These flowers are known for their resilience in harsh conditions and their ability to bring a touch of color to the winter landscape.<\/p><\/div>","protected":false},"excerpt":{"rendered":"<p>Brand: TuoMu<br \/>\nNem: Uniszex<br \/>\nKoroszt\u00e1ly: &gt; 6 \u00e9v<br \/>\nModel Number: T6006<br \/>\nBesorol\u00e1s: \u00d6sszeszerel\u00e9s<br \/>\nM\u0171anyag blokk forma: \u00f6nz\u00e1r\u00f3 t\u00e9gla<br \/>\nAnyaga: M\u0171anyag<br \/>\nM\u0171anyag t\u00edpus: ABS<br \/>\nBricks Blocks: 591 +<br \/>\nEredeti doboza nincs<\/p>","protected":false},"featured_media":57842,"comment_status":"open","ping_status":"closed","template":"","meta":{"_acf_changed":false},"product_cat":[1365,371],"product_tag":[11072,8452,11106,7572,13254,8337,10511],"class_list":["product","first","instock","shipping-taxable","purchasable","product-type-simple"],"acf":[],"_links":{"self":[{"href":"https:\/\/mouldking.store\/hu\/wp-json\/wp\/v2\/product\/57843","targetHints":{"allow":["GET"]}}],"collection":[{"href":"https:\/\/mouldking.store\/hu\/wp-json\/wp\/v2\/product"}],"about":[{"href":"https:\/\/mouldking.store\/hu\/wp-json\/wp\/v2\/types\/product"}],"replies":[{"embeddable":true,"href":"https:\/\/mouldking.store\/hu\/wp-json\/wp\/v2\/comments?post=57843"}],"wp:featuredmedia":[{"embeddable":true,"href":"https:\/\/mouldking.store\/hu\/wp-json\/wp\/v2\/media\/57842"}],"wp:attachment":[{"href":"https:\/\/mouldking.store\/hu\/wp-json\/wp\/v2\/media?parent=57843"}],"wp:term":[{"taxonomy":"product_cat","embeddable":true,"href":"https:\/\/mouldking.store\/hu\/wp-json\/wp\/v2\/product_cat?post=57843"},{"taxonomy":"product_tag","embeddable":true,"href":"https:\/\/mouldking.store\/hu\/wp-json\/wp\/v2\/product_tag?post=57843"}],"curies":[{"name":"wp","href":"https:\/\/api.w.org\/{rel}","templated":true}]}}