{"id":58174,"date":"2024-05-15T15:47:27","date_gmt":"2024-05-15T08:47:27","guid":{"rendered":"https:\/\/mouldking.store\/shop\/zhegao-01047-truck-classic-with-810-pieces\/"},"modified":"2024-05-15T15:47:39","modified_gmt":"2024-05-15T08:47:39","slug":"zhegao-01047-truck-classic-with-810-pieces","status":"publish","type":"product","link":"https:\/\/mouldking.store\/hu\/shop\/zhegao-01047-truck-classic-with-810-pieces\/","title":{"rendered":"ZHEGAO 01047 Truck Classic with 810 Pieces"},"content":{"rendered":"<div>\u2705ZHEGAO 01047 Truck Classic<\/p>\n<p>\u2705Classic trucks typically refer to trucks that were manufactured several decades ago and have since gained a nostalgic or vintage status. These trucks are often admired for their design, durability, and historical significance. Classic trucks can vary widely in make, model, and style, but they often include iconic vehicles from manufacturers such as Ford, Chevrolet, Dodge, GMC, and International Harvester.<\/p>\n<p>\ud83d\udeab FONTOS!<\/p>\n<p>Product Name: Truck Classic<\/p>\n<p>Kateg\u00f3ria: M\u0171szaki<\/p>\n<p>This Kit Contains: ZHEGAO 01047<\/p>\n<p>810 pcs Good Quality Bricks<\/p>\n<p>Size: 25.9 \u00d7 7.8 \u00d7 10.6 cm<\/p>\n<p>K\u00e9zi utas\u00edt\u00e1sok<\/p>\n<p>\ud83d\udcccA f\u0151szerepl\u0151 term\u00e9szete<\/p>\n<p>Introducing our proud collection named \u201cTruck Classic\u201d you should not miss.<\/p>\n<p>Restoring and customizing classic trucks is a popular hobby for enthusiasts worldwide. These vehicles often participate in car shows, truck rallies, and other events dedicated to classic automobiles. Additionally, there is a thriving market for classic truck parts, accessories, and memorabilia.<\/p><\/div>","protected":false},"excerpt":{"rendered":"<p>M\u00e1rka: ZHEGAO<br \/>\nNem: Uniszex<br \/>\nKoroszt\u00e1ly: &gt; 6 \u00e9v<br \/>\nModel Number: 01047<br \/>\nBesorol\u00e1s: \u00d6sszeszerel\u00e9s<br \/>\nM\u0171anyag blokk forma: \u00f6nz\u00e1r\u00f3 t\u00e9gla<br \/>\nAnyaga: M\u0171anyag<br \/>\nM\u0171anyag t\u00edpus: ABS<br \/>\nBricks Blocks: 810 +<br \/>\nEredeti doboza nincs<\/p>","protected":false},"featured_media":58173,"comment_status":"open","ping_status":"closed","template":"","meta":{"_acf_changed":false},"product_cat":[1357,364],"product_tag":[11528,389,11080,466],"class_list":["product","first","instock","shipping-taxable","purchasable","product-type-simple"],"acf":[],"_links":{"self":[{"href":"https:\/\/mouldking.store\/hu\/wp-json\/wp\/v2\/product\/58174","targetHints":{"allow":["GET"]}}],"collection":[{"href":"https:\/\/mouldking.store\/hu\/wp-json\/wp\/v2\/product"}],"about":[{"href":"https:\/\/mouldking.store\/hu\/wp-json\/wp\/v2\/types\/product"}],"replies":[{"embeddable":true,"href":"https:\/\/mouldking.store\/hu\/wp-json\/wp\/v2\/comments?post=58174"}],"wp:featuredmedia":[{"embeddable":true,"href":"https:\/\/mouldking.store\/hu\/wp-json\/wp\/v2\/media\/58173"}],"wp:attachment":[{"href":"https:\/\/mouldking.store\/hu\/wp-json\/wp\/v2\/media?parent=58174"}],"wp:term":[{"taxonomy":"product_cat","embeddable":true,"href":"https:\/\/mouldking.store\/hu\/wp-json\/wp\/v2\/product_cat?post=58174"},{"taxonomy":"product_tag","embeddable":true,"href":"https:\/\/mouldking.store\/hu\/wp-json\/wp\/v2\/product_tag?post=58174"}],"curies":[{"name":"wp","href":"https:\/\/api.w.org\/{rel}","templated":true}]}}