{"id":58181,"date":"2024-05-15T15:49:06","date_gmt":"2024-05-15T08:49:06","guid":{"rendered":"https:\/\/mouldking.store\/shop\/jiestar-61056-glorious-mission-j-15-with-1386-pieces\/"},"modified":"2024-05-15T15:49:20","modified_gmt":"2024-05-15T08:49:20","slug":"jiestar-61056-glorious-mission-j-15-with-1386-pieces","status":"publish","type":"product","link":"https:\/\/mouldking.store\/hu\/shop\/jiestar-61056-glorious-mission-j-15-with-1386-pieces\/","title":{"rendered":"JIESTAR 61056 Glorious Mission J-15 with 1386 Pieces"},"content":{"rendered":"<div>\u2705JIESTAR 61056 Glorious Mission J-15<\/p>\n<p>\u2705The &#8220;Glorious Mission J-15&#8221; refers to a specific aircraft, namely the Shenyang J-15, which is a Chinese carrier-based fighter jet. The J-15 is often associated with the Chinese People&#8217;s Liberation Army Navy (PLAN) and is primarily deployed on China&#8217;s aircraft carriers.<\/p>\n<p>\ud83d\udeab FONTOS!<\/p>\n<p>Product Name: Glorious Mission J-15<\/p>\n<p>Kateg\u00f3ria: Katonai<\/p>\n<p>This Kit Contains: JIESTAR 61056<\/p>\n<p>1386 pcs Good Quality Bricks<\/p>\n<p>Size: 51.8 \u00d7 11.6 cm<\/p>\n<p>K\u00e9zi utas\u00edt\u00e1sok<\/p>\n<p>\ud83d\udcccA f\u0151szerepl\u0151 term\u00e9szete<\/p>\n<p>Introducing our proud collection named \u201cGlorious Mission J-15\u201d you should not miss.<\/p>\n<p>The J-15 is based on the Russian Sukhoi Su-33 aircraft. China acquired a Su-33 prototype from Ukraine in the late 1990s, which served as the basis for the development of the J-15. However, the J-15 incorporates significant modifications and indigenous systems. As a carrier-based fighter, the J-15 is specifically designed to operate from aircraft carriers. It features folding wings and other modifications to facilitate takeoff and landing on carriers. The J-15 is a multi-role fighter capable of air superiority, air-to-ground, and anti-ship missions. It is equipped with advanced avionics and weapons systems, including radar-guided missiles and precision-guided bombs.<\/p><\/div>","protected":false},"excerpt":{"rendered":"<p>M\u00e1rka: JIESTAR<br \/>\nNem: Uniszex<br \/>\nKoroszt\u00e1ly: &gt; 6 \u00e9v<br \/>\nModel Number: 61056<br \/>\nBesorol\u00e1s: \u00d6sszeszerel\u00e9s<br \/>\nM\u0171anyag blokk forma: \u00f6nz\u00e1r\u00f3 t\u00e9gla<br \/>\nAnyaga: M\u0171anyag<br \/>\nM\u0171anyag t\u00edpus: ABS<br \/>\nBricks Blocks: 1386 +<br \/>\nEredeti doboza nincs<\/p>","protected":false},"featured_media":58180,"comment_status":"open","ping_status":"closed","template":"","meta":{"_acf_changed":false},"product_cat":[1350,1357,372,364],"product_tag":[12666,13129,12137,13263,374,12667,389],"class_list":["product","first","instock","shipping-taxable","purchasable","product-type-simple"],"acf":[],"_links":{"self":[{"href":"https:\/\/mouldking.store\/hu\/wp-json\/wp\/v2\/product\/58181","targetHints":{"allow":["GET"]}}],"collection":[{"href":"https:\/\/mouldking.store\/hu\/wp-json\/wp\/v2\/product"}],"about":[{"href":"https:\/\/mouldking.store\/hu\/wp-json\/wp\/v2\/types\/product"}],"replies":[{"embeddable":true,"href":"https:\/\/mouldking.store\/hu\/wp-json\/wp\/v2\/comments?post=58181"}],"wp:featuredmedia":[{"embeddable":true,"href":"https:\/\/mouldking.store\/hu\/wp-json\/wp\/v2\/media\/58180"}],"wp:attachment":[{"href":"https:\/\/mouldking.store\/hu\/wp-json\/wp\/v2\/media?parent=58181"}],"wp:term":[{"taxonomy":"product_cat","embeddable":true,"href":"https:\/\/mouldking.store\/hu\/wp-json\/wp\/v2\/product_cat?post=58181"},{"taxonomy":"product_tag","embeddable":true,"href":"https:\/\/mouldking.store\/hu\/wp-json\/wp\/v2\/product_tag?post=58181"}],"curies":[{"name":"wp","href":"https:\/\/api.w.org\/{rel}","templated":true}]}}