{"id":58206,"date":"2024-05-15T16:31:06","date_gmt":"2024-05-15T09:31:06","guid":{"rendered":"https:\/\/mouldking.store\/shop\/cada-c51083-fantasma-race-car-with-motor-with-322-pieces\/"},"modified":"2024-05-15T16:31:24","modified_gmt":"2024-05-15T09:31:24","slug":"cada-c51083-fantasma-race-car-with-motor-with-322-pieces","status":"publish","type":"product","link":"https:\/\/mouldking.store\/hu\/shop\/cada-c51083-fantasma-race-car-with-motor-with-322-pieces\/","title":{"rendered":"CaDa C51083 Fantasma versenyaut\u00f3 motorral, 322 darabbal"},"content":{"rendered":"<div>\u2705CaDA C51083 Fantasma versenyaut\u00f3 motorral<\/p>\n<p>\u2705A Fantasma Race Car Koenigsegg Agera egy nagy teljes\u00edtm\u00e9ny\u0171 hiperaut\u00f3, amelyet a sv\u00e9d Koenigsegg Automotive AB aut\u00f3gy\u00e1rt\u00f3 gy\u00e1rt. A Koenigsegg Agera k\u00edn\u00e1lat\u00e1ban azonban nincs hivatalos \u201eFantasma Race Car\u201d n\u00e9ven ismert modell.<\/p>\n<p>\ud83d\udeab FONTOS!<\/p>\n<p>Term\u00e9kn\u00e9v: Fantasma versenyaut\u00f3 motorral<\/p>\n<p>Kateg\u00f3ria: M\u0171szaki<\/p>\n<p>A k\u00e9szlet tartalma: CaDA C51083<\/p>\n<p>322 db J\u00f3 min\u0151s\u00e9g\u0171 t\u00e9gla<\/p>\n<p>M\u00e9rete: 21,6 \u00d7 8 \u00d7 5,8 cm<\/p>\n<p>K\u00e9zi utas\u00edt\u00e1sok<\/p>\n<p>\ud83d\udcccA f\u0151szerepl\u0151 term\u00e9szete<\/p>\n<p>Bemutatjuk a \u201eFantasma Race Car With Motor\u201d nev\u0171 b\u00fcszke kollekci\u00f3nkat, amelyet nem szabad kihagyni.<\/p>\n<p>A Koenigsegg aut\u00f3k kiv\u00e9teles teljes\u00edtm\u00e9ny\u00fckr\u0151l, \u00e9lvonalbeli technol\u00f3gi\u00e1jukr\u00f3l \u00e9s felt\u0171n\u0151 diz\u00e1jnjukr\u00f3l h\u00edresek. Az Agera k\u00fcl\u00f6n\u00f6sen sz\u00e1mos sebess\u00e9grekordot \u00e1ll\u00edtott fel, \u00e9s vil\u00e1gszerte keresettek az aut\u00f3ipar szerelmesei \u00e9s gy\u0171jt\u0151i k\u00f6r\u00e9ben.<\/p><\/div>","protected":false},"excerpt":{"rendered":"<p>M\u00e1rka: CaDa<br \/>\nNem: Uniszex<br \/>\nKoroszt\u00e1ly: &gt; 6 \u00e9v<br \/>\nModellsz\u00e1m: C51083<br \/>\nBesorol\u00e1s: \u00d6sszeszerel\u00e9s<br \/>\nM\u0171anyag blokk forma: \u00f6nz\u00e1r\u00f3 t\u00e9gla<br \/>\nAnyaga: M\u0171anyag<br \/>\nM\u0171anyag t\u00edpus: ABS<br \/>\nT\u00e9gla T\u00e9gla: 322+<br \/>\nEredeti doboza nincs<\/p>","protected":false},"featured_media":58205,"comment_status":"open","ping_status":"closed","template":"","meta":{"_acf_changed":false},"product_cat":[1360,1357,364,1875],"product_tag":[457,6298,706,13267,7761,389,11080],"class_list":["product","first","instock","shipping-taxable","purchasable","product-type-simple"],"acf":[],"_links":{"self":[{"href":"https:\/\/mouldking.store\/hu\/wp-json\/wp\/v2\/product\/58206","targetHints":{"allow":["GET"]}}],"collection":[{"href":"https:\/\/mouldking.store\/hu\/wp-json\/wp\/v2\/product"}],"about":[{"href":"https:\/\/mouldking.store\/hu\/wp-json\/wp\/v2\/types\/product"}],"replies":[{"embeddable":true,"href":"https:\/\/mouldking.store\/hu\/wp-json\/wp\/v2\/comments?post=58206"}],"wp:featuredmedia":[{"embeddable":true,"href":"https:\/\/mouldking.store\/hu\/wp-json\/wp\/v2\/media\/58205"}],"wp:attachment":[{"href":"https:\/\/mouldking.store\/hu\/wp-json\/wp\/v2\/media?parent=58206"}],"wp:term":[{"taxonomy":"product_cat","embeddable":true,"href":"https:\/\/mouldking.store\/hu\/wp-json\/wp\/v2\/product_cat?post=58206"},{"taxonomy":"product_tag","embeddable":true,"href":"https:\/\/mouldking.store\/hu\/wp-json\/wp\/v2\/product_tag?post=58206"}],"curies":[{"name":"wp","href":"https:\/\/api.w.org\/{rel}","templated":true}]}}