{"id":58231,"date":"2024-05-15T16:55:43","date_gmt":"2024-05-15T09:55:43","guid":{"rendered":"https:\/\/mouldking.store\/shop\/cada-c62005-citroen-c4-wrc-with-1569-pieces\/"},"modified":"2024-05-15T16:55:58","modified_gmt":"2024-05-15T09:55:58","slug":"cada-c62005-citroen-c4-wrc-with-1569-pieces","status":"publish","type":"product","link":"https:\/\/mouldking.store\/hu\/shop\/cada-c62005-citroen-c4-wrc-with-1569-pieces\/","title":{"rendered":"CaDa C62005 Citroen C4 WRC with 1569 Pieces"},"content":{"rendered":"<div>\u2705CaDA C62005 Citroen C4 WRC<\/p>\n<p>\u2705The Citro\u00ebn C4 WRC (World Rally Car) is a high-performance rally car developed by the French manufacturer Citro\u00ebn for competing in the World Rally Championship (WRC).&nbsp; The Citro\u00ebn C4 WRC made its competitive debut in the 2007 World Rally Championship season. It replaced the successful Citro\u00ebn Xsara WRC, which had achieved multiple championship titles.<\/p>\n<p>\ud83d\udeab FONTOS!<\/p>\n<p>Product Name: Citroen C4 WRC<\/p>\n<p>Kateg\u00f3ria: M\u0171szaki<\/p>\n<p>This Kit Contains: CaDA C62005<\/p>\n<p>1569 pcs Good Quality Bricks<\/p>\n<p>Size: 32.1 \u00d7 13.8 \u00d7 11.4 cm<\/p>\n<p>K\u00e9zi utas\u00edt\u00e1sok<\/p>\n<p>\ud83d\udcccA f\u0151szerepl\u0151 term\u00e9szete<\/p>\n<p>Introducing our proud collection named \u201cCitroen C4 WRC\u201d you should not miss.<\/p>\n<p>The C4 WRC is based on the road-going Citro\u00ebn C4, but it is extensively modified for rallying. It features a lightweight chassis, advanced aerodynamics, and a powerful turbocharged engine. The C4 WRC is powered by a 2.0-liter turbocharged inline-four engine, producing around 300 horsepower and 600 Nm of torque. The engine is paired with a sequential gearbox for rapid gear changes. The Citro\u00ebn C4 WRC enjoyed considerable success in the World Rally Championship. It won the manufacturers&#8217; championship in 2008, 2009, and 2010, with drivers such as S\u00e9bastien Loeb and Dani Sordo achieving numerous victories behind the wheel of the car.<\/p><\/div>","protected":false},"excerpt":{"rendered":"<p>M\u00e1rka: CaDa<br \/>\nNem: Uniszex<br \/>\nKoroszt\u00e1ly: 8 \u00e9v felett<br \/>\nModel Number: C62005<br \/>\nBesorol\u00e1s: \u00d6sszeszerel\u00e9s<br \/>\nM\u0171anyag blokk forma: \u00f6nz\u00e1r\u00f3 t\u00e9gla<br \/>\nAnyaga: M\u0171anyag<br \/>\nM\u0171anyag t\u00edpus: ABS<br \/>\nBricks Blocks: 1569 +<br \/>\nEredeti doboza nincs<\/p>","protected":false},"featured_media":58230,"comment_status":"open","ping_status":"closed","template":"","meta":{"_acf_changed":false},"product_cat":[1360,1357,364,1875],"product_tag":[13270,457,9108,389,11080,13271],"class_list":["product","first","instock","shipping-taxable","purchasable","product-type-simple"],"acf":[],"_links":{"self":[{"href":"https:\/\/mouldking.store\/hu\/wp-json\/wp\/v2\/product\/58231","targetHints":{"allow":["GET"]}}],"collection":[{"href":"https:\/\/mouldking.store\/hu\/wp-json\/wp\/v2\/product"}],"about":[{"href":"https:\/\/mouldking.store\/hu\/wp-json\/wp\/v2\/types\/product"}],"replies":[{"embeddable":true,"href":"https:\/\/mouldking.store\/hu\/wp-json\/wp\/v2\/comments?post=58231"}],"wp:featuredmedia":[{"embeddable":true,"href":"https:\/\/mouldking.store\/hu\/wp-json\/wp\/v2\/media\/58230"}],"wp:attachment":[{"href":"https:\/\/mouldking.store\/hu\/wp-json\/wp\/v2\/media?parent=58231"}],"wp:term":[{"taxonomy":"product_cat","embeddable":true,"href":"https:\/\/mouldking.store\/hu\/wp-json\/wp\/v2\/product_cat?post=58231"},{"taxonomy":"product_tag","embeddable":true,"href":"https:\/\/mouldking.store\/hu\/wp-json\/wp\/v2\/product_tag?post=58231"}],"curies":[{"name":"wp","href":"https:\/\/api.w.org\/{rel}","templated":true}]}}