{"id":58253,"date":"2024-05-15T18:32:25","date_gmt":"2024-05-15T11:32:25","guid":{"rendered":"https:\/\/mouldking.store\/shop\/mould-king-17059-mobile-tower-crane-with-motor-with-1731-pieces\/"},"modified":"2024-05-15T18:32:35","modified_gmt":"2024-05-15T11:32:35","slug":"mould-king-17059-mobile-tower-crane-with-motor-with-1731-pieces","status":"publish","type":"product","link":"https:\/\/mouldking.store\/hu\/shop\/mould-king-17059-mobile-tower-crane-with-motor-with-1731-pieces\/","title":{"rendered":"MOLD KING 17059 mobil toronydaru motorral 1731 darabbal"},"content":{"rendered":"<div>\u2705MouldKing 17059 Mobile Tower Crane With Motor<br \/>&nbsp;<br \/>\u2705A mobile tower crane is a type of crane designed to combine the benefits of tower cranes with the mobility of truck-mounted cranes. These cranes are mounted on a truck or a trailer, which allows them to be easily transported to different job sites. Once on site, the crane can be quickly set up and ready to operate.<\/p>\n<p>\ud83d\udeab FONTOS!&nbsp;<br \/>&nbsp;<br \/>Product Name: Mobile Tower Crane With Motor<br \/>&nbsp;<br \/>Kateg\u00f3ria: M\u0171szaki<br \/>&nbsp;<br \/>This Kit Contains: MouldKing 17059<br \/>&nbsp;<br \/>1731 pcs Good Quality Bricks&nbsp;<br \/>&nbsp;<br \/>Size:&nbsp; 21.6 \u00d7 55.7 \u00d7 64.8 cm<br \/>&nbsp;<br \/>K\u00e9zi utas\u00edt\u00e1sok&nbsp;<br \/>&nbsp;<br \/>\ud83d\udcccA f\u0151szerepl\u0151 term\u00e9szete&nbsp;<br \/>&nbsp;<br \/>Introducing our proud collection named \u201cMobile Tower Crane With Motor\u201d you should not miss.&nbsp;<br \/>&nbsp;<br \/>As they are mounted on trucks or trailers, mobile tower cranes can be easily driven to different locations, making them ideal for short-term projects or sites with limited access. Mobile tower cranes are designed for rapid assembly and disassembly, often requiring minimal time and effort compared to traditional tower cranes. These cranes can handle a variety of lifting tasks, from small to medium-sized loads, and are suitable for urban construction sites where space is limited. Despite their mobility, these cranes are designed to be stable during operation, often using outriggers to stabilize the crane while lifting loads.<\/div>","protected":false},"excerpt":{"rendered":"<p>M\u00e1rka: MOLD KING<br \/>\nNem: Uniszex<br \/>\nAge Range: &gt; 10 years old<br \/>\nModel Number: 17059<br \/>\nBesorol\u00e1s: \u00d6sszeszerel\u00e9s<br \/>\nM\u0171anyag blokk forma: \u00f6nz\u00e1r\u00f3 t\u00e9gla<br \/>\nAnyaga: M\u0171anyag<br \/>\nM\u0171anyag t\u00edpus: ABS<br \/>\nBricks Blocks: 1731 +<br \/>\nEredeti doboza nincs<\/p>","protected":false},"featured_media":58252,"comment_status":"open","ping_status":"closed","template":"","meta":{"_acf_changed":false},"product_cat":[1357,364],"product_tag":[5205,12472,11802,7815,13275,389,11080,2302,13276],"class_list":["product","first","instock","shipping-taxable","purchasable","product-type-simple"],"acf":[],"_links":{"self":[{"href":"https:\/\/mouldking.store\/hu\/wp-json\/wp\/v2\/product\/58253","targetHints":{"allow":["GET"]}}],"collection":[{"href":"https:\/\/mouldking.store\/hu\/wp-json\/wp\/v2\/product"}],"about":[{"href":"https:\/\/mouldking.store\/hu\/wp-json\/wp\/v2\/types\/product"}],"replies":[{"embeddable":true,"href":"https:\/\/mouldking.store\/hu\/wp-json\/wp\/v2\/comments?post=58253"}],"wp:featuredmedia":[{"embeddable":true,"href":"https:\/\/mouldking.store\/hu\/wp-json\/wp\/v2\/media\/58252"}],"wp:attachment":[{"href":"https:\/\/mouldking.store\/hu\/wp-json\/wp\/v2\/media?parent=58253"}],"wp:term":[{"taxonomy":"product_cat","embeddable":true,"href":"https:\/\/mouldking.store\/hu\/wp-json\/wp\/v2\/product_cat?post=58253"},{"taxonomy":"product_tag","embeddable":true,"href":"https:\/\/mouldking.store\/hu\/wp-json\/wp\/v2\/product_tag?post=58253"}],"curies":[{"name":"wp","href":"https:\/\/api.w.org\/{rel}","templated":true}]}}