{"id":58315,"date":"2024-05-16T18:20:59","date_gmt":"2024-05-16T11:20:59","guid":{"rendered":"https:\/\/mouldking.store\/shop\/rastar-93900-white-pagani-zonda-r-with-387-pieces\/"},"modified":"2024-05-16T18:21:02","modified_gmt":"2024-05-16T11:21:02","slug":"rastar-93900-white-pagani-zonda-r-with-387-pieces","status":"publish","type":"product","link":"https:\/\/mouldking.store\/hu\/shop\/rastar-93900-white-pagani-zonda-r-with-387-pieces\/","title":{"rendered":"Rastar 93900 White Pagani Zonda R with 387 Pieces"},"content":{"rendered":"<div>\u2705RASTAR 93900 White Pagani Zonda R<\/p>\n<p>\u2705The Pagani Zonda R is a high-performance track-oriented sports car manufactured by the Italian automotive company Pagani Automobili.&nbsp; The Zonda R is powered by a mid-mounted, naturally aspirated 6.0-liter V12 engine developed by Mercedes-AMG. This engine produces an impressive output of around 750 horsepower and 710 Nm of torque, enabling the Zonda R to accelerate from 0 to 100 km\/h (0 to 62 mph) in approximately 2.7 seconds and reach a top speed of over 350 km\/h (217 mph).<\/p>\n<p>\ud83d\udeab FONTOS!<\/p>\n<p>Product Name: White Pagani Zonda R<\/p>\n<p>Kateg\u00f3ria: M\u0171szaki<\/p>\n<p>This Kit Contains: RASTAR 93900&nbsp;<\/p>\n<p>387 pcs Good Quality Bricks<\/p>\n<p>Size: 17.2 \u00d7 7 \u00d7 4.5 cm<\/p>\n<p>K\u00e9zi utas\u00edt\u00e1sok<\/p>\n<p>\ud83d\udcccA f\u0151szerepl\u0151 term\u00e9szete<\/p>\n<p>Introducing our proud collection named \u201cWhite Pagani Zonda R\u201d you should not miss.<\/p>\n<p>The Zonda R features a lightweight carbon fiber monocoque chassis, contributing to its exceptional power-to-weight ratio and handling characteristics. The body panels are also crafted from carbon fiber, helping to reduce weight while providing strength and rigidity. The Zonda R is designed with aerodynamic efficiency in mind, featuring aggressive bodywork, large front and rear spoilers, and a prominent rear wing to generate downforce and optimize stability at high speeds. The aerodynamic enhancements contribute to improved cornering grip and overall performance on the track.<\/p><\/div>","protected":false},"excerpt":{"rendered":"<p>M\u00e1rka: Rastar<br \/>\nNem: Uniszex<br \/>\nKoroszt\u00e1ly: &gt; 6 \u00e9v<br \/>\nModel Number: 93900<br \/>\nBesorol\u00e1s: \u00d6sszeszerel\u00e9s<br \/>\nM\u0171anyag blokk forma: \u00f6nz\u00e1r\u00f3 t\u00e9gla<br \/>\nAnyaga: M\u0171anyag<br \/>\nM\u0171anyag t\u00edpus: ABS<br \/>\nBricks Blocks: 387 +<br \/>\nEredeti doboza nincs<\/p>","protected":false},"featured_media":58314,"comment_status":"open","ping_status":"closed","template":"","meta":{"_acf_changed":false},"product_cat":[1360,1357,364,1875],"product_tag":[457,11813,389,11080,6304],"class_list":["product","first","instock","shipping-taxable","purchasable","product-type-simple"],"acf":[],"_links":{"self":[{"href":"https:\/\/mouldking.store\/hu\/wp-json\/wp\/v2\/product\/58315","targetHints":{"allow":["GET"]}}],"collection":[{"href":"https:\/\/mouldking.store\/hu\/wp-json\/wp\/v2\/product"}],"about":[{"href":"https:\/\/mouldking.store\/hu\/wp-json\/wp\/v2\/types\/product"}],"replies":[{"embeddable":true,"href":"https:\/\/mouldking.store\/hu\/wp-json\/wp\/v2\/comments?post=58315"}],"wp:featuredmedia":[{"embeddable":true,"href":"https:\/\/mouldking.store\/hu\/wp-json\/wp\/v2\/media\/58314"}],"wp:attachment":[{"href":"https:\/\/mouldking.store\/hu\/wp-json\/wp\/v2\/media?parent=58315"}],"wp:term":[{"taxonomy":"product_cat","embeddable":true,"href":"https:\/\/mouldking.store\/hu\/wp-json\/wp\/v2\/product_cat?post=58315"},{"taxonomy":"product_tag","embeddable":true,"href":"https:\/\/mouldking.store\/hu\/wp-json\/wp\/v2\/product_tag?post=58315"}],"curies":[{"name":"wp","href":"https:\/\/api.w.org\/{rel}","templated":true}]}}