{"id":58330,"date":"2024-05-16T18:34:16","date_gmt":"2024-05-16T11:34:16","guid":{"rendered":"https:\/\/mouldking.store\/shop\/funwhole-f9025-tractors-with-367-pieces\/"},"modified":"2024-05-16T18:34:21","modified_gmt":"2024-05-16T11:34:21","slug":"funwhole-f9025-tractors-with-367-pieces","status":"publish","type":"product","link":"https:\/\/mouldking.store\/hu\/shop\/funwhole-f9025-tractors-with-367-pieces\/","title":{"rendered":"FunWhole F9025 Tractors with 367 Pieces"},"content":{"rendered":"<div>\u2705FUNWHOLE F9025 Tractors<\/p>\n<p>\u2705Tractors are versatile vehicles used primarily in agriculture for various tasks such as plowing, tilling, planting, and harvesting crops. They are also used in other industries like construction, landscaping, and transportation.<\/p>\n<p>\ud83d\udeab FONTOS!<\/p>\n<p>Product Name: Tractors<\/p>\n<p>Kateg\u00f3ria: M\u0171szaki<\/p>\n<p>This Kit Contains: FUNWHOLE F9025<\/p>\n<p>367 pcs Good Quality Bricks<\/p>\n<p>K\u00e9zi utas\u00edt\u00e1sok<\/p>\n<p>\ud83d\udcccA f\u0151szerepl\u0151 term\u00e9szete<\/p>\n<p>Introducing our proud collection named \u201cTractors\u201d you should not miss.<\/p>\n<p>Tractors are indispensable tools in modern agriculture and other industries, providing the power, versatility, and efficiency needed to perform a wide range of tasks essential for food production and land management.<\/p><\/div>","protected":false},"excerpt":{"rendered":"<p>M\u00e1rka: FunWhole<br \/>\nNem: Uniszex<br \/>\nKoroszt\u00e1ly: &gt; 6 \u00e9v<br \/>\nModel Number: F9025<br \/>\nBesorol\u00e1s: \u00d6sszeszerel\u00e9s<br \/>\nM\u0171anyag blokk forma: \u00f6nz\u00e1r\u00f3 t\u00e9gla<br \/>\nAnyaga: M\u0171anyag<br \/>\nM\u0171anyag t\u00edpus: ABS<br \/>\nBricks Blocks: 367 +<br \/>\nEredeti doboza nincs<\/p>","protected":false},"author":83,"featured_media":58329,"comment_status":"open","ping_status":"closed","template":"","meta":{"_acf_changed":false},"product_cat":[1357,364],"product_tag":[13285,389,11080,6245],"class_list":["product","first","instock","shipping-taxable","purchasable","product-type-simple"],"acf":[],"_links":{"self":[{"href":"https:\/\/mouldking.store\/hu\/wp-json\/wp\/v2\/product\/58330","targetHints":{"allow":["GET"]}}],"collection":[{"href":"https:\/\/mouldking.store\/hu\/wp-json\/wp\/v2\/product"}],"about":[{"href":"https:\/\/mouldking.store\/hu\/wp-json\/wp\/v2\/types\/product"}],"author":[{"embeddable":true,"href":"https:\/\/mouldking.store\/hu\/wp-json\/wp\/v2\/users\/83"}],"replies":[{"embeddable":true,"href":"https:\/\/mouldking.store\/hu\/wp-json\/wp\/v2\/comments?post=58330"}],"wp:featuredmedia":[{"embeddable":true,"href":"https:\/\/mouldking.store\/hu\/wp-json\/wp\/v2\/media\/58329"}],"wp:attachment":[{"href":"https:\/\/mouldking.store\/hu\/wp-json\/wp\/v2\/media?parent=58330"}],"wp:term":[{"taxonomy":"product_cat","embeddable":true,"href":"https:\/\/mouldking.store\/hu\/wp-json\/wp\/v2\/product_cat?post=58330"},{"taxonomy":"product_tag","embeddable":true,"href":"https:\/\/mouldking.store\/hu\/wp-json\/wp\/v2\/product_tag?post=58330"}],"curies":[{"name":"wp","href":"https:\/\/api.w.org\/{rel}","templated":true}]}}