{"id":58386,"date":"2024-05-17T17:03:34","date_gmt":"2024-05-17T10:03:34","guid":{"rendered":"https:\/\/mouldking.store\/shop\/custom-92199-ship-in-a-bottle-the-flying-dutchman-with-1100-pieces\/"},"modified":"2024-05-17T17:03:40","modified_gmt":"2024-05-17T10:03:40","slug":"custom-92199-ship-in-a-bottle-the-flying-dutchman-with-1100-pieces","status":"publish","type":"product","link":"https:\/\/mouldking.store\/hu\/shop\/custom-92199-ship-in-a-bottle-the-flying-dutchman-with-1100-pieces\/","title":{"rendered":"Custom 92199 Ship in a Bottle The Flying Dutchman with 1100 Pieces"},"content":{"rendered":"<div>\u2705Custom 92199 Ship in a Bottle The Flying Dutchman<\/p>\n<p>\u2705The Flying Dutchman is a legendary ghost ship said to be doomed to sail the oceans forever, never able to make port.&nbsp;<\/p>\n<p>\ud83d\udeab FONTOS!<\/p>\n<p>Product Name: Ship in a Bottle The Flying Dutchman<\/p>\n<p>Kateg\u00f3ria: Alkot\u00f3<\/p>\n<p>This Kit Contains: Custom 92199<\/p>\n<p>1100 pcs Good Quality Bricks<\/p>\n<p>K\u00e9zi utas\u00edt\u00e1sok<\/p>\n<p>\ud83d\udcccA f\u0151szerepl\u0151 term\u00e9szete<\/p>\n<p>Introducing our proud collection named \u201cShip in a Bottle The Flying Dutchman\u201d you should not miss.<\/p>\n<p>The legend of the Flying Dutchman has its roots in nautical folklore and has been passed down through generations of sailors and seafarers. The earliest written references to the Flying Dutchman appear in 18th-century maritime literature, with sightings reported by sailors who claimed to have encountered the phantom ship.<\/p><\/div>","protected":false},"excerpt":{"rendered":"<p>M\u00e1rka: Custom<br \/>\nNem: Uniszex<br \/>\nKoroszt\u00e1ly: &gt; 6 \u00e9v<br \/>\nModel Number: 92199<br \/>\nBesorol\u00e1s: \u00d6sszeszerel\u00e9s<br \/>\nM\u0171anyag blokk forma: \u00f6nz\u00e1r\u00f3 t\u00e9gla<br \/>\nAnyaga: M\u0171anyag<br \/>\nM\u0171anyag t\u00edpus: ABS<br \/>\nBricks Blocks: 1100 +<br \/>\nEredeti doboza nincs<br \/>\nA term\u00e9k nem tartalmaz MAtric\u00e1t \u00e9s NYOMTATOTT alkatr\u00e9szeket. Minden nyomtatott alkatr\u00e9szt szabv\u00e1nyos alkatr\u00e9szre cser\u00e9l\u00fcnk, \u00e9s nem j\u00e1r bev\u00e9tel harmadik f\u00e9lt\u0151l sz\u00e1rmaz\u00f3 tartoz\u00e9kokkal.<\/p>","protected":false},"featured_media":58385,"comment_status":"open","ping_status":"closed","template":"","meta":{"_acf_changed":false},"product_cat":[1365,371],"product_tag":[12378,11072,8452,12303,12302,12725,8704,304],"class_list":["product","first","instock","shipping-taxable","purchasable","product-type-simple"],"acf":[],"_links":{"self":[{"href":"https:\/\/mouldking.store\/hu\/wp-json\/wp\/v2\/product\/58386","targetHints":{"allow":["GET"]}}],"collection":[{"href":"https:\/\/mouldking.store\/hu\/wp-json\/wp\/v2\/product"}],"about":[{"href":"https:\/\/mouldking.store\/hu\/wp-json\/wp\/v2\/types\/product"}],"replies":[{"embeddable":true,"href":"https:\/\/mouldking.store\/hu\/wp-json\/wp\/v2\/comments?post=58386"}],"wp:featuredmedia":[{"embeddable":true,"href":"https:\/\/mouldking.store\/hu\/wp-json\/wp\/v2\/media\/58385"}],"wp:attachment":[{"href":"https:\/\/mouldking.store\/hu\/wp-json\/wp\/v2\/media?parent=58386"}],"wp:term":[{"taxonomy":"product_cat","embeddable":true,"href":"https:\/\/mouldking.store\/hu\/wp-json\/wp\/v2\/product_cat?post=58386"},{"taxonomy":"product_tag","embeddable":true,"href":"https:\/\/mouldking.store\/hu\/wp-json\/wp\/v2\/product_tag?post=58386"}],"curies":[{"name":"wp","href":"https:\/\/api.w.org\/{rel}","templated":true}]}}