{"id":58390,"date":"2024-05-17T17:07:23","date_gmt":"2024-05-17T10:07:23","guid":{"rendered":"https:\/\/mouldking.store\/shop\/custom-92208-skeleton-ship-with-1592-pieces\/"},"modified":"2024-05-17T17:07:37","modified_gmt":"2024-05-17T10:07:37","slug":"custom-92208-skeleton-ship-with-1592-pieces","status":"publish","type":"product","link":"https:\/\/mouldking.store\/hu\/shop\/custom-92208-skeleton-ship-with-1592-pieces\/","title":{"rendered":"Custom 92208 Skeleton Ship with 1592 Pieces"},"content":{"rendered":"<div>\u2705Custom 92208 Skeleton Ship<\/p>\n<p>\u2705One famous example of this concept is the &#8220;Flying Dutchman&#8221; from various tales and adaptations, including the &#8220;Pirates of the Caribbean&#8221; film series. In those movies, the crew of the Flying Dutchman are cursed to live as part of the ship, appearing as skeletal or aquatic creatures.<\/p>\n<p>\ud83d\udeab FONTOS!<\/p>\n<p>Product Name: Skeleton Ship<\/p>\n<p>Kateg\u00f3ria: M\u0171szaki<\/p>\n<p>This Kit Contains: Custom 92208<\/p>\n<p>1592 pcs Good Quality Bricks<\/p>\n<p>Size:&nbsp; 66 \u00d7 23 \u00d7 56 cm<\/p>\n<p>K\u00e9zi utas\u00edt\u00e1sok<\/p>\n<p>\ud83d\udcccA f\u0151szerepl\u0151 term\u00e9szete<\/p>\n<p>Introducing our proud collection named \u201cSkeleton Ship\u201d you should not miss.<\/p>\n<p>These skeletal pirates often add an eerie and fantastical element to pirate stories, blending elements of horror and adventure. They may be depicted as relentless and fearsome adversaries, continuing to pursue their goals even in death.<\/p><\/div>","protected":false},"excerpt":{"rendered":"<p>M\u00e1rka: Custom<br \/>\nNem: Uniszex<br \/>\nKoroszt\u00e1ly: &gt; 12 \u00e9ves<br \/>\nModel Number: 92208<br \/>\nBesorol\u00e1s: \u00d6sszeszerel\u00e9s<br \/>\nM\u0171anyag blokk forma: \u00f6nz\u00e1r\u00f3 t\u00e9gla<br \/>\nAnyaga: M\u0171anyag<br \/>\nM\u0171anyag t\u00edpus: ABS<br \/>\nBricks Blocks: 1592 +<br \/>\nEredeti doboza nincs<br \/>\nA term\u00e9k nem tartalmaz MAtric\u00e1t \u00e9s NYOMTATOTT alkatr\u00e9szeket. Minden nyomtatott alkatr\u00e9szt szabv\u00e1nyos alkatr\u00e9szre cser\u00e9l\u00fcnk, \u00e9s nem j\u00e1r bev\u00e9tel harmadik f\u00e9lt\u0151l sz\u00e1rmaz\u00f3 tartoz\u00e9kokkal.<\/p>","protected":false},"featured_media":58389,"comment_status":"open","ping_status":"closed","template":"","meta":{"_acf_changed":false},"product_cat":[1357,364],"product_tag":[8704,304,9924,389,11080],"class_list":["product","first","instock","shipping-taxable","purchasable","product-type-simple"],"acf":[],"_links":{"self":[{"href":"https:\/\/mouldking.store\/hu\/wp-json\/wp\/v2\/product\/58390","targetHints":{"allow":["GET"]}}],"collection":[{"href":"https:\/\/mouldking.store\/hu\/wp-json\/wp\/v2\/product"}],"about":[{"href":"https:\/\/mouldking.store\/hu\/wp-json\/wp\/v2\/types\/product"}],"replies":[{"embeddable":true,"href":"https:\/\/mouldking.store\/hu\/wp-json\/wp\/v2\/comments?post=58390"}],"wp:featuredmedia":[{"embeddable":true,"href":"https:\/\/mouldking.store\/hu\/wp-json\/wp\/v2\/media\/58389"}],"wp:attachment":[{"href":"https:\/\/mouldking.store\/hu\/wp-json\/wp\/v2\/media?parent=58390"}],"wp:term":[{"taxonomy":"product_cat","embeddable":true,"href":"https:\/\/mouldking.store\/hu\/wp-json\/wp\/v2\/product_cat?post=58390"},{"taxonomy":"product_tag","embeddable":true,"href":"https:\/\/mouldking.store\/hu\/wp-json\/wp\/v2\/product_tag?post=58390"}],"curies":[{"name":"wp","href":"https:\/\/api.w.org\/{rel}","templated":true}]}}