{"id":58450,"date":"2024-05-22T14:23:29","date_gmt":"2024-05-22T07:23:29","guid":{"rendered":"https:\/\/mouldking.store\/shop\/winner-jemlou-7106-splicing-rc-dinosaur-with-1092-pieces\/"},"modified":"2024-05-22T14:23:32","modified_gmt":"2024-05-22T07:23:32","slug":"winner-jemlou-7106-splicing-rc-dinosaur-with-1092-pieces","status":"publish","type":"product","link":"https:\/\/mouldking.store\/hu\/shop\/winner-jemlou-7106-splicing-rc-dinosaur-with-1092-pieces\/","title":{"rendered":"Winner \/ JEMLOU 7106 Splicing RC Dinosaur with 1092 Pieces"},"content":{"rendered":"<div>\u2705Winner 7106 Splicing RC Dinosaur<\/p>\n<p>\u2705The Splicing RC Dinosaur toy comes in various models, each representing a different species of dinosaur, from the towering Tyrannosaurus Rex to the swift Velociraptor. Each model features realistic details, vibrant colors, and lifelike movements, thanks to advanced animatronics and RC technology.<\/p>\n<p>\ud83d\udeab FONTOS!<\/p>\n<p>Product Name: Splicing RC Dinosaur<\/p>\n<p>Kateg\u00f3ria: Alkot\u00f3<\/p>\n<p>This Kit Contains: Winner 7106<\/p>\n<p>1092 pcs Good Quality Bricks<\/p>\n<p>K\u00e9zi utas\u00edt\u00e1sok<\/p>\n<p>\ud83d\udcccA f\u0151szerepl\u0151 term\u00e9szete<\/p>\n<p>Introducing our proud collection named \u201cSplicing RC Dinosaur\u201d you should not miss.<\/p>\n<p>Operating the Splicing RC Dinosaur is a thrilling experience for kids and dinosaur enthusiasts alike. With a simple remote control, users can maneuver the dinosaur toy forwards, backwards, and side to side. The toy&#8217;s articulated limbs and tail allow for dynamic poses and realistic movements, mimicking the behavior of a real dinosaur.<\/p><\/div>","protected":false},"excerpt":{"rendered":"<p>Brand: Winner \/ JEMLOU<br \/>\nNem: Uniszex<br \/>\nKoroszt\u00e1ly: &gt; 6 \u00e9v<br \/>\nModel Number: 7106<br \/>\nBesorol\u00e1s: \u00d6sszeszerel\u00e9s<br \/>\nM\u0171anyag blokk forma: \u00f6nz\u00e1r\u00f3 t\u00e9gla<br \/>\nAnyaga: M\u0171anyag<br \/>\nM\u0171anyag t\u00edpus: ABS<br \/>\nBricks Blocks: 1092 +<br \/>\nEredeti doboza nincs<\/p>","protected":false},"featured_media":58449,"comment_status":"open","ping_status":"closed","template":"","meta":{"_acf_changed":false},"product_cat":[1365,371],"product_tag":[11562,11072,8452,2541,482,13298,11079],"class_list":["product","first","instock","shipping-taxable","purchasable","product-type-simple"],"acf":[],"_links":{"self":[{"href":"https:\/\/mouldking.store\/hu\/wp-json\/wp\/v2\/product\/58450","targetHints":{"allow":["GET"]}}],"collection":[{"href":"https:\/\/mouldking.store\/hu\/wp-json\/wp\/v2\/product"}],"about":[{"href":"https:\/\/mouldking.store\/hu\/wp-json\/wp\/v2\/types\/product"}],"replies":[{"embeddable":true,"href":"https:\/\/mouldking.store\/hu\/wp-json\/wp\/v2\/comments?post=58450"}],"wp:featuredmedia":[{"embeddable":true,"href":"https:\/\/mouldking.store\/hu\/wp-json\/wp\/v2\/media\/58449"}],"wp:attachment":[{"href":"https:\/\/mouldking.store\/hu\/wp-json\/wp\/v2\/media?parent=58450"}],"wp:term":[{"taxonomy":"product_cat","embeddable":true,"href":"https:\/\/mouldking.store\/hu\/wp-json\/wp\/v2\/product_cat?post=58450"},{"taxonomy":"product_tag","embeddable":true,"href":"https:\/\/mouldking.store\/hu\/wp-json\/wp\/v2\/product_tag?post=58450"}],"curies":[{"name":"wp","href":"https:\/\/api.w.org\/{rel}","templated":true}]}}