{"id":58461,"date":"2024-05-22T14:26:41","date_gmt":"2024-05-22T07:26:41","guid":{"rendered":"https:\/\/mouldking.store\/shop\/area-x-ab0042-osiriss-sky-dragon-with-500-pieces\/"},"modified":"2024-05-22T14:26:50","modified_gmt":"2024-05-22T07:26:50","slug":"area-x-ab0042-osiriss-sky-dragon-with-500-pieces","status":"publish","type":"product","link":"https:\/\/mouldking.store\/hu\/shop\/area-x-ab0042-osiriss-sky-dragon-with-500-pieces\/","title":{"rendered":"AREA-X AB0042 OSIRIS \u00c9GI S\u00c1RK\u00c1NYA 500 darabbal"},"content":{"rendered":"<div>\u2705AREA-X AB0042 OSIRIS&#8217;S SKY DRAGON<\/p>\n<p>\u2705Slifer the Sky Dragon is one of the three Egyptian God Cards, known for its devastating effects based on the number of cards in the controlling player&#8217;s hand.<\/p>\n<p>\ud83d\udeab FONTOS!<\/p>\n<p>Product Name: OSIRIS&#8217;S SKY DRAGON<\/p>\n<p>Kateg\u00f3ria: Film<\/p>\n<p>This Kit Contains: AREA-X AB0042<\/p>\n<p>500 db j\u00f3 min\u0151s\u00e9g\u0171 t\u00e9gla<\/p>\n<p>Size: 30.9 \u00d7 23.5 \u00d7 23.6 cm<\/p>\n<p>K\u00e9zi utas\u00edt\u00e1sok<\/p>\n<p>\ud83d\udcccA f\u0151szerepl\u0151 term\u00e9szete<\/p>\n<p>Introducing our proud collection named \u201cOSIRIS&#8217;S SKY DRAGON\u201d you should not miss.<\/p>\n<p>Osiris the Heavenly Dragon, on the other hand, is a character from the Yu-Gi-Oh! GX anime, a powerful dragon spirit that possessed the character Atticus Rhodes.&nbsp;<\/p><\/div>","protected":false},"excerpt":{"rendered":"<p>M\u00e1rka: AREA-X<br \/>\nNem: Uniszex<br \/>\nKoroszt\u00e1ly: &gt; 6 \u00e9v<br \/>\nModel Number: AB0042<br \/>\nBesorol\u00e1s: \u00d6sszeszerel\u00e9s<br \/>\nM\u0171anyag blokk forma: \u00f6nz\u00e1r\u00f3 t\u00e9gla<br \/>\nAnyaga: M\u0171anyag<br \/>\nM\u0171anyag t\u00edpus: ABS<br \/>\nT\u00e9gla T\u00e9gla: 500+<br \/>\nEredeti doboza nincs<\/p>","protected":false},"featured_media":58460,"comment_status":"open","ping_status":"closed","template":"","meta":{"_acf_changed":false},"product_cat":[1365,371,581,1408],"product_tag":[11072,8452,8073,1771,4705,11301,10403,434,790,13299,3243,11586],"class_list":["product","first","instock","shipping-taxable","purchasable","product-type-simple"],"acf":[],"_links":{"self":[{"href":"https:\/\/mouldking.store\/hu\/wp-json\/wp\/v2\/product\/58461","targetHints":{"allow":["GET"]}}],"collection":[{"href":"https:\/\/mouldking.store\/hu\/wp-json\/wp\/v2\/product"}],"about":[{"href":"https:\/\/mouldking.store\/hu\/wp-json\/wp\/v2\/types\/product"}],"replies":[{"embeddable":true,"href":"https:\/\/mouldking.store\/hu\/wp-json\/wp\/v2\/comments?post=58461"}],"wp:featuredmedia":[{"embeddable":true,"href":"https:\/\/mouldking.store\/hu\/wp-json\/wp\/v2\/media\/58460"}],"wp:attachment":[{"href":"https:\/\/mouldking.store\/hu\/wp-json\/wp\/v2\/media?parent=58461"}],"wp:term":[{"taxonomy":"product_cat","embeddable":true,"href":"https:\/\/mouldking.store\/hu\/wp-json\/wp\/v2\/product_cat?post=58461"},{"taxonomy":"product_tag","embeddable":true,"href":"https:\/\/mouldking.store\/hu\/wp-json\/wp\/v2\/product_tag?post=58461"}],"curies":[{"name":"wp","href":"https:\/\/api.w.org\/{rel}","templated":true}]}}